{"id":9559,"date":"2023-12-20T08:58:00","date_gmt":"2023-12-20T07:58:00","guid":{"rendered":"https:\/\/florsivioles.marketingempresas.es\/?post_type=product&#038;p=9559"},"modified":"2024-01-24T11:45:02","modified_gmt":"2024-01-24T10:45:02","slug":"pepino-frances-kilo","status":"publish","type":"product","link":"https:\/\/florsivioles.marketingempresas.es\/en\/product\/pepino-frances-kilo\/","title":{"rendered":"French Cucumber"},"content":{"rendered":"<p>En funci\u00f3n de la variedad, el <strong>French Cucumber<\/strong> puede ser espinoso o liso. Se caracteriza por su color verde oscuro y un sabor m\u00e1s suave que el pepino de Tipo Espa\u00f1ol. Apropiado para su consumo en ensaladas o troceado con aceite y sal. En la dieta Espa\u00f1ola se consume para preparar el t\u00edpico Gazpacho Andaluz.<\/p>","protected":false},"excerpt":{"rendered":"<p>Precio por kg.<\/p>","protected":false},"featured_media":9560,"template":"","meta":{"_uag_custom_page_level_css":""},"product_brand":[],"product_cat":[26,16,1548],"product_tag":[320,130,318,319,317,65],"taxonomy\/receta":[],"class_list":{"0":"post-9559","1":"product","2":"type-product","3":"status-publish","4":"has-post-thumbnail","6":"product_cat-verduras","7":"product_cat-convencional","8":"product_cat-frutas-y-verduras","9":"product_tag-entrega-a-domicilio-en-24-horas","10":"product_tag-free-delivery-in-ibiza","11":"product_tag-french-cucumber","12":"product_tag-local-vegetables-in-ibiza","13":"product_tag-pepino-frances","14":"product_tag-producto-local","15":"product_shipping_class-envio-gratuito","17":"first","18":"instock","19":"sale","20":"taxable","21":"shipping-taxable","22":"purchasable","23":"product-type-simple"},"uagb_featured_image_src":{"full":["https:\/\/florsivioles.marketingempresas.es\/wp-content\/uploads\/2023\/12\/pepino-frances-kilogramo.png",768,768,false],"thumbnail":["https:\/\/florsivioles.marketingempresas.es\/wp-content\/uploads\/2023\/12\/pepino-frances-kilogramo-150x150.png",150,150,true],"medium":["https:\/\/florsivioles.marketingempresas.es\/wp-content\/uploads\/2023\/12\/pepino-frances-kilogramo-364x364.png",364,364,true],"medium_large":["https:\/\/florsivioles.marketingempresas.es\/wp-content\/uploads\/2023\/12\/pepino-frances-kilogramo.png",768,768,false],"large":["https:\/\/florsivioles.marketingempresas.es\/wp-content\/uploads\/2023\/12\/pepino-frances-kilogramo.png",768,768,false],"1536x1536":["https:\/\/florsivioles.marketingempresas.es\/wp-content\/uploads\/2023\/12\/pepino-frances-kilogramo.png",768,768,false],"2048x2048":["https:\/\/florsivioles.marketingempresas.es\/wp-content\/uploads\/2023\/12\/pepino-frances-kilogramo.png",768,768,false],"trp-custom-language-flag":["https:\/\/florsivioles.marketingempresas.es\/wp-content\/uploads\/2023\/12\/pepino-frances-kilogramo-12x12.png",12,12,true],"woocommerce_thumbnail":["https:\/\/florsivioles.marketingempresas.es\/wp-content\/uploads\/2023\/12\/pepino-frances-kilogramo-260x260.png",260,260,true],"woocommerce_single":["https:\/\/florsivioles.marketingempresas.es\/wp-content\/uploads\/2023\/12\/pepino-frances-kilogramo-360x360.png",360,360,true],"woocommerce_gallery_thumbnail":["https:\/\/florsivioles.marketingempresas.es\/wp-content\/uploads\/2023\/12\/pepino-frances-kilogramo-100x100.png",100,100,true]},"uagb_author_info":{"display_name":"Christian Roig Brown","author_link":"https:\/\/florsivioles.marketingempresas.es\/en\/author\/"},"uagb_comment_info":0,"uagb_excerpt":"Precio por kg.","_links":{"self":[{"href":"https:\/\/florsivioles.marketingempresas.es\/en\/wp-json\/wp\/v2\/product\/9559","targetHints":{"allow":["GET"]}}],"collection":[{"href":"https:\/\/florsivioles.marketingempresas.es\/en\/wp-json\/wp\/v2\/product"}],"about":[{"href":"https:\/\/florsivioles.marketingempresas.es\/en\/wp-json\/wp\/v2\/types\/product"}],"wp:featuredmedia":[{"embeddable":true,"href":"https:\/\/florsivioles.marketingempresas.es\/en\/wp-json\/wp\/v2\/media\/9560"}],"wp:attachment":[{"href":"https:\/\/florsivioles.marketingempresas.es\/en\/wp-json\/wp\/v2\/media?parent=9559"}],"wp:term":[{"taxonomy":"product_brand","embeddable":true,"href":"https:\/\/florsivioles.marketingempresas.es\/en\/wp-json\/wp\/v2\/product_brand?post=9559"},{"taxonomy":"product_cat","embeddable":true,"href":"https:\/\/florsivioles.marketingempresas.es\/en\/wp-json\/wp\/v2\/product_cat?post=9559"},{"taxonomy":"product_tag","embeddable":true,"href":"https:\/\/florsivioles.marketingempresas.es\/en\/wp-json\/wp\/v2\/product_tag?post=9559"},{"taxonomy":"receta","embeddable":true,"href":"https:\/\/florsivioles.marketingempresas.es\/en\/wp-json\/wp\/v2\/taxonomy\/receta?post=9559"}],"curies":[{"name":"wp","href":"https:\/\/api.w.org\/{rel}","templated":true}]}}