{"id":9421,"date":"2023-12-08T08:00:36","date_gmt":"2023-12-08T07:00:36","guid":{"rendered":"https:\/\/florsivioles.marketingempresas.es\/?post_type=product&#038;p=9421"},"modified":"2023-12-10T17:07:49","modified_gmt":"2023-12-10T16:07:49","slug":"col-lombarda-braseada","status":"publish","type":"product","link":"https:\/\/florsivioles.marketingempresas.es\/en\/product\/col-lombarda-braseada\/","title":{"rendered":"Col Lombarda Braseada"},"content":{"rendered":"<p>La Col Lombarda es la estrella de esta receta muy \u00fatil como acompa\u00f1ante. Muy simple y s\u00faper f\u00e1cil de hacer!<\/p>","protected":false},"excerpt":{"rendered":"<p>Disfruta la Col Lombarda Braseada: sana, colorida, perfecta para dietas equilibradas. Una receta f\u00e1cil con lombarda, cebollas, ar\u00e1ndanos, y manzanas.<\/p>","protected":false},"featured_media":9420,"template":"","meta":{"_uag_custom_page_level_css":""},"product_brand":[],"product_cat":[1177,1259],"product_tag":[89,314,1564,1567,1565,1566],"taxonomy\/receta":[1563],"class_list":{"0":"post-9421","1":"product","2":"type-product","3":"status-publish","4":"has-post-thumbnail","6":"product_cat-recetas","7":"product_cat-acompanantes","8":"product_tag-col-lombarda","9":"product_tag-col-lombarda-bio","10":"product_tag-receta-col-lombarda","11":"product_tag-recetas-acompanantes","12":"product_tag-recetas-navidenas","13":"product_tag-recetas-veganas","14":"receta-col-lombarda-braseada","16":"first","17":"instock","18":"taxable","19":"shipping-taxable","20":"purchasable","21":"product-type-woosb"},"uagb_featured_image_src":{"full":["https:\/\/florsivioles.marketingempresas.es\/wp-content\/uploads\/2023\/12\/Col-Lombarda-Braseada.webp",1915,1080,false],"thumbnail":["https:\/\/florsivioles.marketingempresas.es\/wp-content\/uploads\/2023\/12\/Col-Lombarda-Braseada-150x85.webp",150,85,true],"medium":["https:\/\/florsivioles.marketingempresas.es\/wp-content\/uploads\/2023\/12\/Col-Lombarda-Braseada-364x205.webp",364,205,true],"medium_large":["https:\/\/florsivioles.marketingempresas.es\/wp-content\/uploads\/2023\/12\/Col-Lombarda-Braseada-768x433.webp",768,433,true],"large":["https:\/\/florsivioles.marketingempresas.es\/wp-content\/uploads\/2023\/12\/Col-Lombarda-Braseada-1024x578.webp",1024,578,true],"1536x1536":["https:\/\/florsivioles.marketingempresas.es\/wp-content\/uploads\/2023\/12\/Col-Lombarda-Braseada-1536x866.webp",1536,866,true],"2048x2048":["https:\/\/florsivioles.marketingempresas.es\/wp-content\/uploads\/2023\/12\/Col-Lombarda-Braseada.webp",1915,1080,false],"trp-custom-language-flag":["https:\/\/florsivioles.marketingempresas.es\/wp-content\/uploads\/2023\/12\/Col-Lombarda-Braseada-18x10.webp",18,10,true],"woocommerce_thumbnail":["https:\/\/florsivioles.marketingempresas.es\/wp-content\/uploads\/2023\/12\/Col-Lombarda-Braseada-260x260.webp",260,260,true],"woocommerce_single":["https:\/\/florsivioles.marketingempresas.es\/wp-content\/uploads\/2023\/12\/Col-Lombarda-Braseada-360x203.webp",360,203,true],"woocommerce_gallery_thumbnail":["https:\/\/florsivioles.marketingempresas.es\/wp-content\/uploads\/2023\/12\/Col-Lombarda-Braseada-100x100.webp",100,100,true]},"uagb_author_info":{"display_name":"Christian Roig Brown","author_link":"https:\/\/florsivioles.marketingempresas.es\/en\/author\/"},"uagb_comment_info":0,"uagb_excerpt":"Disfruta la Col Lombarda Braseada: sana, colorida, perfecta para dietas equilibradas. Una receta f\u00e1cil con lombarda, cebollas, ar\u00e1ndanos, y manzanas.","_links":{"self":[{"href":"https:\/\/florsivioles.marketingempresas.es\/en\/wp-json\/wp\/v2\/product\/9421","targetHints":{"allow":["GET"]}}],"collection":[{"href":"https:\/\/florsivioles.marketingempresas.es\/en\/wp-json\/wp\/v2\/product"}],"about":[{"href":"https:\/\/florsivioles.marketingempresas.es\/en\/wp-json\/wp\/v2\/types\/product"}],"wp:featuredmedia":[{"embeddable":true,"href":"https:\/\/florsivioles.marketingempresas.es\/en\/wp-json\/wp\/v2\/media\/9420"}],"wp:attachment":[{"href":"https:\/\/florsivioles.marketingempresas.es\/en\/wp-json\/wp\/v2\/media?parent=9421"}],"wp:term":[{"taxonomy":"product_brand","embeddable":true,"href":"https:\/\/florsivioles.marketingempresas.es\/en\/wp-json\/wp\/v2\/product_brand?post=9421"},{"taxonomy":"product_cat","embeddable":true,"href":"https:\/\/florsivioles.marketingempresas.es\/en\/wp-json\/wp\/v2\/product_cat?post=9421"},{"taxonomy":"product_tag","embeddable":true,"href":"https:\/\/florsivioles.marketingempresas.es\/en\/wp-json\/wp\/v2\/product_tag?post=9421"},{"taxonomy":"receta","embeddable":true,"href":"https:\/\/florsivioles.marketingempresas.es\/en\/wp-json\/wp\/v2\/taxonomy\/receta?post=9421"}],"curies":[{"name":"wp","href":"https:\/\/api.w.org\/{rel}","templated":true}]}}