{"id":7742,"date":"2022-03-09T07:14:13","date_gmt":"2022-03-09T06:14:13","guid":{"rendered":"https:\/\/florsivioles.marketingempresas.es\/?post_type=product&#038;p=7742"},"modified":"2024-01-16T18:43:17","modified_gmt":"2024-01-16T17:43:17","slug":"pimiento-de-padron","status":"publish","type":"product","link":"https:\/\/florsivioles.marketingempresas.es\/en\/product\/pimiento-de-padron\/","title":{"rendered":"Padron Pepper"},"content":{"rendered":"<p>El denominado <strong>Padron Pepper<\/strong>\u00a0es una variedad de\u00a0pimiento originaria del cultivo agr\u00edcola del convento de San Francisco de\u00a0<b>Herb\u00f3n<\/b>\u00a0(parroquia de\u00a0Padr\u00f3n) en la\u00a0provincia de La Coru\u00f1a, en\u00a0Galicia, donde habr\u00edan adaptado su cultivo frailes franciscanos regresados de\u00a0Am\u00e9rica en el siglo XVI. Como ya lo sabes&#8230; &#8220;Coma os pementos de Padr\u00f3n: uns pican e outros non&#8221; (Como los pimientos de Padr\u00f3n: unos pican y otros no).<\/p>","protected":false},"excerpt":{"rendered":"<p>500gr package<\/p>","protected":false},"featured_media":7743,"template":"","meta":{"_uag_custom_page_level_css":""},"product_brand":[],"product_cat":[26,16,1548],"product_tag":[199,190,127,116,226,65,123,185],"taxonomy\/receta":[],"class_list":{"0":"post-7742","1":"product","2":"type-product","3":"status-publish","4":"has-post-thumbnail","6":"product_cat-verduras","7":"product_cat-convencional","8":"product_cat-frutas-y-verduras","9":"product_tag-delivery-ibiza-food","10":"product_tag-entrega-a-domicilio-en-ibiza","11":"product_tag-fruits-and-vegetables-in-ibiza","12":"product_tag-frutas-y-verduras-en-ibiza","13":"product_tag-online-vegetables","14":"product_tag-producto-local","15":"product_tag-tienda-online-en-ibiza","16":"product_tag-verduras-a-domicilio-en-ibiza","17":"product_shipping_class-envio-gratuito","19":"first","20":"instock","21":"taxable","22":"shipping-taxable","23":"purchasable","24":"product-type-simple"},"uagb_featured_image_src":{"full":["https:\/\/florsivioles.marketingempresas.es\/wp-content\/uploads\/2023\/04\/pimiento-padron.jpg",509,349,false],"thumbnail":["https:\/\/florsivioles.marketingempresas.es\/wp-content\/uploads\/2023\/04\/pimiento-padron-150x103.jpg",150,103,true],"medium":["https:\/\/florsivioles.marketingempresas.es\/wp-content\/uploads\/2023\/04\/pimiento-padron-364x250.jpg",364,250,true],"medium_large":["https:\/\/florsivioles.marketingempresas.es\/wp-content\/uploads\/2023\/04\/pimiento-padron.jpg",509,349,false],"large":["https:\/\/florsivioles.marketingempresas.es\/wp-content\/uploads\/2023\/04\/pimiento-padron.jpg",509,349,false],"1536x1536":["https:\/\/florsivioles.marketingempresas.es\/wp-content\/uploads\/2023\/04\/pimiento-padron.jpg",509,349,false],"2048x2048":["https:\/\/florsivioles.marketingempresas.es\/wp-content\/uploads\/2023\/04\/pimiento-padron.jpg",509,349,false],"trp-custom-language-flag":["https:\/\/florsivioles.marketingempresas.es\/wp-content\/uploads\/2023\/04\/pimiento-padron-18x12.jpg",18,12,true],"woocommerce_thumbnail":["https:\/\/florsivioles.marketingempresas.es\/wp-content\/uploads\/2023\/04\/pimiento-padron-260x260.jpg",260,260,true],"woocommerce_single":["https:\/\/florsivioles.marketingempresas.es\/wp-content\/uploads\/2023\/04\/pimiento-padron-360x247.jpg",360,247,true],"woocommerce_gallery_thumbnail":["https:\/\/florsivioles.marketingempresas.es\/wp-content\/uploads\/2023\/04\/pimiento-padron-100x100.jpg",100,100,true]},"uagb_author_info":{"display_name":"Christian Roig Brown","author_link":"https:\/\/florsivioles.marketingempresas.es\/en\/author\/"},"uagb_comment_info":0,"uagb_excerpt":"Paquete de 500 gramos.","_links":{"self":[{"href":"https:\/\/florsivioles.marketingempresas.es\/en\/wp-json\/wp\/v2\/product\/7742","targetHints":{"allow":["GET"]}}],"collection":[{"href":"https:\/\/florsivioles.marketingempresas.es\/en\/wp-json\/wp\/v2\/product"}],"about":[{"href":"https:\/\/florsivioles.marketingempresas.es\/en\/wp-json\/wp\/v2\/types\/product"}],"wp:featuredmedia":[{"embeddable":true,"href":"https:\/\/florsivioles.marketingempresas.es\/en\/wp-json\/wp\/v2\/media\/7743"}],"wp:attachment":[{"href":"https:\/\/florsivioles.marketingempresas.es\/en\/wp-json\/wp\/v2\/media?parent=7742"}],"wp:term":[{"taxonomy":"product_brand","embeddable":true,"href":"https:\/\/florsivioles.marketingempresas.es\/en\/wp-json\/wp\/v2\/product_brand?post=7742"},{"taxonomy":"product_cat","embeddable":true,"href":"https:\/\/florsivioles.marketingempresas.es\/en\/wp-json\/wp\/v2\/product_cat?post=7742"},{"taxonomy":"product_tag","embeddable":true,"href":"https:\/\/florsivioles.marketingempresas.es\/en\/wp-json\/wp\/v2\/product_tag?post=7742"},{"taxonomy":"receta","embeddable":true,"href":"https:\/\/florsivioles.marketingempresas.es\/en\/wp-json\/wp\/v2\/taxonomy\/receta?post=7742"}],"curies":[{"name":"wp","href":"https:\/\/api.w.org\/{rel}","templated":true}]}}