{"id":7721,"date":"2023-04-22T16:58:46","date_gmt":"2023-04-22T14:58:46","guid":{"rendered":"https:\/\/florsivioles.marketingempresas.es\/?post_type=product&#038;p=7721"},"modified":"2023-12-08T08:17:18","modified_gmt":"2023-12-08T07:17:18","slug":"risotto-con-setas","status":"publish","type":"product","link":"https:\/\/florsivioles.marketingempresas.es\/en\/product\/risotto-con-setas\/","title":{"rendered":"Risotto with Mushrooms"},"content":{"rendered":"<p>Comencemos a preparar este risotto con setas que es una delicia con alto poder saciante y bajo poder cal\u00f3rico!<\/p>","protected":false},"excerpt":{"rendered":"<p>This mushroom risotto is a recipe with a high satiating power and low calorie content. It is very easy to make and also provides antioxidants, vitamins and minerals essential for our health!<\/p>","protected":false},"featured_media":7720,"template":"","meta":{"_uag_custom_page_level_css":""},"product_brand":[],"product_cat":[1177,1259],"product_tag":[1422,1423,1424,836,1421],"taxonomy\/receta":[1420],"class_list":{"0":"post-7721","1":"product","2":"type-product","3":"status-publish","4":"has-post-thumbnail","6":"product_cat-recetas","7":"product_cat-acompanantes","8":"product_tag-recetas-con-arroz","9":"product_tag-recetas-con-champinones","10":"product_tag-recetas-con-setas","11":"product_tag-risotto","12":"product_tag-risotto-de-setas","13":"receta-risotto-con-setas","15":"first","16":"instock","17":"taxable","18":"shipping-taxable","19":"purchasable","20":"product-type-woosb"},"uagb_featured_image_src":{"full":["https:\/\/florsivioles.marketingempresas.es\/wp-content\/uploads\/2023\/04\/Risotto-con-Setas.jpg",960,640,false],"thumbnail":["https:\/\/florsivioles.marketingempresas.es\/wp-content\/uploads\/2023\/04\/Risotto-con-Setas-150x100.jpg",150,100,true],"medium":["https:\/\/florsivioles.marketingempresas.es\/wp-content\/uploads\/2023\/04\/Risotto-con-Setas-364x243.jpg",364,243,true],"medium_large":["https:\/\/florsivioles.marketingempresas.es\/wp-content\/uploads\/2023\/04\/Risotto-con-Setas-768x512.jpg",768,512,true],"large":["https:\/\/florsivioles.marketingempresas.es\/wp-content\/uploads\/2023\/04\/Risotto-con-Setas.jpg",960,640,false],"1536x1536":["https:\/\/florsivioles.marketingempresas.es\/wp-content\/uploads\/2023\/04\/Risotto-con-Setas.jpg",960,640,false],"2048x2048":["https:\/\/florsivioles.marketingempresas.es\/wp-content\/uploads\/2023\/04\/Risotto-con-Setas.jpg",960,640,false],"trp-custom-language-flag":["https:\/\/florsivioles.marketingempresas.es\/wp-content\/uploads\/2023\/04\/Risotto-con-Setas-18x12.jpg",18,12,true],"woocommerce_thumbnail":["https:\/\/florsivioles.marketingempresas.es\/wp-content\/uploads\/2023\/04\/Risotto-con-Setas-260x260.jpg",260,260,true],"woocommerce_single":["https:\/\/florsivioles.marketingempresas.es\/wp-content\/uploads\/2023\/04\/Risotto-con-Setas-360x240.jpg",360,240,true],"woocommerce_gallery_thumbnail":["https:\/\/florsivioles.marketingempresas.es\/wp-content\/uploads\/2023\/04\/Risotto-con-Setas-100x100.jpg",100,100,true]},"uagb_author_info":{"display_name":"Christian Roig Brown","author_link":"https:\/\/florsivioles.marketingempresas.es\/en\/author\/"},"uagb_comment_info":0,"uagb_excerpt":"Este risotto con setas es una receta con un alto poder saciante y bajo poder cal\u00f3rico. Es muy f\u00e1cil de hacer y adem\u00e1s aporta antioxidantes, vitaminas y minerales imprescindibles en nuestra salud!","_links":{"self":[{"href":"https:\/\/florsivioles.marketingempresas.es\/en\/wp-json\/wp\/v2\/product\/7721","targetHints":{"allow":["GET"]}}],"collection":[{"href":"https:\/\/florsivioles.marketingempresas.es\/en\/wp-json\/wp\/v2\/product"}],"about":[{"href":"https:\/\/florsivioles.marketingempresas.es\/en\/wp-json\/wp\/v2\/types\/product"}],"wp:featuredmedia":[{"embeddable":true,"href":"https:\/\/florsivioles.marketingempresas.es\/en\/wp-json\/wp\/v2\/media\/7720"}],"wp:attachment":[{"href":"https:\/\/florsivioles.marketingempresas.es\/en\/wp-json\/wp\/v2\/media?parent=7721"}],"wp:term":[{"taxonomy":"product_brand","embeddable":true,"href":"https:\/\/florsivioles.marketingempresas.es\/en\/wp-json\/wp\/v2\/product_brand?post=7721"},{"taxonomy":"product_cat","embeddable":true,"href":"https:\/\/florsivioles.marketingempresas.es\/en\/wp-json\/wp\/v2\/product_cat?post=7721"},{"taxonomy":"product_tag","embeddable":true,"href":"https:\/\/florsivioles.marketingempresas.es\/en\/wp-json\/wp\/v2\/product_tag?post=7721"},{"taxonomy":"receta","embeddable":true,"href":"https:\/\/florsivioles.marketingempresas.es\/en\/wp-json\/wp\/v2\/taxonomy\/receta?post=7721"}],"curies":[{"name":"wp","href":"https:\/\/api.w.org\/{rel}","templated":true}]}}