{"id":7584,"date":"2022-03-09T06:49:22","date_gmt":"2022-03-09T05:49:22","guid":{"rendered":"https:\/\/florsivioles.marketingempresas.es\/?post_type=product&#038;p=7584"},"modified":"2023-11-16T13:52:29","modified_gmt":"2023-11-16T12:52:29","slug":"zanahoria-manojo","status":"publish","type":"product","link":"https:\/\/florsivioles.marketingempresas.es\/en\/product\/zanahoria-manojo\/","title":{"rendered":"Zanahoria Manojo"},"content":{"rendered":"<p>La Zanahoria Manojo de Flors i Violes es un alimento muy saludable por sus elevados niveles de betacaroteno. Tambi\u00e9n tiene much\u00edsima vitamina B y C, que son muy beneficiosas para el sistema nervioso y como antioxidante. Tambi\u00e9n tiene hierro, calcio, magnesio, manganeso y yodo, las cuales ayudan al buen funcionamiento de todo el organismo.<\/p>","protected":false},"excerpt":{"rendered":"<p>Manojo de 500g aprox.<\/p>","protected":false},"featured_media":7586,"template":"","meta":{"_uag_custom_page_level_css":""},"product_brand":[],"product_cat":[26,16,1548],"product_tag":[83,84,1416],"taxonomy\/receta":[],"class_list":{"0":"post-7584","1":"product","2":"type-product","3":"status-publish","4":"has-post-thumbnail","6":"product_cat-verduras","7":"product_cat-convencional","8":"product_cat-frutas-y-verduras","9":"product_tag-fruits-and-vegetables","10":"product_tag-frutas-y-verduras","11":"product_tag-zanahoria-monojo","12":"product_shipping_class-envio-gratuito","14":"first","15":"instock","16":"taxable","17":"shipping-taxable","18":"purchasable","19":"product-type-simple"},"uagb_featured_image_src":{"full":["https:\/\/florsivioles.marketingempresas.es\/wp-content\/uploads\/2023\/03\/Zanahoria-Manojo.jpg",640,554,false],"thumbnail":["https:\/\/florsivioles.marketingempresas.es\/wp-content\/uploads\/2023\/03\/Zanahoria-Manojo-150x130.jpg",150,130,true],"medium":["https:\/\/florsivioles.marketingempresas.es\/wp-content\/uploads\/2023\/03\/Zanahoria-Manojo-364x315.jpg",364,315,true],"medium_large":["https:\/\/florsivioles.marketingempresas.es\/wp-content\/uploads\/2023\/03\/Zanahoria-Manojo.jpg",640,554,false],"large":["https:\/\/florsivioles.marketingempresas.es\/wp-content\/uploads\/2023\/03\/Zanahoria-Manojo.jpg",640,554,false],"1536x1536":["https:\/\/florsivioles.marketingempresas.es\/wp-content\/uploads\/2023\/03\/Zanahoria-Manojo.jpg",640,554,false],"2048x2048":["https:\/\/florsivioles.marketingempresas.es\/wp-content\/uploads\/2023\/03\/Zanahoria-Manojo.jpg",640,554,false],"trp-custom-language-flag":["https:\/\/florsivioles.marketingempresas.es\/wp-content\/uploads\/2023\/03\/Zanahoria-Manojo-14x12.jpg",14,12,true],"woocommerce_thumbnail":["https:\/\/florsivioles.marketingempresas.es\/wp-content\/uploads\/2023\/03\/Zanahoria-Manojo-260x260.jpg",260,260,true],"woocommerce_single":["https:\/\/florsivioles.marketingempresas.es\/wp-content\/uploads\/2023\/03\/Zanahoria-Manojo-360x312.jpg",360,312,true],"woocommerce_gallery_thumbnail":["https:\/\/florsivioles.marketingempresas.es\/wp-content\/uploads\/2023\/03\/Zanahoria-Manojo-100x100.jpg",100,100,true]},"uagb_author_info":{"display_name":"Christian Roig Brown","author_link":"https:\/\/florsivioles.marketingempresas.es\/en\/author\/"},"uagb_comment_info":0,"uagb_excerpt":"Manojo de 500g aprox.","_links":{"self":[{"href":"https:\/\/florsivioles.marketingempresas.es\/en\/wp-json\/wp\/v2\/product\/7584","targetHints":{"allow":["GET"]}}],"collection":[{"href":"https:\/\/florsivioles.marketingempresas.es\/en\/wp-json\/wp\/v2\/product"}],"about":[{"href":"https:\/\/florsivioles.marketingempresas.es\/en\/wp-json\/wp\/v2\/types\/product"}],"wp:featuredmedia":[{"embeddable":true,"href":"https:\/\/florsivioles.marketingempresas.es\/en\/wp-json\/wp\/v2\/media\/7586"}],"wp:attachment":[{"href":"https:\/\/florsivioles.marketingempresas.es\/en\/wp-json\/wp\/v2\/media?parent=7584"}],"wp:term":[{"taxonomy":"product_brand","embeddable":true,"href":"https:\/\/florsivioles.marketingempresas.es\/en\/wp-json\/wp\/v2\/product_brand?post=7584"},{"taxonomy":"product_cat","embeddable":true,"href":"https:\/\/florsivioles.marketingempresas.es\/en\/wp-json\/wp\/v2\/product_cat?post=7584"},{"taxonomy":"product_tag","embeddable":true,"href":"https:\/\/florsivioles.marketingempresas.es\/en\/wp-json\/wp\/v2\/product_tag?post=7584"},{"taxonomy":"receta","embeddable":true,"href":"https:\/\/florsivioles.marketingempresas.es\/en\/wp-json\/wp\/v2\/taxonomy\/receta?post=7584"}],"curies":[{"name":"wp","href":"https:\/\/api.w.org\/{rel}","templated":true}]}}