{"id":7566,"date":"2023-03-29T11:03:02","date_gmt":"2023-03-29T09:03:02","guid":{"rendered":"https:\/\/florsivioles.marketingempresas.es\/?post_type=product&#038;p=7566"},"modified":"2023-11-16T12:13:43","modified_gmt":"2023-11-16T11:13:43","slug":"cacahuetes-sal-de-ibiza","status":"publish","type":"product","link":"https:\/\/florsivioles.marketingempresas.es\/en\/product\/cacahuetes-sal-de-ibiza\/","title":{"rendered":"Cacahuetes Sal de Ibiza"},"content":{"rendered":"<p>Los cacahuetes Sal de Ibiza est\u00e1n recubiertos de una mezcla de sabores dulces y picantes con un toque ahumado. Junto con su cobertura crujiente producir\u00e1 una explosi\u00f3n sensorial en su boca, que har\u00e1 imposible que s\u00f3lo pueda comer uno&#8230;<br \/>\nAcompa\u00f1e los cacahuetes con una copa de vino para obtener una combinaci\u00f3n perfecta para brindar por la vida en todo su esplendor.<\/p>","protected":false},"excerpt":{"rendered":"<p>Paquete de 80gr.<\/p>","protected":false},"featured_media":7561,"template":"","meta":{"_uag_custom_page_level_css":""},"product_brand":[],"product_cat":[580,16],"product_tag":[1401,1403,1402],"taxonomy\/receta":[],"class_list":{"0":"post-7566","1":"product","2":"type-product","3":"status-publish","4":"has-post-thumbnail","6":"product_cat-local","7":"product_cat-convencional","8":"product_tag-cacahuetes-sal-de-ibiza","9":"product_tag-cacahuetes-con-sal","10":"product_tag-snacks","12":"first","13":"instock","14":"taxable","15":"shipping-taxable","16":"purchasable","17":"product-type-simple"},"uagb_featured_image_src":{"full":["https:\/\/florsivioles.marketingempresas.es\/wp-content\/uploads\/2023\/03\/Cacahuetes-01-copia.jpg",640,554,false],"thumbnail":["https:\/\/florsivioles.marketingempresas.es\/wp-content\/uploads\/2023\/03\/Cacahuetes-01-copia-150x130.jpg",150,130,true],"medium":["https:\/\/florsivioles.marketingempresas.es\/wp-content\/uploads\/2023\/03\/Cacahuetes-01-copia-364x315.jpg",364,315,true],"medium_large":["https:\/\/florsivioles.marketingempresas.es\/wp-content\/uploads\/2023\/03\/Cacahuetes-01-copia.jpg",640,554,false],"large":["https:\/\/florsivioles.marketingempresas.es\/wp-content\/uploads\/2023\/03\/Cacahuetes-01-copia.jpg",640,554,false],"1536x1536":["https:\/\/florsivioles.marketingempresas.es\/wp-content\/uploads\/2023\/03\/Cacahuetes-01-copia.jpg",640,554,false],"2048x2048":["https:\/\/florsivioles.marketingempresas.es\/wp-content\/uploads\/2023\/03\/Cacahuetes-01-copia.jpg",640,554,false],"trp-custom-language-flag":["https:\/\/florsivioles.marketingempresas.es\/wp-content\/uploads\/2023\/03\/Cacahuetes-01-copia-14x12.jpg",14,12,true],"woocommerce_thumbnail":["https:\/\/florsivioles.marketingempresas.es\/wp-content\/uploads\/2023\/03\/Cacahuetes-01-copia-260x260.jpg",260,260,true],"woocommerce_single":["https:\/\/florsivioles.marketingempresas.es\/wp-content\/uploads\/2023\/03\/Cacahuetes-01-copia-360x312.jpg",360,312,true],"woocommerce_gallery_thumbnail":["https:\/\/florsivioles.marketingempresas.es\/wp-content\/uploads\/2023\/03\/Cacahuetes-01-copia-100x100.jpg",100,100,true]},"uagb_author_info":{"display_name":"Christian Roig Brown","author_link":"https:\/\/florsivioles.marketingempresas.es\/en\/author\/"},"uagb_comment_info":0,"uagb_excerpt":"Paquete de 80gr.","_links":{"self":[{"href":"https:\/\/florsivioles.marketingempresas.es\/en\/wp-json\/wp\/v2\/product\/7566","targetHints":{"allow":["GET"]}}],"collection":[{"href":"https:\/\/florsivioles.marketingempresas.es\/en\/wp-json\/wp\/v2\/product"}],"about":[{"href":"https:\/\/florsivioles.marketingempresas.es\/en\/wp-json\/wp\/v2\/types\/product"}],"wp:featuredmedia":[{"embeddable":true,"href":"https:\/\/florsivioles.marketingempresas.es\/en\/wp-json\/wp\/v2\/media\/7561"}],"wp:attachment":[{"href":"https:\/\/florsivioles.marketingempresas.es\/en\/wp-json\/wp\/v2\/media?parent=7566"}],"wp:term":[{"taxonomy":"product_brand","embeddable":true,"href":"https:\/\/florsivioles.marketingempresas.es\/en\/wp-json\/wp\/v2\/product_brand?post=7566"},{"taxonomy":"product_cat","embeddable":true,"href":"https:\/\/florsivioles.marketingempresas.es\/en\/wp-json\/wp\/v2\/product_cat?post=7566"},{"taxonomy":"product_tag","embeddable":true,"href":"https:\/\/florsivioles.marketingempresas.es\/en\/wp-json\/wp\/v2\/product_tag?post=7566"},{"taxonomy":"receta","embeddable":true,"href":"https:\/\/florsivioles.marketingempresas.es\/en\/wp-json\/wp\/v2\/taxonomy\/receta?post=7566"}],"curies":[{"name":"wp","href":"https:\/\/api.w.org\/{rel}","templated":true}]}}