{"id":7555,"date":"2020-03-28T10:37:46","date_gmt":"2020-03-28T09:37:46","guid":{"rendered":"https:\/\/florsivioles.marketingempresas.es\/?post_type=product&#038;p=7555"},"modified":"2023-11-16T18:55:28","modified_gmt":"2023-11-16T17:55:28","slug":"pina-avion-del-monte-gold","status":"publish","type":"product","link":"https:\/\/florsivioles.marketingempresas.es\/en\/product\/pina-avion-del-monte-gold\/","title":{"rendered":"\"Del Monte\" Gold Pineapple (by Airplane)"},"content":{"rendered":"<p style=\"font-weight: 300;\">La pi\u00f1a Del Monte Gold por avi\u00f3n es una nueva forma de disfrutar nuestra Pi\u00f1a Gold pero mucho m\u00e1s r\u00e1pido, para que obtengas su sabor en su m\u00e1ximo esplendor.<\/p>\n<p style=\"font-weight: 300;\">Las pi\u00f1as son cuidadosamente seleccionadas y recolectadas manualmente en las plantaciones de Del Monte en su punto \u00f3ptimo de maduraci\u00f3n para garantizar la mejor experiencia gustativa del consumidor.\u00a0D\u00e9jate seducir por la belleza de su color dorado de un \u00fanico e inconfundible sabor natural, dulce y lista para consumir en tan solo unas horas desde su recolecci\u00f3n hasta tu hogar.<\/p>\n<p style=\"font-weight: 300;\">Las pi\u00f1as Del Monte Gold\u00ae por avi\u00f3n son empaquetadas en un embalaje espec\u00edfico de cart\u00f3n corrugado , se transportan en posici\u00f3n vertical y separadas las unas de las otras para garantizar la m\u00e1xima protecci\u00f3n durante sus horas de viaje desde Costa Rica hasta su destino final.<\/p>","protected":false},"excerpt":{"rendered":"<p>Price per unit<\/p>","protected":false},"featured_media":7563,"template":"","meta":{"_uag_custom_page_level_css":""},"product_brand":[],"product_cat":[21,16,1548],"product_tag":[1398,1399,1400,1079,123],"taxonomy\/receta":[],"class_list":{"0":"post-7555","1":"product","2":"type-product","3":"status-publish","4":"has-post-thumbnail","6":"product_cat-frutas","7":"product_cat-convencional","8":"product_cat-frutas-y-verduras","9":"product_tag-pina-avion-del-monte-gold","10":"product_tag-pina-de-calidad","11":"product_tag-pina-premium","12":"product_tag-tienda-con-envio-a-domicilio","13":"product_tag-tienda-online-en-ibiza","15":"first","16":"instock","17":"taxable","18":"shipping-taxable","19":"purchasable","20":"product-type-simple"},"uagb_featured_image_src":{"full":["https:\/\/florsivioles.marketingempresas.es\/wp-content\/uploads\/2023\/03\/Pina-Avion.jpg",640,554,false],"thumbnail":["https:\/\/florsivioles.marketingempresas.es\/wp-content\/uploads\/2023\/03\/Pina-Avion-150x130.jpg",150,130,true],"medium":["https:\/\/florsivioles.marketingempresas.es\/wp-content\/uploads\/2023\/03\/Pina-Avion-364x315.jpg",364,315,true],"medium_large":["https:\/\/florsivioles.marketingempresas.es\/wp-content\/uploads\/2023\/03\/Pina-Avion.jpg",640,554,false],"large":["https:\/\/florsivioles.marketingempresas.es\/wp-content\/uploads\/2023\/03\/Pina-Avion.jpg",640,554,false],"1536x1536":["https:\/\/florsivioles.marketingempresas.es\/wp-content\/uploads\/2023\/03\/Pina-Avion.jpg",640,554,false],"2048x2048":["https:\/\/florsivioles.marketingempresas.es\/wp-content\/uploads\/2023\/03\/Pina-Avion.jpg",640,554,false],"trp-custom-language-flag":["https:\/\/florsivioles.marketingempresas.es\/wp-content\/uploads\/2023\/03\/Pina-Avion-14x12.jpg",14,12,true],"woocommerce_thumbnail":["https:\/\/florsivioles.marketingempresas.es\/wp-content\/uploads\/2023\/03\/Pina-Avion-260x260.jpg",260,260,true],"woocommerce_single":["https:\/\/florsivioles.marketingempresas.es\/wp-content\/uploads\/2023\/03\/Pina-Avion-360x312.jpg",360,312,true],"woocommerce_gallery_thumbnail":["https:\/\/florsivioles.marketingempresas.es\/wp-content\/uploads\/2023\/03\/Pina-Avion-100x100.jpg",100,100,true]},"uagb_author_info":{"display_name":"Christian Roig Brown","author_link":"https:\/\/florsivioles.marketingempresas.es\/en\/author\/"},"uagb_comment_info":0,"uagb_excerpt":"Precio por unidad.","_links":{"self":[{"href":"https:\/\/florsivioles.marketingempresas.es\/en\/wp-json\/wp\/v2\/product\/7555","targetHints":{"allow":["GET"]}}],"collection":[{"href":"https:\/\/florsivioles.marketingempresas.es\/en\/wp-json\/wp\/v2\/product"}],"about":[{"href":"https:\/\/florsivioles.marketingempresas.es\/en\/wp-json\/wp\/v2\/types\/product"}],"wp:featuredmedia":[{"embeddable":true,"href":"https:\/\/florsivioles.marketingempresas.es\/en\/wp-json\/wp\/v2\/media\/7563"}],"wp:attachment":[{"href":"https:\/\/florsivioles.marketingempresas.es\/en\/wp-json\/wp\/v2\/media?parent=7555"}],"wp:term":[{"taxonomy":"product_brand","embeddable":true,"href":"https:\/\/florsivioles.marketingempresas.es\/en\/wp-json\/wp\/v2\/product_brand?post=7555"},{"taxonomy":"product_cat","embeddable":true,"href":"https:\/\/florsivioles.marketingempresas.es\/en\/wp-json\/wp\/v2\/product_cat?post=7555"},{"taxonomy":"product_tag","embeddable":true,"href":"https:\/\/florsivioles.marketingempresas.es\/en\/wp-json\/wp\/v2\/product_tag?post=7555"},{"taxonomy":"receta","embeddable":true,"href":"https:\/\/florsivioles.marketingempresas.es\/en\/wp-json\/wp\/v2\/taxonomy\/receta?post=7555"}],"curies":[{"name":"wp","href":"https:\/\/api.w.org\/{rel}","templated":true}]}}