{"id":7403,"date":"2022-12-02T09:06:40","date_gmt":"2022-12-02T08:06:40","guid":{"rendered":"https:\/\/florsivioles.marketingempresas.es\/?post_type=product&#038;p=7403"},"modified":"2023-06-15T23:07:03","modified_gmt":"2023-06-15T21:07:03","slug":"champagne-gh-mumm-cordon-rouge","status":"publish","type":"product","link":"https:\/\/florsivioles.marketingempresas.es\/en\/product\/champagne-gh-mumm-cordon-rouge\/","title":{"rendered":"GH Mumm Cordon Rouge Champagne"},"content":{"rendered":"<p>El champagne GH Mumm Cordon Rouge se presenta en una botella bella e ic\u00f3nica adornada con una cinta roja que rinde homenaje a la Legi\u00f3n de Honor desde 1876.<\/p>\n<p>La vibrante frescura y la energ\u00eda exuberante son una explosi\u00f3n de sensaciones en el paladar. Este vino, complejo y perfectamente equilibrado, revela sabores equilibrados y elegantes de frutas y caramelo. El potente acabado es a la vez cremoso y efervescente.<\/p>\n<p>Elaborado a partir de una rica paleta de m\u00e1s de 120 pueblos que representan toda la diversidad de la regi\u00f3n de Champagne en Francia, Mumm Cordon Rouge es el cuv\u00e9e caracter\u00edstico de la Maison Mumm. Este excepcional champagne Brut combina la variedad de la uva insignia de Mumm, la Pinot Noir de la Monta\u00f1a de Reims y Aube, con la Chardonnay de C\u00f4te des Blancs, S\u00e9zannais, Vitryat y Aube; y la Meunier de los valles de Marne y Ardre y la Monta\u00f1a de Reims.<\/p>\n<p>Este vino, envejecido durante un m\u00ednimo de 20 meses en las bodegas de la Maison Mumm, es ideal para un aperitivo entre amigos o un brunch dominical distendido, en esos momentos en los que todo simplemente encaja y fluye la energ\u00eda positiva: verdaderos amigos que comparten una conversaci\u00f3n real en un ambiente alegre y agradable.<\/p>","protected":false},"excerpt":{"rendered":"<p>75CL Bottle<\/p>","protected":false},"featured_media":7483,"template":"","meta":{"_uag_custom_page_level_css":""},"product_brand":[],"product_cat":[551,1231,16],"product_tag":[1382,1385,1389,1384,1388],"taxonomy\/receta":[],"class_list":{"0":"post-7403","1":"product","2":"type-product","3":"status-publish","4":"has-post-thumbnail","6":"product_cat-espumosos","7":"product_cat-bodega","8":"product_cat-convencional","9":"product_tag-champagne","10":"product_tag-champagne-a-domicilio","11":"product_tag-cordon-rouge","12":"product_tag-espumosos","13":"product_tag-gh-mumm","14":"product_shipping_class-envio-gratuito","16":"first","17":"instock","18":"taxable","19":"shipping-taxable","20":"purchasable","21":"product-type-simple"},"uagb_featured_image_src":{"full":["https:\/\/florsivioles.marketingempresas.es\/wp-content\/uploads\/2023\/03\/Champagne-GH-Mumm-Cordon-Rouge.jpg",640,554,false],"thumbnail":["https:\/\/florsivioles.marketingempresas.es\/wp-content\/uploads\/2023\/03\/Champagne-GH-Mumm-Cordon-Rouge-150x130.jpg",150,130,true],"medium":["https:\/\/florsivioles.marketingempresas.es\/wp-content\/uploads\/2023\/03\/Champagne-GH-Mumm-Cordon-Rouge-364x315.jpg",364,315,true],"medium_large":["https:\/\/florsivioles.marketingempresas.es\/wp-content\/uploads\/2023\/03\/Champagne-GH-Mumm-Cordon-Rouge.jpg",640,554,false],"large":["https:\/\/florsivioles.marketingempresas.es\/wp-content\/uploads\/2023\/03\/Champagne-GH-Mumm-Cordon-Rouge.jpg",640,554,false],"1536x1536":["https:\/\/florsivioles.marketingempresas.es\/wp-content\/uploads\/2023\/03\/Champagne-GH-Mumm-Cordon-Rouge.jpg",640,554,false],"2048x2048":["https:\/\/florsivioles.marketingempresas.es\/wp-content\/uploads\/2023\/03\/Champagne-GH-Mumm-Cordon-Rouge.jpg",640,554,false],"trp-custom-language-flag":["https:\/\/florsivioles.marketingempresas.es\/wp-content\/uploads\/2023\/03\/Champagne-GH-Mumm-Cordon-Rouge-14x12.jpg",14,12,true],"woocommerce_thumbnail":["https:\/\/florsivioles.marketingempresas.es\/wp-content\/uploads\/2023\/03\/Champagne-GH-Mumm-Cordon-Rouge-260x260.jpg",260,260,true],"woocommerce_single":["https:\/\/florsivioles.marketingempresas.es\/wp-content\/uploads\/2023\/03\/Champagne-GH-Mumm-Cordon-Rouge-360x312.jpg",360,312,true],"woocommerce_gallery_thumbnail":["https:\/\/florsivioles.marketingempresas.es\/wp-content\/uploads\/2023\/03\/Champagne-GH-Mumm-Cordon-Rouge-100x100.jpg",100,100,true]},"uagb_author_info":{"display_name":"Christian Roig Brown","author_link":"https:\/\/florsivioles.marketingempresas.es\/en\/author\/"},"uagb_comment_info":0,"uagb_excerpt":"Envase de 75 Cl.","_links":{"self":[{"href":"https:\/\/florsivioles.marketingempresas.es\/en\/wp-json\/wp\/v2\/product\/7403","targetHints":{"allow":["GET"]}}],"collection":[{"href":"https:\/\/florsivioles.marketingempresas.es\/en\/wp-json\/wp\/v2\/product"}],"about":[{"href":"https:\/\/florsivioles.marketingempresas.es\/en\/wp-json\/wp\/v2\/types\/product"}],"wp:featuredmedia":[{"embeddable":true,"href":"https:\/\/florsivioles.marketingempresas.es\/en\/wp-json\/wp\/v2\/media\/7483"}],"wp:attachment":[{"href":"https:\/\/florsivioles.marketingempresas.es\/en\/wp-json\/wp\/v2\/media?parent=7403"}],"wp:term":[{"taxonomy":"product_brand","embeddable":true,"href":"https:\/\/florsivioles.marketingempresas.es\/en\/wp-json\/wp\/v2\/product_brand?post=7403"},{"taxonomy":"product_cat","embeddable":true,"href":"https:\/\/florsivioles.marketingempresas.es\/en\/wp-json\/wp\/v2\/product_cat?post=7403"},{"taxonomy":"product_tag","embeddable":true,"href":"https:\/\/florsivioles.marketingempresas.es\/en\/wp-json\/wp\/v2\/product_tag?post=7403"},{"taxonomy":"receta","embeddable":true,"href":"https:\/\/florsivioles.marketingempresas.es\/en\/wp-json\/wp\/v2\/taxonomy\/receta?post=7403"}],"curies":[{"name":"wp","href":"https:\/\/api.w.org\/{rel}","templated":true}]}}