{"id":7400,"date":"2022-12-02T09:06:53","date_gmt":"2022-12-02T08:06:53","guid":{"rendered":"https:\/\/florsivioles.marketingempresas.es\/?post_type=product&#038;p=7400"},"modified":"2023-06-15T23:06:56","modified_gmt":"2023-06-15T21:06:56","slug":"champagne-veuve-clicquot","status":"publish","type":"product","link":"https:\/\/florsivioles.marketingempresas.es\/en\/product\/champagne-veuve-clicquot\/","title":{"rendered":"Veuve Clicquot Champagne"},"content":{"rendered":"<p>El Champagne Veuve Clicquot R\u00e9serve Cuv\u00e9e se distingue ante todo por su color intenso con reflejos dorados y por la delicadeza de sus burbujas. Luego, la nariz es un equilibrio perfecto entre un aroma de frutas como melocot\u00f3n, albaricoque o pera, combinado con sutiles notas de especias, vainilla y boller\u00eda. En boca se observan aromas tostados y pralin\u00e9 muy marcados, luego notas tostadas y brioche m\u00e1s complejas. Este bouquet excepcional nace del matrimonio entre una dosis \u00fanica de licor y una crianza prolongada que amplifica una hermosa intensidad arom\u00e1tica.<\/p>\n<p>Yellow Label es la firma de la calidad y el estilo de Veuve Clicquot, que se regenera cada a\u00f1o gracias a nuestra imprescindible colecci\u00f3n de vinos de reserva. Su brillante etiqueta amarilla refleja la chispeante personalidad del champ\u00e1n y las impecables credenciales de vinificaci\u00f3n que lo conforman.<\/p>","protected":false},"excerpt":{"rendered":"<p>75CL Bottle<\/p>","protected":false},"featured_media":7484,"template":"","meta":{"_uag_custom_page_level_css":""},"product_brand":[],"product_cat":[551,1231,16],"product_tag":[1382,1385,1384,1386,1387],"taxonomy\/receta":[],"class_list":{"0":"post-7400","1":"product","2":"type-product","3":"status-publish","4":"has-post-thumbnail","6":"product_cat-espumosos","7":"product_cat-bodega","8":"product_cat-convencional","9":"product_tag-champagne","10":"product_tag-champagne-a-domicilio","11":"product_tag-espumosos","12":"product_tag-veuve-clicquot","13":"product_tag-yellow-label","14":"product_shipping_class-envio-gratuito","16":"first","17":"instock","18":"taxable","19":"shipping-taxable","20":"purchasable","21":"product-type-simple"},"uagb_featured_image_src":{"full":["https:\/\/florsivioles.marketingempresas.es\/wp-content\/uploads\/2022\/12\/Champagne-Veuve-Clicquot.jpg",640,554,false],"thumbnail":["https:\/\/florsivioles.marketingempresas.es\/wp-content\/uploads\/2022\/12\/Champagne-Veuve-Clicquot-150x130.jpg",150,130,true],"medium":["https:\/\/florsivioles.marketingempresas.es\/wp-content\/uploads\/2022\/12\/Champagne-Veuve-Clicquot-364x315.jpg",364,315,true],"medium_large":["https:\/\/florsivioles.marketingempresas.es\/wp-content\/uploads\/2022\/12\/Champagne-Veuve-Clicquot.jpg",640,554,false],"large":["https:\/\/florsivioles.marketingempresas.es\/wp-content\/uploads\/2022\/12\/Champagne-Veuve-Clicquot.jpg",640,554,false],"1536x1536":["https:\/\/florsivioles.marketingempresas.es\/wp-content\/uploads\/2022\/12\/Champagne-Veuve-Clicquot.jpg",640,554,false],"2048x2048":["https:\/\/florsivioles.marketingempresas.es\/wp-content\/uploads\/2022\/12\/Champagne-Veuve-Clicquot.jpg",640,554,false],"trp-custom-language-flag":["https:\/\/florsivioles.marketingempresas.es\/wp-content\/uploads\/2022\/12\/Champagne-Veuve-Clicquot-14x12.jpg",14,12,true],"woocommerce_thumbnail":["https:\/\/florsivioles.marketingempresas.es\/wp-content\/uploads\/2022\/12\/Champagne-Veuve-Clicquot-260x260.jpg",260,260,true],"woocommerce_single":["https:\/\/florsivioles.marketingempresas.es\/wp-content\/uploads\/2022\/12\/Champagne-Veuve-Clicquot-360x312.jpg",360,312,true],"woocommerce_gallery_thumbnail":["https:\/\/florsivioles.marketingempresas.es\/wp-content\/uploads\/2022\/12\/Champagne-Veuve-Clicquot-100x100.jpg",100,100,true]},"uagb_author_info":{"display_name":"Christian Roig Brown","author_link":"https:\/\/florsivioles.marketingempresas.es\/en\/author\/"},"uagb_comment_info":0,"uagb_excerpt":"Envase de 75 Cl.","_links":{"self":[{"href":"https:\/\/florsivioles.marketingempresas.es\/en\/wp-json\/wp\/v2\/product\/7400","targetHints":{"allow":["GET"]}}],"collection":[{"href":"https:\/\/florsivioles.marketingempresas.es\/en\/wp-json\/wp\/v2\/product"}],"about":[{"href":"https:\/\/florsivioles.marketingempresas.es\/en\/wp-json\/wp\/v2\/types\/product"}],"wp:featuredmedia":[{"embeddable":true,"href":"https:\/\/florsivioles.marketingempresas.es\/en\/wp-json\/wp\/v2\/media\/7484"}],"wp:attachment":[{"href":"https:\/\/florsivioles.marketingempresas.es\/en\/wp-json\/wp\/v2\/media?parent=7400"}],"wp:term":[{"taxonomy":"product_brand","embeddable":true,"href":"https:\/\/florsivioles.marketingempresas.es\/en\/wp-json\/wp\/v2\/product_brand?post=7400"},{"taxonomy":"product_cat","embeddable":true,"href":"https:\/\/florsivioles.marketingempresas.es\/en\/wp-json\/wp\/v2\/product_cat?post=7400"},{"taxonomy":"product_tag","embeddable":true,"href":"https:\/\/florsivioles.marketingempresas.es\/en\/wp-json\/wp\/v2\/product_tag?post=7400"},{"taxonomy":"receta","embeddable":true,"href":"https:\/\/florsivioles.marketingempresas.es\/en\/wp-json\/wp\/v2\/taxonomy\/receta?post=7400"}],"curies":[{"name":"wp","href":"https:\/\/api.w.org\/{rel}","templated":true}]}}