{"id":7396,"date":"2022-12-02T09:07:35","date_gmt":"2022-12-02T08:07:35","guid":{"rendered":"https:\/\/florsivioles.marketingempresas.es\/?post_type=product&#038;p=7396"},"modified":"2023-06-15T23:06:51","modified_gmt":"2023-06-15T21:06:51","slug":"champagne-moet-chandon-imperial","status":"publish","type":"product","link":"https:\/\/florsivioles.marketingempresas.es\/en\/product\/champagne-moet-chandon-imperial\/","title":{"rendered":"Mo\u00ebt &amp; Chandon Imperial Champagne"},"content":{"rendered":"<p>Mo\u00ebt &amp; Chandon Brut Imp\u00e9rial es un champagne que en nariz ofrece notas vibrantes de manzana verde y de frutas c\u00edtricas acompa\u00f1adas de matices minerales, recuerdos de flores blancas, as\u00ed como aromas de brioche y nueces frescas propios de su crianza. Su paso por boca es generoso y sutil, donde se reafirma la presencia de la fruta blanca y de hueso con notas de grosellas espinosas acompa\u00f1adas por una burbuja bien integrada.<\/p>\n<p>Mo\u00ebt &amp; Chandon Brut Imp\u00e9rial es un champagne coupage de las variedades pinot noir, pinot meunier y chardonnay elaborado por la bodega Mo\u00ebt &amp; Chandon en la Champa\u00f1a, Francia.<\/p>\n<p>Mo\u00ebt &amp; Chandon es pr\u00e1cticamente sin\u00f3nimo de champagne, pues posiblemente es la marca m\u00e1s conocida de este espumoso a nivel mundial. 150 a\u00f1os de existencia respaldan a la Maison Mo\u00ebt &amp; Chandon que ha hecho de las famosas burbujas francesas un s\u00edmbolo de glamour y elegancia.<\/p>\n<p>Mo\u00ebt &amp; Chandon Brut Imp\u00e9rial es un champagne en cuya elaboraci\u00f3n se incluyen m\u00e1s de 100 vinos distintos, el 30% de ellos son vinos reserva que se seleccionan e incorporan al coupage para potenciar su madurez, complejidad y constancia. Catar y seleccionar tal cantidad de vinos es un arduo trabajo de ensamblaje para conseguir un champagne elegante y equilibrado con el cuerpo que le aporta la variedad pinot noir, la delicadeza de la uva chardonnay y la suavidad de la variedad pinot meunier.<\/p>\n<p>Mo\u00ebt &amp; Chandon Brut Imp\u00e9rial es, sin duda, un superventas avalado por una Maison con amplia trayectoria en la b\u00fasqueda de la calidad constante, \u00a1que nunca defrauda!<\/p>","protected":false},"excerpt":{"rendered":"<p>75CL Bottle<\/p>","protected":false},"featured_media":7486,"template":"","meta":{"_uag_custom_page_level_css":""},"product_brand":[],"product_cat":[551,1231,16],"product_tag":[1382,1385,1384,1383],"taxonomy\/receta":[],"class_list":{"0":"post-7396","1":"product","2":"type-product","3":"status-publish","4":"has-post-thumbnail","6":"product_cat-espumosos","7":"product_cat-bodega","8":"product_cat-convencional","9":"product_tag-champagne","10":"product_tag-champagne-a-domicilio","11":"product_tag-espumosos","12":"product_tag-moet-chandon","13":"product_shipping_class-envio-gratuito","15":"first","16":"instock","17":"taxable","18":"shipping-taxable","19":"purchasable","20":"product-type-simple"},"uagb_featured_image_src":{"full":["https:\/\/florsivioles.marketingempresas.es\/wp-content\/uploads\/2022\/12\/Champagne-Moet-Chandon-Imperial.jpg",640,554,false],"thumbnail":["https:\/\/florsivioles.marketingempresas.es\/wp-content\/uploads\/2022\/12\/Champagne-Moet-Chandon-Imperial-150x130.jpg",150,130,true],"medium":["https:\/\/florsivioles.marketingempresas.es\/wp-content\/uploads\/2022\/12\/Champagne-Moet-Chandon-Imperial-364x315.jpg",364,315,true],"medium_large":["https:\/\/florsivioles.marketingempresas.es\/wp-content\/uploads\/2022\/12\/Champagne-Moet-Chandon-Imperial.jpg",640,554,false],"large":["https:\/\/florsivioles.marketingempresas.es\/wp-content\/uploads\/2022\/12\/Champagne-Moet-Chandon-Imperial.jpg",640,554,false],"1536x1536":["https:\/\/florsivioles.marketingempresas.es\/wp-content\/uploads\/2022\/12\/Champagne-Moet-Chandon-Imperial.jpg",640,554,false],"2048x2048":["https:\/\/florsivioles.marketingempresas.es\/wp-content\/uploads\/2022\/12\/Champagne-Moet-Chandon-Imperial.jpg",640,554,false],"trp-custom-language-flag":["https:\/\/florsivioles.marketingempresas.es\/wp-content\/uploads\/2022\/12\/Champagne-Moet-Chandon-Imperial-14x12.jpg",14,12,true],"woocommerce_thumbnail":["https:\/\/florsivioles.marketingempresas.es\/wp-content\/uploads\/2022\/12\/Champagne-Moet-Chandon-Imperial-260x260.jpg",260,260,true],"woocommerce_single":["https:\/\/florsivioles.marketingempresas.es\/wp-content\/uploads\/2022\/12\/Champagne-Moet-Chandon-Imperial-360x312.jpg",360,312,true],"woocommerce_gallery_thumbnail":["https:\/\/florsivioles.marketingempresas.es\/wp-content\/uploads\/2022\/12\/Champagne-Moet-Chandon-Imperial-100x100.jpg",100,100,true]},"uagb_author_info":{"display_name":"Christian Roig Brown","author_link":"https:\/\/florsivioles.marketingempresas.es\/en\/author\/"},"uagb_comment_info":0,"uagb_excerpt":"Envase de 75 Cl.","_links":{"self":[{"href":"https:\/\/florsivioles.marketingempresas.es\/en\/wp-json\/wp\/v2\/product\/7396","targetHints":{"allow":["GET"]}}],"collection":[{"href":"https:\/\/florsivioles.marketingempresas.es\/en\/wp-json\/wp\/v2\/product"}],"about":[{"href":"https:\/\/florsivioles.marketingempresas.es\/en\/wp-json\/wp\/v2\/types\/product"}],"wp:featuredmedia":[{"embeddable":true,"href":"https:\/\/florsivioles.marketingempresas.es\/en\/wp-json\/wp\/v2\/media\/7486"}],"wp:attachment":[{"href":"https:\/\/florsivioles.marketingempresas.es\/en\/wp-json\/wp\/v2\/media?parent=7396"}],"wp:term":[{"taxonomy":"product_brand","embeddable":true,"href":"https:\/\/florsivioles.marketingempresas.es\/en\/wp-json\/wp\/v2\/product_brand?post=7396"},{"taxonomy":"product_cat","embeddable":true,"href":"https:\/\/florsivioles.marketingempresas.es\/en\/wp-json\/wp\/v2\/product_cat?post=7396"},{"taxonomy":"product_tag","embeddable":true,"href":"https:\/\/florsivioles.marketingempresas.es\/en\/wp-json\/wp\/v2\/product_tag?post=7396"},{"taxonomy":"receta","embeddable":true,"href":"https:\/\/florsivioles.marketingempresas.es\/en\/wp-json\/wp\/v2\/taxonomy\/receta?post=7396"}],"curies":[{"name":"wp","href":"https:\/\/api.w.org\/{rel}","templated":true}]}}