{"id":7384,"date":"2022-12-02T07:53:28","date_gmt":"2022-12-02T06:53:28","guid":{"rendered":"https:\/\/florsivioles.marketingempresas.es\/?post_type=product&#038;p=7384"},"modified":"2023-06-15T23:09:28","modified_gmt":"2023-06-15T21:09:28","slug":"vino-tinto-la-boscana","status":"publish","type":"product","link":"https:\/\/florsivioles.marketingempresas.es\/en\/product\/vino-tinto-la-boscana\/","title":{"rendered":"\"La Boscana\" Red Wine"},"content":{"rendered":"<p>El vino tinto La Boscana es un vino tinto joven con barrica, agradable y fresco de Bodegas Costers del Si\u00f3 con Denominaci\u00f3n de Origen del Costers del Segre. Elaborado con\u00a0 las uvas Tempranillo, Garnacha y Syrah.<\/p>\n<p>&#8220;La Boscana&#8221; es un bello t\u00e9rmino catal\u00e1n que significa grandes extensiones de bosque. El nombre evoca naturaleza, aire libre, relajaci\u00f3n, diversi\u00f3n&#8230; Todas estas sensaciones son las que persiguen transmitir los vinos de esta gama: tinto y blanco. La imagen que los acompa\u00f1a, divertida, diferente, con un aire juvenil, es un fiel reflejo de lo que son estos vinos: din\u00e1micos, frescos, con notas arom\u00e1ticas f\u00e1ciles de reconocer, para todos los que queremos mantener el esp\u00edritu joven.<\/p>\n<p>&nbsp;<\/p>","protected":false},"excerpt":{"rendered":"<p>75CL Bottle<\/p>","protected":false},"featured_media":7445,"template":"","meta":{"_uag_custom_page_level_css":""},"product_brand":[],"product_cat":[550,1231],"product_tag":[768,766,765],"taxonomy\/receta":[],"class_list":{"0":"post-7384","1":"product","2":"type-product","3":"status-publish","4":"has-post-thumbnail","6":"product_cat-vinos","7":"product_cat-bodega","8":"product_tag-vino-a-domicilio","9":"product_tag-vino-ecologico","10":"product_tag-vino-tinto","11":"product_shipping_class-envio-gratuito","13":"first","14":"instock","15":"taxable","16":"shipping-taxable","17":"purchasable","18":"product-type-simple"},"uagb_featured_image_src":{"full":["https:\/\/florsivioles.marketingempresas.es\/wp-content\/uploads\/2022\/12\/Vino-Tinto-La-Boscana.jpg",640,554,false],"thumbnail":["https:\/\/florsivioles.marketingempresas.es\/wp-content\/uploads\/2022\/12\/Vino-Tinto-La-Boscana-150x130.jpg",150,130,true],"medium":["https:\/\/florsivioles.marketingempresas.es\/wp-content\/uploads\/2022\/12\/Vino-Tinto-La-Boscana-364x315.jpg",364,315,true],"medium_large":["https:\/\/florsivioles.marketingempresas.es\/wp-content\/uploads\/2022\/12\/Vino-Tinto-La-Boscana.jpg",640,554,false],"large":["https:\/\/florsivioles.marketingempresas.es\/wp-content\/uploads\/2022\/12\/Vino-Tinto-La-Boscana.jpg",640,554,false],"1536x1536":["https:\/\/florsivioles.marketingempresas.es\/wp-content\/uploads\/2022\/12\/Vino-Tinto-La-Boscana.jpg",640,554,false],"2048x2048":["https:\/\/florsivioles.marketingempresas.es\/wp-content\/uploads\/2022\/12\/Vino-Tinto-La-Boscana.jpg",640,554,false],"trp-custom-language-flag":["https:\/\/florsivioles.marketingempresas.es\/wp-content\/uploads\/2022\/12\/Vino-Tinto-La-Boscana-14x12.jpg",14,12,true],"woocommerce_thumbnail":["https:\/\/florsivioles.marketingempresas.es\/wp-content\/uploads\/2022\/12\/Vino-Tinto-La-Boscana-260x260.jpg",260,260,true],"woocommerce_single":["https:\/\/florsivioles.marketingempresas.es\/wp-content\/uploads\/2022\/12\/Vino-Tinto-La-Boscana-360x312.jpg",360,312,true],"woocommerce_gallery_thumbnail":["https:\/\/florsivioles.marketingempresas.es\/wp-content\/uploads\/2022\/12\/Vino-Tinto-La-Boscana-100x100.jpg",100,100,true]},"uagb_author_info":{"display_name":"Christian Roig Brown","author_link":"https:\/\/florsivioles.marketingempresas.es\/en\/author\/"},"uagb_comment_info":0,"uagb_excerpt":"Envase de 75 Cl.","_links":{"self":[{"href":"https:\/\/florsivioles.marketingempresas.es\/en\/wp-json\/wp\/v2\/product\/7384","targetHints":{"allow":["GET"]}}],"collection":[{"href":"https:\/\/florsivioles.marketingempresas.es\/en\/wp-json\/wp\/v2\/product"}],"about":[{"href":"https:\/\/florsivioles.marketingempresas.es\/en\/wp-json\/wp\/v2\/types\/product"}],"wp:featuredmedia":[{"embeddable":true,"href":"https:\/\/florsivioles.marketingempresas.es\/en\/wp-json\/wp\/v2\/media\/7445"}],"wp:attachment":[{"href":"https:\/\/florsivioles.marketingempresas.es\/en\/wp-json\/wp\/v2\/media?parent=7384"}],"wp:term":[{"taxonomy":"product_brand","embeddable":true,"href":"https:\/\/florsivioles.marketingempresas.es\/en\/wp-json\/wp\/v2\/product_brand?post=7384"},{"taxonomy":"product_cat","embeddable":true,"href":"https:\/\/florsivioles.marketingempresas.es\/en\/wp-json\/wp\/v2\/product_cat?post=7384"},{"taxonomy":"product_tag","embeddable":true,"href":"https:\/\/florsivioles.marketingempresas.es\/en\/wp-json\/wp\/v2\/product_tag?post=7384"},{"taxonomy":"receta","embeddable":true,"href":"https:\/\/florsivioles.marketingempresas.es\/en\/wp-json\/wp\/v2\/taxonomy\/receta?post=7384"}],"curies":[{"name":"wp","href":"https:\/\/api.w.org\/{rel}","templated":true}]}}