{"id":7381,"date":"2022-12-02T07:55:11","date_gmt":"2022-12-02T06:55:11","guid":{"rendered":"https:\/\/florsivioles.marketingempresas.es\/?post_type=product&#038;p=7381"},"modified":"2023-03-11T17:22:15","modified_gmt":"2023-03-11T16:22:15","slug":"vino-tinto-ecologico-raimat-abadia","status":"publish","type":"product","link":"https:\/\/florsivioles.marketingempresas.es\/en\/product\/vino-tinto-ecologico-raimat-abadia\/","title":{"rendered":"\"Raimat\" Abadia Organic Red Wine"},"content":{"rendered":"<p>El vino tinto ecol\u00f3gico Raimat Abadia es un vino tinto elaborado con Cabernet Sauvignon y Tempranillo de vi\u00f1edos propios. Vendimiadas de noche, las dos variedades se vinifican por separado. Nada m\u00e1s llegar a la bodega se realiza una maceraci\u00f3n pre-fermentativa de 24-48 horas a 15\u00b0C, para fermentar luego en dep\u00f3sitos de acero inoxidable, donde tambi\u00e9n realizan la fermentaci\u00f3n malol\u00e1ctica. La crianza es de 10 meses en barricas de roble franc\u00e9s de distintos tama\u00f1os.<\/p>\n<p>Raimat Abadia es un vino lineal, elegante y equilibrado. En nariz destacan los aromas a fruta negra madura con marcadas notas tostadas. En boca es limpio, con estructura y un final generoso.<\/p>\n<p>Raimat destaca desde un principio en el \u00e1mbito de la investigaci\u00f3n enol\u00f3gica, m\u00e1s de 30 proyectos de investigaci\u00f3n vitivin\u00edcola confirman a esta bodega como una aut\u00e9ntica referencia a nivel europeo y mundial. Actualmente en Raimat practican una viticultura sostenible para obtener productos de alta calidad minimizando el uso de productos agroqu\u00edmicos, disminuyendo los residuos y optimizando los m\u00e9todos de producci\u00f3n mediante la integraci\u00f3n total de los recursos disponibles.<\/p>\n<p>La bodega m\u00e1s antigua de la D.O. Costers del Segre elabor\u00f3 su primera botella de Raimat Abadia en 1978, inspir\u00e1ndose en la entrega y la paciencia con la que los monjes trabajaban. Hoy, este vino de cabernet sauvignon y tempranillo, es el vino ic\u00f3nico de la bodega y no deja de cosechar \u00e9xitos: en el 2020 obtuvo una Gran Medalla de Oro en los premios internacionales de los vinos ecol\u00f3gicos ECOVINO. El\u00edgelo si eres de los que buscan intensos aromas frutales y un toque de vainilla y chocolate negro en la copa, descubrir\u00e1s por qu\u00e9 es un vino emblem\u00e1tico.<\/p>\n<p>El edificio de la bodega Raimat data de 1918. Joan Rubi\u00f3 i Bellver, quien fuera disc\u00edpulo de Antoni Gaud\u00ed, proyect\u00f3 el que entonces fue el primer edificio construido con hormig\u00f3n armado en Espa\u00f1a. \u00c9ste fue calificado, nada m\u00e1s ni nada menos, como la &#8220;catedral del vino&#8221;.<\/p>","protected":false},"excerpt":{"rendered":"<p>75CL Bottle<\/p>","protected":false},"featured_media":7447,"template":"","meta":{"_uag_custom_page_level_css":""},"product_brand":[],"product_cat":[550,1231],"product_tag":[768,766,765],"taxonomy\/receta":[],"class_list":{"0":"post-7381","1":"product","2":"type-product","3":"status-publish","4":"has-post-thumbnail","6":"product_cat-vinos","7":"product_cat-bodega","8":"product_tag-vino-a-domicilio","9":"product_tag-vino-ecologico","10":"product_tag-vino-tinto","11":"product_shipping_class-envio-gratuito","13":"first","14":"instock","15":"taxable","16":"shipping-taxable","17":"purchasable","18":"product-type-simple"},"uagb_featured_image_src":{"full":["https:\/\/florsivioles.marketingempresas.es\/wp-content\/uploads\/2022\/12\/Vino-Tinto-ecologico-Raimat-Abadia.jpg",640,554,false],"thumbnail":["https:\/\/florsivioles.marketingempresas.es\/wp-content\/uploads\/2022\/12\/Vino-Tinto-ecologico-Raimat-Abadia-150x130.jpg",150,130,true],"medium":["https:\/\/florsivioles.marketingempresas.es\/wp-content\/uploads\/2022\/12\/Vino-Tinto-ecologico-Raimat-Abadia-364x315.jpg",364,315,true],"medium_large":["https:\/\/florsivioles.marketingempresas.es\/wp-content\/uploads\/2022\/12\/Vino-Tinto-ecologico-Raimat-Abadia.jpg",640,554,false],"large":["https:\/\/florsivioles.marketingempresas.es\/wp-content\/uploads\/2022\/12\/Vino-Tinto-ecologico-Raimat-Abadia.jpg",640,554,false],"1536x1536":["https:\/\/florsivioles.marketingempresas.es\/wp-content\/uploads\/2022\/12\/Vino-Tinto-ecologico-Raimat-Abadia.jpg",640,554,false],"2048x2048":["https:\/\/florsivioles.marketingempresas.es\/wp-content\/uploads\/2022\/12\/Vino-Tinto-ecologico-Raimat-Abadia.jpg",640,554,false],"trp-custom-language-flag":["https:\/\/florsivioles.marketingempresas.es\/wp-content\/uploads\/2022\/12\/Vino-Tinto-ecologico-Raimat-Abadia-14x12.jpg",14,12,true],"woocommerce_thumbnail":["https:\/\/florsivioles.marketingempresas.es\/wp-content\/uploads\/2022\/12\/Vino-Tinto-ecologico-Raimat-Abadia-260x260.jpg",260,260,true],"woocommerce_single":["https:\/\/florsivioles.marketingempresas.es\/wp-content\/uploads\/2022\/12\/Vino-Tinto-ecologico-Raimat-Abadia-360x312.jpg",360,312,true],"woocommerce_gallery_thumbnail":["https:\/\/florsivioles.marketingempresas.es\/wp-content\/uploads\/2022\/12\/Vino-Tinto-ecologico-Raimat-Abadia-100x100.jpg",100,100,true]},"uagb_author_info":{"display_name":"Christian Roig Brown","author_link":"https:\/\/florsivioles.marketingempresas.es\/en\/author\/"},"uagb_comment_info":0,"uagb_excerpt":"Envase de 75 Cl.","_links":{"self":[{"href":"https:\/\/florsivioles.marketingempresas.es\/en\/wp-json\/wp\/v2\/product\/7381","targetHints":{"allow":["GET"]}}],"collection":[{"href":"https:\/\/florsivioles.marketingempresas.es\/en\/wp-json\/wp\/v2\/product"}],"about":[{"href":"https:\/\/florsivioles.marketingempresas.es\/en\/wp-json\/wp\/v2\/types\/product"}],"wp:featuredmedia":[{"embeddable":true,"href":"https:\/\/florsivioles.marketingempresas.es\/en\/wp-json\/wp\/v2\/media\/7447"}],"wp:attachment":[{"href":"https:\/\/florsivioles.marketingempresas.es\/en\/wp-json\/wp\/v2\/media?parent=7381"}],"wp:term":[{"taxonomy":"product_brand","embeddable":true,"href":"https:\/\/florsivioles.marketingempresas.es\/en\/wp-json\/wp\/v2\/product_brand?post=7381"},{"taxonomy":"product_cat","embeddable":true,"href":"https:\/\/florsivioles.marketingempresas.es\/en\/wp-json\/wp\/v2\/product_cat?post=7381"},{"taxonomy":"product_tag","embeddable":true,"href":"https:\/\/florsivioles.marketingempresas.es\/en\/wp-json\/wp\/v2\/product_tag?post=7381"},{"taxonomy":"receta","embeddable":true,"href":"https:\/\/florsivioles.marketingempresas.es\/en\/wp-json\/wp\/v2\/taxonomy\/receta?post=7381"}],"curies":[{"name":"wp","href":"https:\/\/api.w.org\/{rel}","templated":true}]}}