{"id":7371,"date":"2022-12-02T07:59:43","date_gmt":"2022-12-02T06:59:43","guid":{"rendered":"https:\/\/florsivioles.marketingempresas.es\/?post_type=product&#038;p=7371"},"modified":"2023-11-16T19:05:23","modified_gmt":"2023-11-16T18:05:23","slug":"vino-tinto-ecologico-can-rich-seleccion","status":"publish","type":"product","link":"https:\/\/florsivioles.marketingempresas.es\/en\/product\/vino-tinto-ecologico-can-rich-seleccion\/","title":{"rendered":"\"Can Rich\" Organic Red Wine Selection"},"content":{"rendered":"<p>El vino tinto ecol\u00f3gico Selecci\u00f3n de las bodegas de Can Rich es un vino producido en Ibiza con las variedades Cabernet Sauvignon, Merlot y Tempranillo. Las cepas son conducidas en espaldera y cultivadas siguiendo la normativa del Consejo Balear de la Producci\u00f3n Agraria Ecol\u00f3gica.<\/p>\n<p>En Can Rich la vendimia se lleva a cabo durante el mes de agosto, la recolecci\u00f3n se realiza manualmente seguida de un transporte r\u00e1pido de la uva hasta la bodega para evitar posibles oxidaciones. Despu\u00e9s de un estrujado y despalillado se realiza la fermentaci\u00f3n-maceraci\u00f3n en dep\u00f3sitos de acero inoxidable a temperatura controlada.<\/p>\n<p>Can Rich inicia su actividad el a\u00f1o 1997 plantando 17 hect\u00e1reas de vi\u00f1edos con variedades tradicionales y for\u00e1neas. En 1999 se construye la bodega, incorporando las nuevas t\u00e9cnicas de elaboraci\u00f3n y en 2007 realizamos una nueva plantaci\u00f3n de 4 hect\u00e1reas de vi\u00f1edos y 3.000 olivos en un entorno excepcional como es el Parque Natural de Ses Salines.<\/p>\n<p>En Can Rich unen tradici\u00f3n y modernidad siendo pioneros en la aplicaci\u00f3n de la agricultura ecol\u00f3gica en los vi\u00f1edos e intentan que su particular forma de entender la cultura del vino y el respeto por la naturaleza, quede reflejado en la calidad de los productos y sirvan para transmitir la singularidad del clima y las tierras de Ibiza.<\/p>","protected":false},"excerpt":{"rendered":"<p>75CL Bottle<\/p>","protected":false},"featured_media":7451,"template":"","meta":{"_uag_custom_page_level_css":""},"product_brand":[],"product_cat":[550,1231,580],"product_tag":[65,768,1380,766,765,1381],"taxonomy\/receta":[],"class_list":{"0":"post-7371","1":"product","2":"type-product","3":"status-publish","4":"has-post-thumbnail","6":"product_cat-vinos","7":"product_cat-bodega","8":"product_cat-local","9":"product_tag-producto-local","10":"product_tag-vino-a-domicilio","11":"product_tag-vino-de-la-tierra","12":"product_tag-vino-ecologico","13":"product_tag-vino-tinto","14":"product_tag-vinos-de-ibiza","15":"product_shipping_class-envio-gratuito","17":"first","18":"instock","19":"featured","20":"taxable","21":"shipping-taxable","22":"purchasable","23":"product-type-simple"},"uagb_featured_image_src":{"full":["https:\/\/florsivioles.marketingempresas.es\/wp-content\/uploads\/2022\/12\/Vino-Tinto-ecologico-Can-Rich-Seleccion.jpg",640,554,false],"thumbnail":["https:\/\/florsivioles.marketingempresas.es\/wp-content\/uploads\/2022\/12\/Vino-Tinto-ecologico-Can-Rich-Seleccion-150x130.jpg",150,130,true],"medium":["https:\/\/florsivioles.marketingempresas.es\/wp-content\/uploads\/2022\/12\/Vino-Tinto-ecologico-Can-Rich-Seleccion-364x315.jpg",364,315,true],"medium_large":["https:\/\/florsivioles.marketingempresas.es\/wp-content\/uploads\/2022\/12\/Vino-Tinto-ecologico-Can-Rich-Seleccion.jpg",640,554,false],"large":["https:\/\/florsivioles.marketingempresas.es\/wp-content\/uploads\/2022\/12\/Vino-Tinto-ecologico-Can-Rich-Seleccion.jpg",640,554,false],"1536x1536":["https:\/\/florsivioles.marketingempresas.es\/wp-content\/uploads\/2022\/12\/Vino-Tinto-ecologico-Can-Rich-Seleccion.jpg",640,554,false],"2048x2048":["https:\/\/florsivioles.marketingempresas.es\/wp-content\/uploads\/2022\/12\/Vino-Tinto-ecologico-Can-Rich-Seleccion.jpg",640,554,false],"trp-custom-language-flag":["https:\/\/florsivioles.marketingempresas.es\/wp-content\/uploads\/2022\/12\/Vino-Tinto-ecologico-Can-Rich-Seleccion-14x12.jpg",14,12,true],"woocommerce_thumbnail":["https:\/\/florsivioles.marketingempresas.es\/wp-content\/uploads\/2022\/12\/Vino-Tinto-ecologico-Can-Rich-Seleccion-260x260.jpg",260,260,true],"woocommerce_single":["https:\/\/florsivioles.marketingempresas.es\/wp-content\/uploads\/2022\/12\/Vino-Tinto-ecologico-Can-Rich-Seleccion-360x312.jpg",360,312,true],"woocommerce_gallery_thumbnail":["https:\/\/florsivioles.marketingempresas.es\/wp-content\/uploads\/2022\/12\/Vino-Tinto-ecologico-Can-Rich-Seleccion-100x100.jpg",100,100,true]},"uagb_author_info":{"display_name":"Christian Roig Brown","author_link":"https:\/\/florsivioles.marketingempresas.es\/en\/author\/"},"uagb_comment_info":0,"uagb_excerpt":"Envase de 75 Cl.","_links":{"self":[{"href":"https:\/\/florsivioles.marketingempresas.es\/en\/wp-json\/wp\/v2\/product\/7371","targetHints":{"allow":["GET"]}}],"collection":[{"href":"https:\/\/florsivioles.marketingempresas.es\/en\/wp-json\/wp\/v2\/product"}],"about":[{"href":"https:\/\/florsivioles.marketingempresas.es\/en\/wp-json\/wp\/v2\/types\/product"}],"wp:featuredmedia":[{"embeddable":true,"href":"https:\/\/florsivioles.marketingempresas.es\/en\/wp-json\/wp\/v2\/media\/7451"}],"wp:attachment":[{"href":"https:\/\/florsivioles.marketingempresas.es\/en\/wp-json\/wp\/v2\/media?parent=7371"}],"wp:term":[{"taxonomy":"product_brand","embeddable":true,"href":"https:\/\/florsivioles.marketingempresas.es\/en\/wp-json\/wp\/v2\/product_brand?post=7371"},{"taxonomy":"product_cat","embeddable":true,"href":"https:\/\/florsivioles.marketingempresas.es\/en\/wp-json\/wp\/v2\/product_cat?post=7371"},{"taxonomy":"product_tag","embeddable":true,"href":"https:\/\/florsivioles.marketingempresas.es\/en\/wp-json\/wp\/v2\/product_tag?post=7371"},{"taxonomy":"receta","embeddable":true,"href":"https:\/\/florsivioles.marketingempresas.es\/en\/wp-json\/wp\/v2\/taxonomy\/receta?post=7371"}],"curies":[{"name":"wp","href":"https:\/\/api.w.org\/{rel}","templated":true}]}}