{"id":7368,"date":"2022-12-02T08:00:54","date_gmt":"2022-12-02T07:00:54","guid":{"rendered":"https:\/\/florsivioles.marketingempresas.es\/?post_type=product&#038;p=7368"},"modified":"2023-06-15T23:09:03","modified_gmt":"2023-06-15T21:09:03","slug":"vino-tinto-marques-de-murrieta","status":"publish","type":"product","link":"https:\/\/florsivioles.marketingempresas.es\/en\/product\/vino-tinto-marques-de-murrieta\/","title":{"rendered":"\"Marqu\u00e9s de Murrieta\" Red Wine"},"content":{"rendered":"<p>El vino tinto Marqu\u00e9s de Murrieta Reserva 2018 es un cl\u00e1sico imprescindible para los amantes de los riojas refinados y elegantes. Un tinto que a\u00fana finura y complejidad elaborado por Bodegas Marqu\u00e9s de Murrieta, una pionera en la elaboraci\u00f3n de vino de calidad en nuestro pa\u00eds, que a lo largo del tiempo se ha mantenido como una de las bodegas m\u00e1s importantes de Rioja, con una caracter\u00edstica definitoria: su apuesta por los vinos de terru\u00f1o, basados en el vi\u00f1edo propio de su Finca Ygay.<\/p>\n<p>Marqu\u00e9s de Murrieta Reserva 2018 est\u00e1 elaborado con uvas de tempranillo, graciano, mazuelo, y garnacha procedentes de la Finca Ygay, propiedad ubicada en Rioja Alta que alberga 300 hect\u00e1reas de vi\u00f1edo y las instalaciones de la bodega. No te pierdas la \u00faltima cosecha de un cl\u00e1sico del vino espa\u00f1ol, con una larga y delicada crianza de 21 meses en barricas de roble americano.<\/p>\n<p>Marqu\u00e9s de Murrieta es una de las bodegas m\u00e1s importantes de Espa\u00f1a. Su historia comenz\u00f3 en 1852, cuando Luciano de Murrieta y Garc\u00eda-Lemoine decidi\u00f3 convertir el vino riojano en un vino noble, dando luz verde a una nueva era en la vitivinicultura espa\u00f1ola. Vicente Cebri\u00e1n-Sagarriga, Conde de Creixell, adquiri\u00f3 la bodega en 1983. Gracias a la acertada gesti\u00f3n de su hijo Vicente Dalmau Cebri\u00e1n-Sagarriga, los vinos de Marqu\u00e9s de Murrieta se mantienen hoy en la cima del panorama internacional.<\/p>","protected":false},"excerpt":{"rendered":"<p>75CL Bottle<\/p>","protected":false},"featured_media":7453,"template":"","meta":{"_uag_custom_page_level_css":""},"product_brand":[],"product_cat":[550,1231],"product_tag":[1379,768,765],"taxonomy\/receta":[],"class_list":{"0":"post-7368","1":"product","2":"type-product","3":"status-publish","4":"has-post-thumbnail","6":"product_cat-vinos","7":"product_cat-bodega","8":"product_tag-marques-de-murrieta","9":"product_tag-vino-a-domicilio","10":"product_tag-vino-tinto","11":"product_shipping_class-envio-gratuito","13":"first","14":"instock","15":"taxable","16":"shipping-taxable","17":"purchasable","18":"product-type-simple"},"uagb_featured_image_src":{"full":["https:\/\/florsivioles.marketingempresas.es\/wp-content\/uploads\/2022\/12\/Vino-tinto-Marques-de-Murrieta.jpg",640,554,false],"thumbnail":["https:\/\/florsivioles.marketingempresas.es\/wp-content\/uploads\/2022\/12\/Vino-tinto-Marques-de-Murrieta-150x130.jpg",150,130,true],"medium":["https:\/\/florsivioles.marketingempresas.es\/wp-content\/uploads\/2022\/12\/Vino-tinto-Marques-de-Murrieta-364x315.jpg",364,315,true],"medium_large":["https:\/\/florsivioles.marketingempresas.es\/wp-content\/uploads\/2022\/12\/Vino-tinto-Marques-de-Murrieta.jpg",640,554,false],"large":["https:\/\/florsivioles.marketingempresas.es\/wp-content\/uploads\/2022\/12\/Vino-tinto-Marques-de-Murrieta.jpg",640,554,false],"1536x1536":["https:\/\/florsivioles.marketingempresas.es\/wp-content\/uploads\/2022\/12\/Vino-tinto-Marques-de-Murrieta.jpg",640,554,false],"2048x2048":["https:\/\/florsivioles.marketingempresas.es\/wp-content\/uploads\/2022\/12\/Vino-tinto-Marques-de-Murrieta.jpg",640,554,false],"trp-custom-language-flag":["https:\/\/florsivioles.marketingempresas.es\/wp-content\/uploads\/2022\/12\/Vino-tinto-Marques-de-Murrieta-14x12.jpg",14,12,true],"woocommerce_thumbnail":["https:\/\/florsivioles.marketingempresas.es\/wp-content\/uploads\/2022\/12\/Vino-tinto-Marques-de-Murrieta-260x260.jpg",260,260,true],"woocommerce_single":["https:\/\/florsivioles.marketingempresas.es\/wp-content\/uploads\/2022\/12\/Vino-tinto-Marques-de-Murrieta-360x312.jpg",360,312,true],"woocommerce_gallery_thumbnail":["https:\/\/florsivioles.marketingempresas.es\/wp-content\/uploads\/2022\/12\/Vino-tinto-Marques-de-Murrieta-100x100.jpg",100,100,true]},"uagb_author_info":{"display_name":"Christian Roig Brown","author_link":"https:\/\/florsivioles.marketingempresas.es\/en\/author\/"},"uagb_comment_info":0,"uagb_excerpt":"Envase de 75 Cl.","_links":{"self":[{"href":"https:\/\/florsivioles.marketingempresas.es\/en\/wp-json\/wp\/v2\/product\/7368","targetHints":{"allow":["GET"]}}],"collection":[{"href":"https:\/\/florsivioles.marketingempresas.es\/en\/wp-json\/wp\/v2\/product"}],"about":[{"href":"https:\/\/florsivioles.marketingempresas.es\/en\/wp-json\/wp\/v2\/types\/product"}],"wp:featuredmedia":[{"embeddable":true,"href":"https:\/\/florsivioles.marketingempresas.es\/en\/wp-json\/wp\/v2\/media\/7453"}],"wp:attachment":[{"href":"https:\/\/florsivioles.marketingempresas.es\/en\/wp-json\/wp\/v2\/media?parent=7368"}],"wp:term":[{"taxonomy":"product_brand","embeddable":true,"href":"https:\/\/florsivioles.marketingempresas.es\/en\/wp-json\/wp\/v2\/product_brand?post=7368"},{"taxonomy":"product_cat","embeddable":true,"href":"https:\/\/florsivioles.marketingempresas.es\/en\/wp-json\/wp\/v2\/product_cat?post=7368"},{"taxonomy":"product_tag","embeddable":true,"href":"https:\/\/florsivioles.marketingempresas.es\/en\/wp-json\/wp\/v2\/product_tag?post=7368"},{"taxonomy":"receta","embeddable":true,"href":"https:\/\/florsivioles.marketingempresas.es\/en\/wp-json\/wp\/v2\/taxonomy\/receta?post=7368"}],"curies":[{"name":"wp","href":"https:\/\/api.w.org\/{rel}","templated":true}]}}