{"id":7356,"date":"2022-12-02T09:08:20","date_gmt":"2022-12-02T08:08:20","guid":{"rendered":"https:\/\/florsivioles.marketingempresas.es\/?post_type=product&#038;p=7356"},"modified":"2023-06-15T23:05:50","modified_gmt":"2023-06-15T21:05:50","slug":"cerveza-little-coronita","status":"publish","type":"product","link":"https:\/\/florsivioles.marketingempresas.es\/en\/product\/cerveza-little-coronita\/","title":{"rendered":"Little Coronita Beer"},"content":{"rendered":"<p>Disfrutar de una Corona es algo m\u00e1s que eso. Es disfrutar de su ritual y de todo lo que te rodea en ese instante para convertir un momento cualquiera en algo extraordinario.<\/p>\n<p>Little corona de presenta en botellines de 210 mililitros cada uno de estilo Light Lager, la cerveza mexicana premium de importaci\u00f3n n\u00ba 1 en m\u00e1s de 45 pa\u00edses y la m\u00e1s vendida desde 1925, con 4,5% de alcohol.<\/p>\n<p>Cerveza Corona de color claro, amarillo brillante, que junto con su espuma blanca forman la combinaci\u00f3n perfecta convirtiendo a la cerveza Coronita en una cerveza cremosa y consistente. Tiene el balance perfecto entre las cervezas europeas con mucho cuerpo y las ligeras. La cerveza Corona est\u00e1 elaborada con cebada malteada, arroz y\/o ma\u00edz, l\u00fapulo y levadura. \u00danica y de gran calidad<\/p>","protected":false},"excerpt":{"rendered":"<p>Envase de 21 Cl.<\/p>","protected":false},"featured_media":7359,"template":"","meta":{"_uag_custom_page_level_css":""},"product_brand":[],"product_cat":[549,16],"product_tag":[772,771,1378,1377,774],"taxonomy\/receta":[],"class_list":{"0":"post-7356","1":"product","2":"type-product","3":"status-publish","4":"has-post-thumbnail","6":"product_cat-cervezas-bio","7":"product_cat-convencional","8":"product_tag-cerveza-artesanal","9":"product_tag-cerveza-con-proposito","10":"product_tag-coronita","11":"product_tag-little-corona","12":"product_tag-surfer","13":"product_shipping_class-envio-gratuito","15":"first","16":"instock","17":"taxable","18":"shipping-taxable","19":"purchasable","20":"product-type-simple"},"uagb_featured_image_src":{"full":["https:\/\/florsivioles.marketingempresas.es\/wp-content\/uploads\/2023\/03\/cerveza-coronita.jpg",850,630,false],"thumbnail":["https:\/\/florsivioles.marketingempresas.es\/wp-content\/uploads\/2023\/03\/cerveza-coronita-150x111.jpg",150,111,true],"medium":["https:\/\/florsivioles.marketingempresas.es\/wp-content\/uploads\/2023\/03\/cerveza-coronita-364x270.jpg",364,270,true],"medium_large":["https:\/\/florsivioles.marketingempresas.es\/wp-content\/uploads\/2023\/03\/cerveza-coronita-768x569.jpg",768,569,true],"large":["https:\/\/florsivioles.marketingempresas.es\/wp-content\/uploads\/2023\/03\/cerveza-coronita.jpg",850,630,false],"1536x1536":["https:\/\/florsivioles.marketingempresas.es\/wp-content\/uploads\/2023\/03\/cerveza-coronita.jpg",850,630,false],"2048x2048":["https:\/\/florsivioles.marketingempresas.es\/wp-content\/uploads\/2023\/03\/cerveza-coronita.jpg",850,630,false],"trp-custom-language-flag":["https:\/\/florsivioles.marketingempresas.es\/wp-content\/uploads\/2023\/03\/cerveza-coronita-16x12.jpg",16,12,true],"woocommerce_thumbnail":["https:\/\/florsivioles.marketingempresas.es\/wp-content\/uploads\/2023\/03\/cerveza-coronita-260x260.jpg",260,260,true],"woocommerce_single":["https:\/\/florsivioles.marketingempresas.es\/wp-content\/uploads\/2023\/03\/cerveza-coronita-360x267.jpg",360,267,true],"woocommerce_gallery_thumbnail":["https:\/\/florsivioles.marketingempresas.es\/wp-content\/uploads\/2023\/03\/cerveza-coronita-100x100.jpg",100,100,true]},"uagb_author_info":{"display_name":"Christian Roig Brown","author_link":"https:\/\/florsivioles.marketingempresas.es\/en\/author\/"},"uagb_comment_info":0,"uagb_excerpt":"Envase de 21 Cl.","_links":{"self":[{"href":"https:\/\/florsivioles.marketingempresas.es\/en\/wp-json\/wp\/v2\/product\/7356","targetHints":{"allow":["GET"]}}],"collection":[{"href":"https:\/\/florsivioles.marketingempresas.es\/en\/wp-json\/wp\/v2\/product"}],"about":[{"href":"https:\/\/florsivioles.marketingempresas.es\/en\/wp-json\/wp\/v2\/types\/product"}],"wp:featuredmedia":[{"embeddable":true,"href":"https:\/\/florsivioles.marketingempresas.es\/en\/wp-json\/wp\/v2\/media\/7359"}],"wp:attachment":[{"href":"https:\/\/florsivioles.marketingempresas.es\/en\/wp-json\/wp\/v2\/media?parent=7356"}],"wp:term":[{"taxonomy":"product_brand","embeddable":true,"href":"https:\/\/florsivioles.marketingempresas.es\/en\/wp-json\/wp\/v2\/product_brand?post=7356"},{"taxonomy":"product_cat","embeddable":true,"href":"https:\/\/florsivioles.marketingempresas.es\/en\/wp-json\/wp\/v2\/product_cat?post=7356"},{"taxonomy":"product_tag","embeddable":true,"href":"https:\/\/florsivioles.marketingempresas.es\/en\/wp-json\/wp\/v2\/product_tag?post=7356"},{"taxonomy":"receta","embeddable":true,"href":"https:\/\/florsivioles.marketingempresas.es\/en\/wp-json\/wp\/v2\/taxonomy\/receta?post=7356"}],"curies":[{"name":"wp","href":"https:\/\/api.w.org\/{rel}","templated":true}]}}