{"id":7352,"date":"2022-12-02T09:10:10","date_gmt":"2022-12-02T08:10:10","guid":{"rendered":"https:\/\/florsivioles.marketingempresas.es\/?post_type=product&#038;p=7352"},"modified":"2023-06-15T23:05:44","modified_gmt":"2023-06-15T21:05:44","slug":"cerveza-sin-gluten-daura","status":"publish","type":"product","link":"https:\/\/florsivioles.marketingempresas.es\/en\/product\/cerveza-sin-gluten-daura\/","title":{"rendered":"\"Daura\" Gluten free Beer"},"content":{"rendered":"<p>La cerveza Daura de Estrella Damm fue lanzada en 2006. Desde entonces ha recibido numerosos premios de prestigiosos cert\u00e1menes internacionales, siendo reconocida como la mejor cerveza sin gluten.<\/p>\n<p>Los Maestros Cerveceros de Damm junto con la Unidad de Gluten del CSIC (Consejo Superior de Investigaciones Cient\u00edficas) fueron pioneros en desarrollar una cerveza apta para cel\u00edacos con todo el sabor. Podemos definir Daura como el sabor de &#8220;la cerveza de siempre&#8221;, ya que se elabora con su principal ingrediente: malta de cebada.<\/p>\n<p>Dorada con tonalidades ambarinas y algunos reflejos verdosos. Es limpia, brillante. Su espuma, de color crudo y de larga presencia. Las burbujas de recorrido r\u00e1pido, son finas y abundantes. Su nariz de especies frescas es envolvente.<\/p>\n<p>Las notas de torrefacto dan personalidad a la percepci\u00f3n final. La boca es suave pues su carb\u00f3nico est\u00e1 integrado y lleva el paladar de densas notas a cereales tostados.<\/p>\n<p>La viveza de la acidez la hace inminentemente fresca. El amargor al final de boca, le da un largo postgusto.<\/p>","protected":false},"excerpt":{"rendered":"<p>330 ml bottle<\/p>","protected":false},"featured_media":7354,"template":"","meta":{"_uag_custom_page_level_css":""},"product_brand":[],"product_cat":[1231,549,1209],"product_tag":[1376,772,771,921,443,774],"taxonomy\/receta":[],"class_list":{"0":"post-7352","1":"product","2":"type-product","3":"status-publish","4":"has-post-thumbnail","6":"product_cat-bodega","7":"product_cat-cervezas-bio","8":"product_cat-sin-gluten-bio","9":"product_tag-celiacos","10":"product_tag-cerveza-artesanal","11":"product_tag-cerveza-con-proposito","12":"product_tag-gluten-free","13":"product_tag-sin-gluten","14":"product_tag-surfer","15":"product_shipping_class-envio-gratuito","17":"first","18":"instock","19":"taxable","20":"shipping-taxable","21":"purchasable","22":"product-type-simple"},"uagb_featured_image_src":{"full":["https:\/\/florsivioles.marketingempresas.es\/wp-content\/uploads\/2023\/03\/cerveza-sinb-gluten-daura-e1678611070333.jpg",467,427,false],"thumbnail":["https:\/\/florsivioles.marketingempresas.es\/wp-content\/uploads\/2023\/03\/cerveza-sinb-gluten-daura-e1678611070333-150x137.jpg",150,137,true],"medium":["https:\/\/florsivioles.marketingempresas.es\/wp-content\/uploads\/2023\/03\/cerveza-sinb-gluten-daura-e1678611070333-364x333.jpg",364,333,true],"medium_large":["https:\/\/florsivioles.marketingempresas.es\/wp-content\/uploads\/2023\/03\/cerveza-sinb-gluten-daura-e1678611070333.jpg",467,427,false],"large":["https:\/\/florsivioles.marketingempresas.es\/wp-content\/uploads\/2023\/03\/cerveza-sinb-gluten-daura-e1678611070333.jpg",467,427,false],"1536x1536":["https:\/\/florsivioles.marketingempresas.es\/wp-content\/uploads\/2023\/03\/cerveza-sinb-gluten-daura-e1678611070333.jpg",467,427,false],"2048x2048":["https:\/\/florsivioles.marketingempresas.es\/wp-content\/uploads\/2023\/03\/cerveza-sinb-gluten-daura-e1678611070333.jpg",467,427,false],"trp-custom-language-flag":["https:\/\/florsivioles.marketingempresas.es\/wp-content\/uploads\/2023\/03\/cerveza-sinb-gluten-daura-e1678611070333-13x12.jpg",13,12,true],"woocommerce_thumbnail":["https:\/\/florsivioles.marketingempresas.es\/wp-content\/uploads\/2023\/03\/cerveza-sinb-gluten-daura-e1678611070333-260x260.jpg",260,260,true],"woocommerce_single":["https:\/\/florsivioles.marketingempresas.es\/wp-content\/uploads\/2023\/03\/cerveza-sinb-gluten-daura-e1678611070333-360x329.jpg",360,329,true],"woocommerce_gallery_thumbnail":["https:\/\/florsivioles.marketingempresas.es\/wp-content\/uploads\/2023\/03\/cerveza-sinb-gluten-daura-e1678611070333-100x100.jpg",100,100,true]},"uagb_author_info":{"display_name":"Christian Roig Brown","author_link":"https:\/\/florsivioles.marketingempresas.es\/en\/author\/"},"uagb_comment_info":0,"uagb_excerpt":"Envase de 33 Cl.","_links":{"self":[{"href":"https:\/\/florsivioles.marketingempresas.es\/en\/wp-json\/wp\/v2\/product\/7352","targetHints":{"allow":["GET"]}}],"collection":[{"href":"https:\/\/florsivioles.marketingempresas.es\/en\/wp-json\/wp\/v2\/product"}],"about":[{"href":"https:\/\/florsivioles.marketingempresas.es\/en\/wp-json\/wp\/v2\/types\/product"}],"wp:featuredmedia":[{"embeddable":true,"href":"https:\/\/florsivioles.marketingempresas.es\/en\/wp-json\/wp\/v2\/media\/7354"}],"wp:attachment":[{"href":"https:\/\/florsivioles.marketingempresas.es\/en\/wp-json\/wp\/v2\/media?parent=7352"}],"wp:term":[{"taxonomy":"product_brand","embeddable":true,"href":"https:\/\/florsivioles.marketingempresas.es\/en\/wp-json\/wp\/v2\/product_brand?post=7352"},{"taxonomy":"product_cat","embeddable":true,"href":"https:\/\/florsivioles.marketingempresas.es\/en\/wp-json\/wp\/v2\/product_cat?post=7352"},{"taxonomy":"product_tag","embeddable":true,"href":"https:\/\/florsivioles.marketingempresas.es\/en\/wp-json\/wp\/v2\/product_tag?post=7352"},{"taxonomy":"receta","embeddable":true,"href":"https:\/\/florsivioles.marketingempresas.es\/en\/wp-json\/wp\/v2\/taxonomy\/receta?post=7352"}],"curies":[{"name":"wp","href":"https:\/\/api.w.org\/{rel}","templated":true}]}}