{"id":7345,"date":"2022-12-02T08:52:45","date_gmt":"2022-12-02T07:52:45","guid":{"rendered":"https:\/\/florsivioles.marketingempresas.es\/?post_type=product&#038;p=7345"},"modified":"2023-06-15T23:08:38","modified_gmt":"2023-06-15T21:08:38","slug":"vino-rosado-ecologico-nostrat-sumarroca","status":"publish","type":"product","link":"https:\/\/florsivioles.marketingempresas.es\/en\/product\/vino-rosado-ecologico-nostrat-sumarroca\/","title":{"rendered":"\"Nostrat Sumarroca\" Organic Ros\u00e9 Wine"},"content":{"rendered":"<p>El vino rosado Nostrat est\u00e1 elaborado con uvas de las variedades Merlot, Tempranillo y Syrah, por la bodega Sumarroca situada en la regi\u00f3n del Pened\u00e8s, en Subirats (Barcelona).<\/p>\n<p>Cupage de las principales variedades negras de la bodega, de dos diferentes fincas propias; el tempranillo procede de la finca &#8220;Moli Coloma&#8221; y el merlot y el Syrah de la finca &#8220;Sumarroca&#8221;. A partir de la a\u00f1ada 2018 los vinos son oficialmente procedentes de agricultura ecol\u00f3gica, certificados por la entidad CCPAE, Consejo Catal\u00e1n de la producci\u00f3n agraria ecol\u00f3gica, correspondiendo la certificaci\u00f3n tanto a la finca, las vi\u00f1as as\u00ed como a la bodega y a los vinos.<\/p>\n<p>Este rosado es muy fresco y harmonioso con buena complejidad arom\u00e1tica, notas de fresa y frambuesa con toques florales de violetas, suave y aterciopelado en boca con una acidez correcta y un final de recuerdos a frutos rojos.<\/p>\n<p>La Bodega se instalo en Pened\u00e8s en 1986, en la actualidad cuenta con 464 ha. de las cuales se obtiene el 100% de toda la materia prima necesaria para la elaboraci\u00f3n de sus distintos tipos de vinos y cavas.<\/p>\n<p>&nbsp;<\/p>\n<p>&nbsp;<\/p>\n<p>&nbsp;<\/p>","protected":false},"excerpt":{"rendered":"<p>75CL Bottle<\/p>","protected":false},"featured_media":7454,"template":"","meta":{"_uag_custom_page_level_css":""},"product_brand":[],"product_cat":[27,1231,550],"product_tag":[1374,768,1369,766,770],"taxonomy\/receta":[],"class_list":{"0":"post-7345","1":"product","2":"type-product","3":"status-publish","4":"has-post-thumbnail","6":"product_cat-bio","7":"product_cat-bodega","8":"product_cat-vinos","9":"product_tag-biodinamico","10":"product_tag-vino-a-domicilio","11":"product_tag-vino-biodinamico","12":"product_tag-vino-ecologico","13":"product_tag-vino-rosado","15":"first","16":"instock","17":"taxable","18":"shipping-taxable","19":"purchasable","20":"product-type-simple"},"uagb_featured_image_src":{"full":["https:\/\/florsivioles.marketingempresas.es\/wp-content\/uploads\/2022\/12\/Vino-rosado-ecologico-Nostrat-Sumarroca.jpg",640,554,false],"thumbnail":["https:\/\/florsivioles.marketingempresas.es\/wp-content\/uploads\/2022\/12\/Vino-rosado-ecologico-Nostrat-Sumarroca-150x130.jpg",150,130,true],"medium":["https:\/\/florsivioles.marketingempresas.es\/wp-content\/uploads\/2022\/12\/Vino-rosado-ecologico-Nostrat-Sumarroca-364x315.jpg",364,315,true],"medium_large":["https:\/\/florsivioles.marketingempresas.es\/wp-content\/uploads\/2022\/12\/Vino-rosado-ecologico-Nostrat-Sumarroca.jpg",640,554,false],"large":["https:\/\/florsivioles.marketingempresas.es\/wp-content\/uploads\/2022\/12\/Vino-rosado-ecologico-Nostrat-Sumarroca.jpg",640,554,false],"1536x1536":["https:\/\/florsivioles.marketingempresas.es\/wp-content\/uploads\/2022\/12\/Vino-rosado-ecologico-Nostrat-Sumarroca.jpg",640,554,false],"2048x2048":["https:\/\/florsivioles.marketingempresas.es\/wp-content\/uploads\/2022\/12\/Vino-rosado-ecologico-Nostrat-Sumarroca.jpg",640,554,false],"trp-custom-language-flag":["https:\/\/florsivioles.marketingempresas.es\/wp-content\/uploads\/2022\/12\/Vino-rosado-ecologico-Nostrat-Sumarroca-14x12.jpg",14,12,true],"woocommerce_thumbnail":["https:\/\/florsivioles.marketingempresas.es\/wp-content\/uploads\/2022\/12\/Vino-rosado-ecologico-Nostrat-Sumarroca-260x260.jpg",260,260,true],"woocommerce_single":["https:\/\/florsivioles.marketingempresas.es\/wp-content\/uploads\/2022\/12\/Vino-rosado-ecologico-Nostrat-Sumarroca-360x312.jpg",360,312,true],"woocommerce_gallery_thumbnail":["https:\/\/florsivioles.marketingempresas.es\/wp-content\/uploads\/2022\/12\/Vino-rosado-ecologico-Nostrat-Sumarroca-100x100.jpg",100,100,true]},"uagb_author_info":{"display_name":"Christian Roig Brown","author_link":"https:\/\/florsivioles.marketingempresas.es\/en\/author\/"},"uagb_comment_info":0,"uagb_excerpt":"Botella de 0,75L","_links":{"self":[{"href":"https:\/\/florsivioles.marketingempresas.es\/en\/wp-json\/wp\/v2\/product\/7345","targetHints":{"allow":["GET"]}}],"collection":[{"href":"https:\/\/florsivioles.marketingempresas.es\/en\/wp-json\/wp\/v2\/product"}],"about":[{"href":"https:\/\/florsivioles.marketingempresas.es\/en\/wp-json\/wp\/v2\/types\/product"}],"wp:featuredmedia":[{"embeddable":true,"href":"https:\/\/florsivioles.marketingempresas.es\/en\/wp-json\/wp\/v2\/media\/7454"}],"wp:attachment":[{"href":"https:\/\/florsivioles.marketingempresas.es\/en\/wp-json\/wp\/v2\/media?parent=7345"}],"wp:term":[{"taxonomy":"product_brand","embeddable":true,"href":"https:\/\/florsivioles.marketingempresas.es\/en\/wp-json\/wp\/v2\/product_brand?post=7345"},{"taxonomy":"product_cat","embeddable":true,"href":"https:\/\/florsivioles.marketingempresas.es\/en\/wp-json\/wp\/v2\/product_cat?post=7345"},{"taxonomy":"product_tag","embeddable":true,"href":"https:\/\/florsivioles.marketingempresas.es\/en\/wp-json\/wp\/v2\/product_tag?post=7345"},{"taxonomy":"receta","embeddable":true,"href":"https:\/\/florsivioles.marketingempresas.es\/en\/wp-json\/wp\/v2\/taxonomy\/receta?post=7345"}],"curies":[{"name":"wp","href":"https:\/\/api.w.org\/{rel}","templated":true}]}}