{"id":7341,"date":"2022-12-02T08:53:50","date_gmt":"2022-12-02T07:53:50","guid":{"rendered":"https:\/\/florsivioles.marketingempresas.es\/?post_type=product&#038;p=7341"},"modified":"2023-06-15T23:08:28","modified_gmt":"2023-06-15T21:08:28","slug":"vino-rosado-marques-de-riscal","status":"publish","type":"product","link":"https:\/\/florsivioles.marketingempresas.es\/en\/product\/vino-rosado-marques-de-riscal\/","title":{"rendered":"\"Marqu\u00e9s de Riscal\" Ros\u00e9 Wine"},"content":{"rendered":"<p>El vino rosado de Marqu\u00e9s de Riscal se elabora por el procedimiento de prensado dentro de un concepto de clasicismo y refinamiento, logrando una delicadeza, frescura y suavidad poco habituales en este tipo de vinos.<\/p>\n<p>Tiene un estilo refrescante y f\u00e1cil de beber. Posee un atractivo inmediato gracias a su natural jugosidad, viscosidad y su corte fresco y limpio. Presenta un bonito color rosa p\u00e1lido, aromas fragrantes de fruta roja, notas de flores blancas, suaves texturas envolventes y un largo y fresco final.<\/p>\n<p>Marqu\u00e9s de Riscal inicia la elaboraci\u00f3n de vinos rosados en los a\u00f1os 60, coincidiendo con el centenario de la bodega, a partir de uvas de vi\u00f1as j\u00f3venes de menos de 15 a\u00f1os.<\/p>\n<p>&nbsp;<\/p>\n<p>&nbsp;<\/p>\n<p>&nbsp;<\/p>\n<p>&nbsp;<\/p>\n<p>&nbsp;<\/p>","protected":false},"excerpt":{"rendered":"<p>75CL Bottle<\/p>","protected":false},"featured_media":7456,"template":"","meta":{"_uag_custom_page_level_css":""},"product_brand":[],"product_cat":[27,1231,550],"product_tag":[1374,1375,768,1369,770],"taxonomy\/receta":[],"class_list":{"0":"post-7341","1":"product","2":"type-product","3":"status-publish","4":"has-post-thumbnail","6":"product_cat-bio","7":"product_cat-bodega","8":"product_cat-vinos","9":"product_tag-biodinamico","10":"product_tag-marques-de-riscal","11":"product_tag-vino-a-domicilio","12":"product_tag-vino-biodinamico","13":"product_tag-vino-rosado","15":"first","16":"instock","17":"taxable","18":"shipping-taxable","19":"purchasable","20":"product-type-simple"},"uagb_featured_image_src":{"full":["https:\/\/florsivioles.marketingempresas.es\/wp-content\/uploads\/2022\/12\/Vino-rosado-Marques-de-Riscal.jpg",640,554,false],"thumbnail":["https:\/\/florsivioles.marketingempresas.es\/wp-content\/uploads\/2022\/12\/Vino-rosado-Marques-de-Riscal-150x130.jpg",150,130,true],"medium":["https:\/\/florsivioles.marketingempresas.es\/wp-content\/uploads\/2022\/12\/Vino-rosado-Marques-de-Riscal-364x315.jpg",364,315,true],"medium_large":["https:\/\/florsivioles.marketingempresas.es\/wp-content\/uploads\/2022\/12\/Vino-rosado-Marques-de-Riscal.jpg",640,554,false],"large":["https:\/\/florsivioles.marketingempresas.es\/wp-content\/uploads\/2022\/12\/Vino-rosado-Marques-de-Riscal.jpg",640,554,false],"1536x1536":["https:\/\/florsivioles.marketingempresas.es\/wp-content\/uploads\/2022\/12\/Vino-rosado-Marques-de-Riscal.jpg",640,554,false],"2048x2048":["https:\/\/florsivioles.marketingempresas.es\/wp-content\/uploads\/2022\/12\/Vino-rosado-Marques-de-Riscal.jpg",640,554,false],"trp-custom-language-flag":["https:\/\/florsivioles.marketingempresas.es\/wp-content\/uploads\/2022\/12\/Vino-rosado-Marques-de-Riscal-14x12.jpg",14,12,true],"woocommerce_thumbnail":["https:\/\/florsivioles.marketingempresas.es\/wp-content\/uploads\/2022\/12\/Vino-rosado-Marques-de-Riscal-260x260.jpg",260,260,true],"woocommerce_single":["https:\/\/florsivioles.marketingempresas.es\/wp-content\/uploads\/2022\/12\/Vino-rosado-Marques-de-Riscal-360x312.jpg",360,312,true],"woocommerce_gallery_thumbnail":["https:\/\/florsivioles.marketingempresas.es\/wp-content\/uploads\/2022\/12\/Vino-rosado-Marques-de-Riscal-100x100.jpg",100,100,true]},"uagb_author_info":{"display_name":"Christian Roig Brown","author_link":"https:\/\/florsivioles.marketingempresas.es\/en\/author\/"},"uagb_comment_info":0,"uagb_excerpt":"Botella de 0,75L","_links":{"self":[{"href":"https:\/\/florsivioles.marketingempresas.es\/en\/wp-json\/wp\/v2\/product\/7341","targetHints":{"allow":["GET"]}}],"collection":[{"href":"https:\/\/florsivioles.marketingempresas.es\/en\/wp-json\/wp\/v2\/product"}],"about":[{"href":"https:\/\/florsivioles.marketingempresas.es\/en\/wp-json\/wp\/v2\/types\/product"}],"wp:featuredmedia":[{"embeddable":true,"href":"https:\/\/florsivioles.marketingempresas.es\/en\/wp-json\/wp\/v2\/media\/7456"}],"wp:attachment":[{"href":"https:\/\/florsivioles.marketingempresas.es\/en\/wp-json\/wp\/v2\/media?parent=7341"}],"wp:term":[{"taxonomy":"product_brand","embeddable":true,"href":"https:\/\/florsivioles.marketingempresas.es\/en\/wp-json\/wp\/v2\/product_brand?post=7341"},{"taxonomy":"product_cat","embeddable":true,"href":"https:\/\/florsivioles.marketingempresas.es\/en\/wp-json\/wp\/v2\/product_cat?post=7341"},{"taxonomy":"product_tag","embeddable":true,"href":"https:\/\/florsivioles.marketingempresas.es\/en\/wp-json\/wp\/v2\/product_tag?post=7341"},{"taxonomy":"receta","embeddable":true,"href":"https:\/\/florsivioles.marketingempresas.es\/en\/wp-json\/wp\/v2\/taxonomy\/receta?post=7341"}],"curies":[{"name":"wp","href":"https:\/\/api.w.org\/{rel}","templated":true}]}}