{"id":7319,"date":"2022-12-02T08:59:05","date_gmt":"2022-12-02T07:59:05","guid":{"rendered":"https:\/\/florsivioles.marketingempresas.es\/?post_type=product&#038;p=7319"},"modified":"2023-06-15T23:07:45","modified_gmt":"2023-06-15T21:07:45","slug":"vino-blanco-frailes-do-mar","status":"publish","type":"product","link":"https:\/\/florsivioles.marketingempresas.es\/en\/product\/vino-blanco-frailes-do-mar\/","title":{"rendered":"\"Frailes do Mar\" white Wine"},"content":{"rendered":"<p>El vino blanco Frailes do Mar, es un albari\u00f1o elaborado con una maceraci\u00f3n pelicular en fr\u00edo durante m\u00e1s de 20 horas y con una fermentaci\u00f3n muy lenta a baja temperatura.<\/p>\n<p>De color amarillo lim\u00f3n p\u00e1lido con tonos dorados posee aromas c\u00edtricos, acompa\u00f1ados de fruta madura.\u00a0En boca es elegante, fresco y con un sabor intenso.<\/p>\n<p>Ideal para acompa\u00f1ar con aperitivos, entrantes, pescado, carnes blancas, pulpo a la gallega y mariscos a la plancha o al vapor.<\/p>\n<p>&nbsp;<\/p>\n<p>&nbsp;<\/p>\n<p>&nbsp;<\/p>\n<p>&nbsp;<\/p>","protected":false},"excerpt":{"rendered":"<p>75CL Bottle<\/p>","protected":false},"featured_media":7465,"template":"","meta":{"_uag_custom_page_level_css":""},"product_brand":[],"product_cat":[27,1231,550],"product_tag":[1372,768,1369,769,1363],"taxonomy\/receta":[],"class_list":{"0":"post-7319","1":"product","2":"type-product","3":"status-publish","4":"has-post-thumbnail","6":"product_cat-bio","7":"product_cat-bodega","8":"product_cat-vinos","9":"product_tag-albarino","10":"product_tag-vino-a-domicilio","11":"product_tag-vino-biodinamico","12":"product_tag-vino-blanco","13":"product_tag-vino-blanco-ecologico","15":"first","16":"instock","17":"taxable","18":"shipping-taxable","19":"purchasable","20":"product-type-simple"},"uagb_featured_image_src":{"full":["https:\/\/florsivioles.marketingempresas.es\/wp-content\/uploads\/2022\/12\/Vino-blanco-Frailes-do-Mar.jpg",640,554,false],"thumbnail":["https:\/\/florsivioles.marketingempresas.es\/wp-content\/uploads\/2022\/12\/Vino-blanco-Frailes-do-Mar-150x130.jpg",150,130,true],"medium":["https:\/\/florsivioles.marketingempresas.es\/wp-content\/uploads\/2022\/12\/Vino-blanco-Frailes-do-Mar-364x315.jpg",364,315,true],"medium_large":["https:\/\/florsivioles.marketingempresas.es\/wp-content\/uploads\/2022\/12\/Vino-blanco-Frailes-do-Mar.jpg",640,554,false],"large":["https:\/\/florsivioles.marketingempresas.es\/wp-content\/uploads\/2022\/12\/Vino-blanco-Frailes-do-Mar.jpg",640,554,false],"1536x1536":["https:\/\/florsivioles.marketingempresas.es\/wp-content\/uploads\/2022\/12\/Vino-blanco-Frailes-do-Mar.jpg",640,554,false],"2048x2048":["https:\/\/florsivioles.marketingempresas.es\/wp-content\/uploads\/2022\/12\/Vino-blanco-Frailes-do-Mar.jpg",640,554,false],"trp-custom-language-flag":["https:\/\/florsivioles.marketingempresas.es\/wp-content\/uploads\/2022\/12\/Vino-blanco-Frailes-do-Mar-14x12.jpg",14,12,true],"woocommerce_thumbnail":["https:\/\/florsivioles.marketingempresas.es\/wp-content\/uploads\/2022\/12\/Vino-blanco-Frailes-do-Mar-260x260.jpg",260,260,true],"woocommerce_single":["https:\/\/florsivioles.marketingempresas.es\/wp-content\/uploads\/2022\/12\/Vino-blanco-Frailes-do-Mar-360x312.jpg",360,312,true],"woocommerce_gallery_thumbnail":["https:\/\/florsivioles.marketingempresas.es\/wp-content\/uploads\/2022\/12\/Vino-blanco-Frailes-do-Mar-100x100.jpg",100,100,true]},"uagb_author_info":{"display_name":"Christian Roig Brown","author_link":"https:\/\/florsivioles.marketingempresas.es\/en\/author\/"},"uagb_comment_info":0,"uagb_excerpt":"Botella de 0,75L","_links":{"self":[{"href":"https:\/\/florsivioles.marketingempresas.es\/en\/wp-json\/wp\/v2\/product\/7319","targetHints":{"allow":["GET"]}}],"collection":[{"href":"https:\/\/florsivioles.marketingempresas.es\/en\/wp-json\/wp\/v2\/product"}],"about":[{"href":"https:\/\/florsivioles.marketingempresas.es\/en\/wp-json\/wp\/v2\/types\/product"}],"wp:featuredmedia":[{"embeddable":true,"href":"https:\/\/florsivioles.marketingempresas.es\/en\/wp-json\/wp\/v2\/media\/7465"}],"wp:attachment":[{"href":"https:\/\/florsivioles.marketingempresas.es\/en\/wp-json\/wp\/v2\/media?parent=7319"}],"wp:term":[{"taxonomy":"product_brand","embeddable":true,"href":"https:\/\/florsivioles.marketingempresas.es\/en\/wp-json\/wp\/v2\/product_brand?post=7319"},{"taxonomy":"product_cat","embeddable":true,"href":"https:\/\/florsivioles.marketingempresas.es\/en\/wp-json\/wp\/v2\/product_cat?post=7319"},{"taxonomy":"product_tag","embeddable":true,"href":"https:\/\/florsivioles.marketingempresas.es\/en\/wp-json\/wp\/v2\/product_tag?post=7319"},{"taxonomy":"receta","embeddable":true,"href":"https:\/\/florsivioles.marketingempresas.es\/en\/wp-json\/wp\/v2\/taxonomy\/receta?post=7319"}],"curies":[{"name":"wp","href":"https:\/\/api.w.org\/{rel}","templated":true}]}}