{"id":7316,"date":"2022-12-02T09:04:17","date_gmt":"2022-12-02T08:04:17","guid":{"rendered":"https:\/\/florsivioles.marketingempresas.es\/?post_type=product&#038;p=7316"},"modified":"2023-06-15T23:07:08","modified_gmt":"2023-06-15T21:07:08","slug":"vino-blanco-ecologico-nostrat-sumarroca","status":"publish","type":"product","link":"https:\/\/florsivioles.marketingempresas.es\/en\/product\/vino-blanco-ecologico-nostrat-sumarroca\/","title":{"rendered":"\"Nostrat Sumarroca\" Organic White Wine"},"content":{"rendered":"<p>El vino blanco ecol\u00f3gico Nostrat procede del galardonado Sumarroca Blanc de Blancs,\u00a0 de la D.O. Pened\u00e8s elaborado por Bodegues Sumarroca. Este vino es un coupage de Muscat, Macabeo, Xarelo y Parellada.<\/p>\n<p>La uva utilizada para la producci\u00f3n de este vino provienen por un lado la finca Sumarroca, pr\u00f3xima al macizo del Garraf, y por otro de la finca Sabart\u00e9s, claramente influenciada por el mar. Los vi\u00f1edos crecen sobre suelos calc\u00e1reos, pobres en materia org\u00e1nica y con restos de gravas.<\/p>\n<p>La recepci\u00f3n y el prensado se realizan separadamente por variedades y parcelas. Se produce un desfangado est\u00e1tico de 24 horas y la fermentaci\u00f3n, a temperatura estable de 14\u00ba, dura unos 20 d\u00edas.\u00a0El trasiego final se realiza con especial cuidado, con el objetivo de conservar las l\u00edas finas en el dep\u00f3sito durante el reposo.<\/p>\n<p>Sumarroca cuenta en la actualidad con 464,8 hect\u00e1reas que hacen que la bodega utilice solo uva propia para la elaboraci\u00f3n de vinos y cavas.\u00a0El objetivo de la empresa no es el de competir con las bodegas de mayor volumen, sino crear productos de proximidad y gran calidad.<\/p>\n<p>&nbsp;<\/p>\n<p>&nbsp;<\/p>\n<p>&nbsp;<\/p>\n<p>&nbsp;<\/p>","protected":false},"excerpt":{"rendered":"<p>75CL Bottle<\/p>","protected":false},"featured_media":7476,"template":"","meta":{"_uag_custom_page_level_css":""},"product_brand":[],"product_cat":[27,1231,550],"product_tag":[1370,1371,768,1369,769,1363],"taxonomy\/receta":[],"class_list":{"0":"post-7316","1":"product","2":"type-product","3":"status-publish","4":"has-post-thumbnail","6":"product_cat-bio","7":"product_cat-bodega","8":"product_cat-vinos","9":"product_tag-chardonnay","10":"product_tag-sumarroca","11":"product_tag-vino-a-domicilio","12":"product_tag-vino-biodinamico","13":"product_tag-vino-blanco","14":"product_tag-vino-blanco-ecologico","16":"first","17":"instock","18":"taxable","19":"shipping-taxable","20":"purchasable","21":"product-type-simple"},"uagb_featured_image_src":{"full":["https:\/\/florsivioles.marketingempresas.es\/wp-content\/uploads\/2022\/12\/Vino-blanco-ecologico-Nostrat-Sumarroca.jpg",640,554,false],"thumbnail":["https:\/\/florsivioles.marketingempresas.es\/wp-content\/uploads\/2022\/12\/Vino-blanco-ecologico-Nostrat-Sumarroca-150x130.jpg",150,130,true],"medium":["https:\/\/florsivioles.marketingempresas.es\/wp-content\/uploads\/2022\/12\/Vino-blanco-ecologico-Nostrat-Sumarroca-364x315.jpg",364,315,true],"medium_large":["https:\/\/florsivioles.marketingempresas.es\/wp-content\/uploads\/2022\/12\/Vino-blanco-ecologico-Nostrat-Sumarroca.jpg",640,554,false],"large":["https:\/\/florsivioles.marketingempresas.es\/wp-content\/uploads\/2022\/12\/Vino-blanco-ecologico-Nostrat-Sumarroca.jpg",640,554,false],"1536x1536":["https:\/\/florsivioles.marketingempresas.es\/wp-content\/uploads\/2022\/12\/Vino-blanco-ecologico-Nostrat-Sumarroca.jpg",640,554,false],"2048x2048":["https:\/\/florsivioles.marketingempresas.es\/wp-content\/uploads\/2022\/12\/Vino-blanco-ecologico-Nostrat-Sumarroca.jpg",640,554,false],"trp-custom-language-flag":["https:\/\/florsivioles.marketingempresas.es\/wp-content\/uploads\/2022\/12\/Vino-blanco-ecologico-Nostrat-Sumarroca-14x12.jpg",14,12,true],"woocommerce_thumbnail":["https:\/\/florsivioles.marketingempresas.es\/wp-content\/uploads\/2022\/12\/Vino-blanco-ecologico-Nostrat-Sumarroca-260x260.jpg",260,260,true],"woocommerce_single":["https:\/\/florsivioles.marketingempresas.es\/wp-content\/uploads\/2022\/12\/Vino-blanco-ecologico-Nostrat-Sumarroca-360x312.jpg",360,312,true],"woocommerce_gallery_thumbnail":["https:\/\/florsivioles.marketingempresas.es\/wp-content\/uploads\/2022\/12\/Vino-blanco-ecologico-Nostrat-Sumarroca-100x100.jpg",100,100,true]},"uagb_author_info":{"display_name":"Christian Roig Brown","author_link":"https:\/\/florsivioles.marketingempresas.es\/en\/author\/"},"uagb_comment_info":0,"uagb_excerpt":"Botella de 0,75L","_links":{"self":[{"href":"https:\/\/florsivioles.marketingempresas.es\/en\/wp-json\/wp\/v2\/product\/7316","targetHints":{"allow":["GET"]}}],"collection":[{"href":"https:\/\/florsivioles.marketingempresas.es\/en\/wp-json\/wp\/v2\/product"}],"about":[{"href":"https:\/\/florsivioles.marketingempresas.es\/en\/wp-json\/wp\/v2\/types\/product"}],"wp:featuredmedia":[{"embeddable":true,"href":"https:\/\/florsivioles.marketingempresas.es\/en\/wp-json\/wp\/v2\/media\/7476"}],"wp:attachment":[{"href":"https:\/\/florsivioles.marketingempresas.es\/en\/wp-json\/wp\/v2\/media?parent=7316"}],"wp:term":[{"taxonomy":"product_brand","embeddable":true,"href":"https:\/\/florsivioles.marketingempresas.es\/en\/wp-json\/wp\/v2\/product_brand?post=7316"},{"taxonomy":"product_cat","embeddable":true,"href":"https:\/\/florsivioles.marketingempresas.es\/en\/wp-json\/wp\/v2\/product_cat?post=7316"},{"taxonomy":"product_tag","embeddable":true,"href":"https:\/\/florsivioles.marketingempresas.es\/en\/wp-json\/wp\/v2\/product_tag?post=7316"},{"taxonomy":"receta","embeddable":true,"href":"https:\/\/florsivioles.marketingempresas.es\/en\/wp-json\/wp\/v2\/taxonomy\/receta?post=7316"}],"curies":[{"name":"wp","href":"https:\/\/api.w.org\/{rel}","templated":true}]}}