{"id":7312,"date":"2022-12-02T09:03:44","date_gmt":"2022-12-02T08:03:44","guid":{"rendered":"https:\/\/florsivioles.marketingempresas.es\/?post_type=product&#038;p=7312"},"modified":"2023-06-15T23:07:14","modified_gmt":"2023-06-15T21:07:14","slug":"vino-blanco-ecologico-raimat-chardonnay","status":"publish","type":"product","link":"https:\/\/florsivioles.marketingempresas.es\/en\/product\/vino-blanco-ecologico-raimat-chardonnay\/","title":{"rendered":"\"Raimat\" Chardonnay Organic White Wine"},"content":{"rendered":"<p>El vino blanco Raimat Chardonnay, de la bodega m\u00e1s antigua de la D.O. Costers del Segre, se lleva elaborando desde los a\u00f1os 70 y, desde entonces, la variedad chardonnay que le da vida se ha convertido en un emblema de Raimat, quiz\u00e1s por el c\u00famulo de premios internacionales que ha obtenido desde su nacimiento. Este vino de uvas 100% ecol\u00f3gicas te cautivar\u00e1 por su perfecta combinaci\u00f3n de notas c\u00edtricas y tropicales.<\/p>\n<p>Raimat es el sue\u00f1o de un visionario y su castillo es el recuerdo. Un escudo grabado en piedra hallado hace m\u00e1s de cien a\u00f1os en la puerta de la entrada muestra un racimo de uvas y una mano. Este s\u00edmbolo se convirti\u00f3 en el origen del nombre de Raimat (\u201cRa\u00efm\u201d, uva en catal\u00e1n y \u201cm\u00e0\u201d, mano) y en la imagen de la marca.<br \/>\nCon este vino conmemoramos los or\u00edgenes de Raimat que perduran con firmeza igual que las paredes de su castillo.<\/p>\n<p>&nbsp;<\/p>\n<p>&nbsp;<\/p>\n<p>&nbsp;<\/p>","protected":false},"excerpt":{"rendered":"<p>75CL Bottle<\/p>","protected":false},"featured_media":7475,"template":"","meta":{"_uag_custom_page_level_css":""},"product_brand":[],"product_cat":[27,1231,550],"product_tag":[1370,768,1369,769,1363],"taxonomy\/receta":[],"class_list":{"0":"post-7312","1":"product","2":"type-product","3":"status-publish","4":"has-post-thumbnail","6":"product_cat-bio","7":"product_cat-bodega","8":"product_cat-vinos","9":"product_tag-chardonnay","10":"product_tag-vino-a-domicilio","11":"product_tag-vino-biodinamico","12":"product_tag-vino-blanco","13":"product_tag-vino-blanco-ecologico","15":"first","16":"instock","17":"taxable","18":"shipping-taxable","19":"purchasable","20":"product-type-simple"},"uagb_featured_image_src":{"full":["https:\/\/florsivioles.marketingempresas.es\/wp-content\/uploads\/2022\/12\/Vino-blanco-ecologico-Raimat-Chardonnay.jpg",640,554,false],"thumbnail":["https:\/\/florsivioles.marketingempresas.es\/wp-content\/uploads\/2022\/12\/Vino-blanco-ecologico-Raimat-Chardonnay-150x130.jpg",150,130,true],"medium":["https:\/\/florsivioles.marketingempresas.es\/wp-content\/uploads\/2022\/12\/Vino-blanco-ecologico-Raimat-Chardonnay-364x315.jpg",364,315,true],"medium_large":["https:\/\/florsivioles.marketingempresas.es\/wp-content\/uploads\/2022\/12\/Vino-blanco-ecologico-Raimat-Chardonnay.jpg",640,554,false],"large":["https:\/\/florsivioles.marketingempresas.es\/wp-content\/uploads\/2022\/12\/Vino-blanco-ecologico-Raimat-Chardonnay.jpg",640,554,false],"1536x1536":["https:\/\/florsivioles.marketingempresas.es\/wp-content\/uploads\/2022\/12\/Vino-blanco-ecologico-Raimat-Chardonnay.jpg",640,554,false],"2048x2048":["https:\/\/florsivioles.marketingempresas.es\/wp-content\/uploads\/2022\/12\/Vino-blanco-ecologico-Raimat-Chardonnay.jpg",640,554,false],"trp-custom-language-flag":["https:\/\/florsivioles.marketingempresas.es\/wp-content\/uploads\/2022\/12\/Vino-blanco-ecologico-Raimat-Chardonnay-14x12.jpg",14,12,true],"woocommerce_thumbnail":["https:\/\/florsivioles.marketingempresas.es\/wp-content\/uploads\/2022\/12\/Vino-blanco-ecologico-Raimat-Chardonnay-260x260.jpg",260,260,true],"woocommerce_single":["https:\/\/florsivioles.marketingempresas.es\/wp-content\/uploads\/2022\/12\/Vino-blanco-ecologico-Raimat-Chardonnay-360x312.jpg",360,312,true],"woocommerce_gallery_thumbnail":["https:\/\/florsivioles.marketingempresas.es\/wp-content\/uploads\/2022\/12\/Vino-blanco-ecologico-Raimat-Chardonnay-100x100.jpg",100,100,true]},"uagb_author_info":{"display_name":"Christian Roig Brown","author_link":"https:\/\/florsivioles.marketingempresas.es\/en\/author\/"},"uagb_comment_info":0,"uagb_excerpt":"Botella de 0,75L","_links":{"self":[{"href":"https:\/\/florsivioles.marketingempresas.es\/en\/wp-json\/wp\/v2\/product\/7312","targetHints":{"allow":["GET"]}}],"collection":[{"href":"https:\/\/florsivioles.marketingempresas.es\/en\/wp-json\/wp\/v2\/product"}],"about":[{"href":"https:\/\/florsivioles.marketingempresas.es\/en\/wp-json\/wp\/v2\/types\/product"}],"wp:featuredmedia":[{"embeddable":true,"href":"https:\/\/florsivioles.marketingempresas.es\/en\/wp-json\/wp\/v2\/media\/7475"}],"wp:attachment":[{"href":"https:\/\/florsivioles.marketingempresas.es\/en\/wp-json\/wp\/v2\/media?parent=7312"}],"wp:term":[{"taxonomy":"product_brand","embeddable":true,"href":"https:\/\/florsivioles.marketingempresas.es\/en\/wp-json\/wp\/v2\/product_brand?post=7312"},{"taxonomy":"product_cat","embeddable":true,"href":"https:\/\/florsivioles.marketingempresas.es\/en\/wp-json\/wp\/v2\/product_cat?post=7312"},{"taxonomy":"product_tag","embeddable":true,"href":"https:\/\/florsivioles.marketingempresas.es\/en\/wp-json\/wp\/v2\/product_tag?post=7312"},{"taxonomy":"receta","embeddable":true,"href":"https:\/\/florsivioles.marketingempresas.es\/en\/wp-json\/wp\/v2\/taxonomy\/receta?post=7312"}],"curies":[{"name":"wp","href":"https:\/\/api.w.org\/{rel}","templated":true}]}}