{"id":7299,"date":"2022-12-02T09:00:35","date_gmt":"2022-12-02T08:00:35","guid":{"rendered":"https:\/\/florsivioles.marketingempresas.es\/?post_type=product&#038;p=7299"},"modified":"2023-06-15T23:07:34","modified_gmt":"2023-06-15T21:07:34","slug":"vino-blanco-ecologico-ermita-despiells","status":"publish","type":"product","link":"https:\/\/florsivioles.marketingempresas.es\/en\/product\/vino-blanco-ecologico-ermita-despiells\/","title":{"rendered":"\"Ermita d'Espiells\" Organic White Wine"},"content":{"rendered":"<p>El vino blanco ecol\u00f3gico Ermita d&#8217;espiells es considerado un cl\u00e1sico de las bodegas de Juv\u00e9 &amp; Camps, dentro de denominaci\u00f3n de or\u00edgen Pened\u00e9s, se elabora a partir del &#8220;mosto flor&#8221; de la verema de las vi\u00f1as Macabeu, Xarel\u00b7lo y Parellada.<\/p>\n<p>Posees un bonito y brillante color amarillo p\u00e1lido. Aroma intenso y muy agradable. En \u00e9l destacan notas de frutas blancas, manzanas, peras, as\u00ed como un ligero fondo floral y de hierbas arom\u00e1ticas. Equlibrado en boca entre la untuosidad y la acidez, lo que le confiere un paladar muy refrescante. Ideal como aperitivo y para acompa\u00f1ar pescados y mariscos<\/p>\n<p>La historia de Juv\u00e9 &amp; Camps se inicia en 1796, cuando Joan Juv\u00e9 Mir, viticultor riguroso e inquieto, sienta los cimientos de la empresa. Fue su nieto, Antoni Juv\u00e9 Escaiola, quien en 1921 y con el apoyo de su esposa Teresa Camps Ferrer, habilit\u00f3 las instalaciones subterr\u00e1neas de la casa de Sant Sadurn\u00ed d\u2019Anoia para elaborar el primer vino espumoso con la marca Juv\u00e9. En 1940 Josep y Joan Juv\u00e9 Camps, hijos de Joan y Teresa, se incorporan a la direcci\u00f3n de la empresa familiar y en 1960 ampl\u00edan la bodega y las cavas subterr\u00e1neas e introducen importantes adelantos t\u00e9cnicos como el control de la temperatura o las prensas neum\u00e1ticas.<\/p>","protected":false},"excerpt":{"rendered":"<p>75CL Bottle<\/p>","protected":false},"featured_media":7470,"template":"","meta":{"_uag_custom_page_level_css":""},"product_brand":[],"product_cat":[27,1231,550],"product_tag":[768,769,1363],"taxonomy\/receta":[],"class_list":{"0":"post-7299","1":"product","2":"type-product","3":"status-publish","4":"has-post-thumbnail","6":"product_cat-bio","7":"product_cat-bodega","8":"product_cat-vinos","9":"product_tag-vino-a-domicilio","10":"product_tag-vino-blanco","11":"product_tag-vino-blanco-ecologico","13":"first","14":"instock","15":"taxable","16":"shipping-taxable","17":"purchasable","18":"product-type-simple"},"uagb_featured_image_src":{"full":["https:\/\/florsivioles.marketingempresas.es\/wp-content\/uploads\/2022\/12\/Vino-blanco-ecologico-Ermita-dEspiells.jpg",640,554,false],"thumbnail":["https:\/\/florsivioles.marketingempresas.es\/wp-content\/uploads\/2022\/12\/Vino-blanco-ecologico-Ermita-dEspiells-150x130.jpg",150,130,true],"medium":["https:\/\/florsivioles.marketingempresas.es\/wp-content\/uploads\/2022\/12\/Vino-blanco-ecologico-Ermita-dEspiells-364x315.jpg",364,315,true],"medium_large":["https:\/\/florsivioles.marketingempresas.es\/wp-content\/uploads\/2022\/12\/Vino-blanco-ecologico-Ermita-dEspiells.jpg",640,554,false],"large":["https:\/\/florsivioles.marketingempresas.es\/wp-content\/uploads\/2022\/12\/Vino-blanco-ecologico-Ermita-dEspiells.jpg",640,554,false],"1536x1536":["https:\/\/florsivioles.marketingempresas.es\/wp-content\/uploads\/2022\/12\/Vino-blanco-ecologico-Ermita-dEspiells.jpg",640,554,false],"2048x2048":["https:\/\/florsivioles.marketingempresas.es\/wp-content\/uploads\/2022\/12\/Vino-blanco-ecologico-Ermita-dEspiells.jpg",640,554,false],"trp-custom-language-flag":["https:\/\/florsivioles.marketingempresas.es\/wp-content\/uploads\/2022\/12\/Vino-blanco-ecologico-Ermita-dEspiells-14x12.jpg",14,12,true],"woocommerce_thumbnail":["https:\/\/florsivioles.marketingempresas.es\/wp-content\/uploads\/2022\/12\/Vino-blanco-ecologico-Ermita-dEspiells-260x260.jpg",260,260,true],"woocommerce_single":["https:\/\/florsivioles.marketingempresas.es\/wp-content\/uploads\/2022\/12\/Vino-blanco-ecologico-Ermita-dEspiells-360x312.jpg",360,312,true],"woocommerce_gallery_thumbnail":["https:\/\/florsivioles.marketingempresas.es\/wp-content\/uploads\/2022\/12\/Vino-blanco-ecologico-Ermita-dEspiells-100x100.jpg",100,100,true]},"uagb_author_info":{"display_name":"Christian Roig Brown","author_link":"https:\/\/florsivioles.marketingempresas.es\/en\/author\/"},"uagb_comment_info":0,"uagb_excerpt":"Botella de 0,75L","_links":{"self":[{"href":"https:\/\/florsivioles.marketingempresas.es\/en\/wp-json\/wp\/v2\/product\/7299","targetHints":{"allow":["GET"]}}],"collection":[{"href":"https:\/\/florsivioles.marketingempresas.es\/en\/wp-json\/wp\/v2\/product"}],"about":[{"href":"https:\/\/florsivioles.marketingempresas.es\/en\/wp-json\/wp\/v2\/types\/product"}],"wp:featuredmedia":[{"embeddable":true,"href":"https:\/\/florsivioles.marketingempresas.es\/en\/wp-json\/wp\/v2\/media\/7470"}],"wp:attachment":[{"href":"https:\/\/florsivioles.marketingempresas.es\/en\/wp-json\/wp\/v2\/media?parent=7299"}],"wp:term":[{"taxonomy":"product_brand","embeddable":true,"href":"https:\/\/florsivioles.marketingempresas.es\/en\/wp-json\/wp\/v2\/product_brand?post=7299"},{"taxonomy":"product_cat","embeddable":true,"href":"https:\/\/florsivioles.marketingempresas.es\/en\/wp-json\/wp\/v2\/product_cat?post=7299"},{"taxonomy":"product_tag","embeddable":true,"href":"https:\/\/florsivioles.marketingempresas.es\/en\/wp-json\/wp\/v2\/product_tag?post=7299"},{"taxonomy":"receta","embeddable":true,"href":"https:\/\/florsivioles.marketingempresas.es\/en\/wp-json\/wp\/v2\/taxonomy\/receta?post=7299"}],"curies":[{"name":"wp","href":"https:\/\/api.w.org\/{rel}","templated":true}]}}