{"id":7293,"date":"2022-12-02T08:59:08","date_gmt":"2022-12-02T07:59:08","guid":{"rendered":"https:\/\/florsivioles.marketingempresas.es\/?post_type=product&#038;p=7293"},"modified":"2023-06-15T23:07:39","modified_gmt":"2023-06-15T21:07:39","slug":"vino-blanco-o-luar-do-sil-godello","status":"publish","type":"product","link":"https:\/\/florsivioles.marketingempresas.es\/en\/product\/vino-blanco-o-luar-do-sil-godello\/","title":{"rendered":"\"O Luar Do Sil Godello\" White Wine"},"content":{"rendered":"<p>El vino blanco O Luar Do Sil Godello es el blanco m\u00e1s joven de cuantos elabora Pago de los Capellanes en la D.O. Valdeorras. Con \u00e9l, esta bodega quiere realzar la pureza de la uva Godello en un vino vivo, fresco, limpio y sincero. O Luar Do Sil Godello posee agradables notas florales y un fondo deverde y bals\u00e1mico. El posgusto es largo y muy elegante, con un toque mineral.<\/p>\n<p>A primeros de Septiembre se inicia la vendimia de las parcelas m\u00e1s avanzadas en maduraci\u00f3n. Tras pasar por una mesa de selecci\u00f3n manual, los racimos son despalillados en su totalidad y la uva pasa por un intercambiador de fr\u00edo de tal manera que conseguimos bajar la temperatura de la uva a 9 grados para mantener las cualidades arom\u00e1ticas. Despu\u00e9s de reposar en los maceradores durante cuatro horas, se lleva a la prensa para, gracias a un suave estrujado, obtener un mosto de primera calidad. Una vez fermentado en dep\u00f3sitos de acero inoxidable a temperatura controlada, se sangra s\u00f3lo el vino, desechando las l\u00edas y se trasiega para su reposo hasta el embotellado final.<\/p>","protected":false},"excerpt":{"rendered":"<p>75CL Bottle<\/p>","protected":false},"featured_media":7467,"template":"","meta":{"_uag_custom_page_level_css":""},"product_brand":[],"product_cat":[27,1231,550],"product_tag":[1361,768,769],"taxonomy\/receta":[],"class_list":{"0":"post-7293","1":"product","2":"type-product","3":"status-publish","4":"has-post-thumbnail","6":"product_cat-bio","7":"product_cat-bodega","8":"product_cat-vinos","9":"product_tag-verdejo","10":"product_tag-vino-a-domicilio","11":"product_tag-vino-blanco","13":"first","14":"instock","15":"taxable","16":"shipping-taxable","17":"purchasable","18":"product-type-simple"},"uagb_featured_image_src":{"full":["https:\/\/florsivioles.marketingempresas.es\/wp-content\/uploads\/2022\/12\/Vino-blanco-O-Luar-Do-Sil-Godello.jpg",640,554,false],"thumbnail":["https:\/\/florsivioles.marketingempresas.es\/wp-content\/uploads\/2022\/12\/Vino-blanco-O-Luar-Do-Sil-Godello-150x130.jpg",150,130,true],"medium":["https:\/\/florsivioles.marketingempresas.es\/wp-content\/uploads\/2022\/12\/Vino-blanco-O-Luar-Do-Sil-Godello-364x315.jpg",364,315,true],"medium_large":["https:\/\/florsivioles.marketingempresas.es\/wp-content\/uploads\/2022\/12\/Vino-blanco-O-Luar-Do-Sil-Godello.jpg",640,554,false],"large":["https:\/\/florsivioles.marketingempresas.es\/wp-content\/uploads\/2022\/12\/Vino-blanco-O-Luar-Do-Sil-Godello.jpg",640,554,false],"1536x1536":["https:\/\/florsivioles.marketingempresas.es\/wp-content\/uploads\/2022\/12\/Vino-blanco-O-Luar-Do-Sil-Godello.jpg",640,554,false],"2048x2048":["https:\/\/florsivioles.marketingempresas.es\/wp-content\/uploads\/2022\/12\/Vino-blanco-O-Luar-Do-Sil-Godello.jpg",640,554,false],"trp-custom-language-flag":["https:\/\/florsivioles.marketingempresas.es\/wp-content\/uploads\/2022\/12\/Vino-blanco-O-Luar-Do-Sil-Godello-14x12.jpg",14,12,true],"woocommerce_thumbnail":["https:\/\/florsivioles.marketingempresas.es\/wp-content\/uploads\/2022\/12\/Vino-blanco-O-Luar-Do-Sil-Godello-260x260.jpg",260,260,true],"woocommerce_single":["https:\/\/florsivioles.marketingempresas.es\/wp-content\/uploads\/2022\/12\/Vino-blanco-O-Luar-Do-Sil-Godello-360x312.jpg",360,312,true],"woocommerce_gallery_thumbnail":["https:\/\/florsivioles.marketingempresas.es\/wp-content\/uploads\/2022\/12\/Vino-blanco-O-Luar-Do-Sil-Godello-100x100.jpg",100,100,true]},"uagb_author_info":{"display_name":"Christian Roig Brown","author_link":"https:\/\/florsivioles.marketingempresas.es\/en\/author\/"},"uagb_comment_info":0,"uagb_excerpt":"Botella de 0,75L","_links":{"self":[{"href":"https:\/\/florsivioles.marketingempresas.es\/en\/wp-json\/wp\/v2\/product\/7293","targetHints":{"allow":["GET"]}}],"collection":[{"href":"https:\/\/florsivioles.marketingempresas.es\/en\/wp-json\/wp\/v2\/product"}],"about":[{"href":"https:\/\/florsivioles.marketingempresas.es\/en\/wp-json\/wp\/v2\/types\/product"}],"wp:featuredmedia":[{"embeddable":true,"href":"https:\/\/florsivioles.marketingempresas.es\/en\/wp-json\/wp\/v2\/media\/7467"}],"wp:attachment":[{"href":"https:\/\/florsivioles.marketingempresas.es\/en\/wp-json\/wp\/v2\/media?parent=7293"}],"wp:term":[{"taxonomy":"product_brand","embeddable":true,"href":"https:\/\/florsivioles.marketingempresas.es\/en\/wp-json\/wp\/v2\/product_brand?post=7293"},{"taxonomy":"product_cat","embeddable":true,"href":"https:\/\/florsivioles.marketingempresas.es\/en\/wp-json\/wp\/v2\/product_cat?post=7293"},{"taxonomy":"product_tag","embeddable":true,"href":"https:\/\/florsivioles.marketingempresas.es\/en\/wp-json\/wp\/v2\/product_tag?post=7293"},{"taxonomy":"receta","embeddable":true,"href":"https:\/\/florsivioles.marketingempresas.es\/en\/wp-json\/wp\/v2\/taxonomy\/receta?post=7293"}],"curies":[{"name":"wp","href":"https:\/\/api.w.org\/{rel}","templated":true}]}}