{"id":7290,"date":"2022-12-02T08:58:54","date_gmt":"2022-12-02T07:58:54","guid":{"rendered":"https:\/\/florsivioles.marketingempresas.es\/?post_type=product&#038;p=7290"},"modified":"2023-06-15T23:07:51","modified_gmt":"2023-06-15T21:07:51","slug":"vino-blanco-ecologico-can-rich","status":"publish","type":"product","link":"https:\/\/florsivioles.marketingempresas.es\/en\/product\/vino-blanco-ecologico-can-rich\/","title":{"rendered":"\"Can Rich\" Organic White Wine"},"content":{"rendered":"<p>Gran vino blanco ecol\u00f3gico producido en Ibiza. Las cepas de malvas\u00eda y chardonnay con las que se elabora este extraordinario vino blanco se conducen en espaldera y se cultivan siguiendo la normativa del Consejo Balear de la Producci\u00f3n Agraria Ecol\u00f3gica. En Can Rich, la bodega m\u00e1s grande de Ibiza, la vendimia se lleva a cabo durante el mes de agosto y la recolecci\u00f3n se realiza manualmente seguida de un transporte r\u00e1pido de la uva hasta la bodega para evitar posibles oxidaciones, pr\u00e1ctica \u00e9sta que se deja sentir despu\u00e9s en la precisi\u00f3n y la nitidez del vino.<\/p>\n<p>Despu\u00e9s de un suave prensado de las uvas se obtiene un mosto flor, el cual es fermentado en dep\u00f3sitos de acero inoxidable a temperatura controlada. De este simple pero cuidado proceso se obtiene un vino de color dorado pajizo, ligeramente turbio a la vista. La malvas\u00eda domina su nariz, con su perfume de lichis, melocotones y flores como la acacia o las rosas. En boca, el chardonnay gana protagonismo dejando sentir su peso y volumen; aparecen unos seductores tonos amargos muy asociados a la malvas\u00eda que permiten al vino mostrarse intenso en aromas sin pesar en exceso, contrarrestando con elegancia la omnipresente sensaci\u00f3n de fruta. Su acidez, obvia pero no excesiva, realza su cuerpo y le aporta longitud. Asoman finos recuerdos a miel fresca y a monte tras una cortina de madurez c\u00edtrica. Acaba seco y finamente t\u00e1nico, pidiendo un nuevo sorbo o quiz\u00e1s una compa\u00f1\u00eda m\u00e1s s\u00f3lida; apuesten por entrantes ligeros, pescados blancos o, incluso por alguna cocina m\u00e1s ex\u00f3tica que potencie la originalidad del propio vino, y tienen el \u00e9xito asegurado.<\/p>","protected":false},"excerpt":{"rendered":"<p>75CL Bottle<\/p>","protected":false},"featured_media":7464,"template":"","meta":{"_uag_custom_page_level_css":""},"product_brand":[],"product_cat":[27,1231,550],"product_tag":[1361,768,769,1363],"taxonomy\/receta":[],"class_list":{"0":"post-7290","1":"product","2":"type-product","3":"status-publish","4":"has-post-thumbnail","6":"product_cat-bio","7":"product_cat-bodega","8":"product_cat-vinos","9":"product_tag-verdejo","10":"product_tag-vino-a-domicilio","11":"product_tag-vino-blanco","12":"product_tag-vino-blanco-ecologico","14":"first","15":"instock","16":"taxable","17":"shipping-taxable","18":"purchasable","19":"product-type-simple"},"uagb_featured_image_src":{"full":["https:\/\/florsivioles.marketingempresas.es\/wp-content\/uploads\/2022\/12\/Vino-blanco-ecologico-Can-Rich.jpg",640,554,false],"thumbnail":["https:\/\/florsivioles.marketingempresas.es\/wp-content\/uploads\/2022\/12\/Vino-blanco-ecologico-Can-Rich-150x130.jpg",150,130,true],"medium":["https:\/\/florsivioles.marketingempresas.es\/wp-content\/uploads\/2022\/12\/Vino-blanco-ecologico-Can-Rich-364x315.jpg",364,315,true],"medium_large":["https:\/\/florsivioles.marketingempresas.es\/wp-content\/uploads\/2022\/12\/Vino-blanco-ecologico-Can-Rich.jpg",640,554,false],"large":["https:\/\/florsivioles.marketingempresas.es\/wp-content\/uploads\/2022\/12\/Vino-blanco-ecologico-Can-Rich.jpg",640,554,false],"1536x1536":["https:\/\/florsivioles.marketingempresas.es\/wp-content\/uploads\/2022\/12\/Vino-blanco-ecologico-Can-Rich.jpg",640,554,false],"2048x2048":["https:\/\/florsivioles.marketingempresas.es\/wp-content\/uploads\/2022\/12\/Vino-blanco-ecologico-Can-Rich.jpg",640,554,false],"trp-custom-language-flag":["https:\/\/florsivioles.marketingempresas.es\/wp-content\/uploads\/2022\/12\/Vino-blanco-ecologico-Can-Rich-14x12.jpg",14,12,true],"woocommerce_thumbnail":["https:\/\/florsivioles.marketingempresas.es\/wp-content\/uploads\/2022\/12\/Vino-blanco-ecologico-Can-Rich-260x260.jpg",260,260,true],"woocommerce_single":["https:\/\/florsivioles.marketingempresas.es\/wp-content\/uploads\/2022\/12\/Vino-blanco-ecologico-Can-Rich-360x312.jpg",360,312,true],"woocommerce_gallery_thumbnail":["https:\/\/florsivioles.marketingempresas.es\/wp-content\/uploads\/2022\/12\/Vino-blanco-ecologico-Can-Rich-100x100.jpg",100,100,true]},"uagb_author_info":{"display_name":"Christian Roig Brown","author_link":"https:\/\/florsivioles.marketingempresas.es\/en\/author\/"},"uagb_comment_info":0,"uagb_excerpt":"Botella de 0,75L","_links":{"self":[{"href":"https:\/\/florsivioles.marketingempresas.es\/en\/wp-json\/wp\/v2\/product\/7290","targetHints":{"allow":["GET"]}}],"collection":[{"href":"https:\/\/florsivioles.marketingempresas.es\/en\/wp-json\/wp\/v2\/product"}],"about":[{"href":"https:\/\/florsivioles.marketingempresas.es\/en\/wp-json\/wp\/v2\/types\/product"}],"wp:featuredmedia":[{"embeddable":true,"href":"https:\/\/florsivioles.marketingempresas.es\/en\/wp-json\/wp\/v2\/media\/7464"}],"wp:attachment":[{"href":"https:\/\/florsivioles.marketingempresas.es\/en\/wp-json\/wp\/v2\/media?parent=7290"}],"wp:term":[{"taxonomy":"product_brand","embeddable":true,"href":"https:\/\/florsivioles.marketingempresas.es\/en\/wp-json\/wp\/v2\/product_brand?post=7290"},{"taxonomy":"product_cat","embeddable":true,"href":"https:\/\/florsivioles.marketingempresas.es\/en\/wp-json\/wp\/v2\/product_cat?post=7290"},{"taxonomy":"product_tag","embeddable":true,"href":"https:\/\/florsivioles.marketingempresas.es\/en\/wp-json\/wp\/v2\/product_tag?post=7290"},{"taxonomy":"receta","embeddable":true,"href":"https:\/\/florsivioles.marketingempresas.es\/en\/wp-json\/wp\/v2\/taxonomy\/receta?post=7290"}],"curies":[{"name":"wp","href":"https:\/\/api.w.org\/{rel}","templated":true}]}}