{"id":7285,"date":"2023-03-02T12:55:18","date_gmt":"2023-03-02T11:55:18","guid":{"rendered":"https:\/\/florsivioles.marketingempresas.es\/?post_type=product&#038;p=7285"},"modified":"2023-11-16T12:03:54","modified_gmt":"2023-11-16T11:03:54","slug":"espaguetis-de-quinoa-real-y-arroz-bio","status":"publish","type":"product","link":"https:\/\/florsivioles.marketingempresas.es\/en\/product\/espaguetis-de-quinoa-real-y-arroz-bio\/","title":{"rendered":"Royal Quinoa &amp; Bio Rice Spaghetti"},"content":{"rendered":"<p>Descubre la pasta sin gluten de m\u00e1s alta calidad con estos Espaguetis de Quinoa Real y Arroz elaborados con ingredientes 100% ecol\u00f3gicos. Con una textura &#8216;al dente&#8217; excepcional, crea aut\u00e9nticos platos de pasta aptos para cel\u00edacos. \u00a1Ahora en envase plastic free, para reciclar \u00edntegramente en el contenedor de cart\u00f3n!<\/p>\n<p>&nbsp;<\/p>\n<h3>Ingredientes:<\/h3>\n<p>Harina de arroz* (90%), harina de quinoa real* (10%), de agricultura ecol\u00f3gica. SIN GLUTEN.<\/p>\n<div class=\"product-alergenos\"><strong>Al\u00e9rgenos: <\/strong>Puede contener trazas de\u00a0<strong>soja<\/strong>.<\/div>","protected":false},"excerpt":{"rendered":"<p>250gr. packet<\/p>","protected":false},"featured_media":7288,"template":"","meta":{"_uag_custom_page_level_css":""},"product_brand":[],"product_cat":[47,27,1544,1209],"product_tag":[113,1364,1359,1309,1357,1119],"taxonomy\/receta":[],"class_list":{"0":"post-7285","1":"product","2":"type-product","3":"status-publish","4":"has-post-thumbnail","6":"product_cat-pastas-ecologicas","7":"product_cat-bio","8":"product_cat-harinas-y-pastas-bio","9":"product_cat-sin-gluten-bio","10":"product_tag-envio-a-domicilio-en-ibiza","11":"product_tag-espaguetis-de-quinoa","12":"product_tag-pasta-de-quinoa-real","13":"product_tag-pasta-sin-gluten","14":"product_tag-pastas-ecologicas","15":"product_tag-tienda-ecologica-en-ibiza","17":"first","18":"instock","19":"taxable","20":"shipping-taxable","21":"purchasable","22":"product-type-simple"},"uagb_featured_image_src":{"full":["https:\/\/florsivioles.marketingempresas.es\/wp-content\/uploads\/2023\/03\/Espaguetis-de-Quinoa-Real-y-Arroz.jpg",640,554,false],"thumbnail":["https:\/\/florsivioles.marketingempresas.es\/wp-content\/uploads\/2023\/03\/Espaguetis-de-Quinoa-Real-y-Arroz-150x130.jpg",150,130,true],"medium":["https:\/\/florsivioles.marketingempresas.es\/wp-content\/uploads\/2023\/03\/Espaguetis-de-Quinoa-Real-y-Arroz-364x315.jpg",364,315,true],"medium_large":["https:\/\/florsivioles.marketingempresas.es\/wp-content\/uploads\/2023\/03\/Espaguetis-de-Quinoa-Real-y-Arroz.jpg",640,554,false],"large":["https:\/\/florsivioles.marketingempresas.es\/wp-content\/uploads\/2023\/03\/Espaguetis-de-Quinoa-Real-y-Arroz.jpg",640,554,false],"1536x1536":["https:\/\/florsivioles.marketingempresas.es\/wp-content\/uploads\/2023\/03\/Espaguetis-de-Quinoa-Real-y-Arroz.jpg",640,554,false],"2048x2048":["https:\/\/florsivioles.marketingempresas.es\/wp-content\/uploads\/2023\/03\/Espaguetis-de-Quinoa-Real-y-Arroz.jpg",640,554,false],"trp-custom-language-flag":["https:\/\/florsivioles.marketingempresas.es\/wp-content\/uploads\/2023\/03\/Espaguetis-de-Quinoa-Real-y-Arroz-14x12.jpg",14,12,true],"woocommerce_thumbnail":["https:\/\/florsivioles.marketingempresas.es\/wp-content\/uploads\/2023\/03\/Espaguetis-de-Quinoa-Real-y-Arroz-260x260.jpg",260,260,true],"woocommerce_single":["https:\/\/florsivioles.marketingempresas.es\/wp-content\/uploads\/2023\/03\/Espaguetis-de-Quinoa-Real-y-Arroz-360x312.jpg",360,312,true],"woocommerce_gallery_thumbnail":["https:\/\/florsivioles.marketingempresas.es\/wp-content\/uploads\/2023\/03\/Espaguetis-de-Quinoa-Real-y-Arroz-100x100.jpg",100,100,true]},"uagb_author_info":{"display_name":"Christian Roig Brown","author_link":"https:\/\/florsivioles.marketingempresas.es\/en\/author\/"},"uagb_comment_info":0,"uagb_excerpt":"Paquete de 250gr.","_links":{"self":[{"href":"https:\/\/florsivioles.marketingempresas.es\/en\/wp-json\/wp\/v2\/product\/7285","targetHints":{"allow":["GET"]}}],"collection":[{"href":"https:\/\/florsivioles.marketingempresas.es\/en\/wp-json\/wp\/v2\/product"}],"about":[{"href":"https:\/\/florsivioles.marketingempresas.es\/en\/wp-json\/wp\/v2\/types\/product"}],"wp:featuredmedia":[{"embeddable":true,"href":"https:\/\/florsivioles.marketingempresas.es\/en\/wp-json\/wp\/v2\/media\/7288"}],"wp:attachment":[{"href":"https:\/\/florsivioles.marketingempresas.es\/en\/wp-json\/wp\/v2\/media?parent=7285"}],"wp:term":[{"taxonomy":"product_brand","embeddable":true,"href":"https:\/\/florsivioles.marketingempresas.es\/en\/wp-json\/wp\/v2\/product_brand?post=7285"},{"taxonomy":"product_cat","embeddable":true,"href":"https:\/\/florsivioles.marketingempresas.es\/en\/wp-json\/wp\/v2\/product_cat?post=7285"},{"taxonomy":"product_tag","embeddable":true,"href":"https:\/\/florsivioles.marketingempresas.es\/en\/wp-json\/wp\/v2\/product_tag?post=7285"},{"taxonomy":"receta","embeddable":true,"href":"https:\/\/florsivioles.marketingempresas.es\/en\/wp-json\/wp\/v2\/taxonomy\/receta?post=7285"}],"curies":[{"name":"wp","href":"https:\/\/api.w.org\/{rel}","templated":true}]}}