{"id":7284,"date":"2022-12-02T08:57:48","date_gmt":"2022-12-02T07:57:48","guid":{"rendered":"https:\/\/florsivioles.marketingempresas.es\/?post_type=product&#038;p=7284"},"modified":"2023-06-15T23:07:56","modified_gmt":"2023-06-15T21:07:56","slug":"vino-blanco-ecologico-marques-de-riscal","status":"publish","type":"product","link":"https:\/\/florsivioles.marketingempresas.es\/en\/product\/vino-blanco-ecologico-marques-de-riscal\/","title":{"rendered":"\"Marqu\u00e9s de Riscal\" Organic White Wine"},"content":{"rendered":"<p>Marqu\u00e9s de Riscal Verdejo Organic procede del vi\u00f1edo de propiedad de Marqu\u00e9s de Riscal en Rueda cultivado en ecol\u00f3gico desde 2010, aunque es desde la a\u00f1ada 2018 que la totalidad de las fincas propiedad de la bodega han conseguido la certificaci\u00f3n ecol\u00f3gica. Marqu\u00e9s de Riscal apuesta por elaborar un vino con la m\u00ednima intervenci\u00f3n posible queriendo resaltar la pureza varietal y el car\u00e1cter del terru\u00f1o de esta zona del Duero.<\/p>","protected":false},"excerpt":{"rendered":"<p>75CL Bottle<\/p>","protected":false},"featured_media":7462,"template":"","meta":{"_uag_custom_page_level_css":""},"product_brand":[],"product_cat":[27,1231,550],"product_tag":[1361,768,769,1363],"taxonomy\/receta":[],"class_list":{"0":"post-7284","1":"product","2":"type-product","3":"status-publish","4":"has-post-thumbnail","6":"product_cat-bio","7":"product_cat-bodega","8":"product_cat-vinos","9":"product_tag-verdejo","10":"product_tag-vino-a-domicilio","11":"product_tag-vino-blanco","12":"product_tag-vino-blanco-ecologico","14":"first","15":"instock","16":"taxable","17":"shipping-taxable","18":"purchasable","19":"product-type-simple"},"uagb_featured_image_src":{"full":["https:\/\/florsivioles.marketingempresas.es\/wp-content\/uploads\/2022\/12\/Vino-blanco-ecologico-Marques-de-Riscal.jpg",640,554,false],"thumbnail":["https:\/\/florsivioles.marketingempresas.es\/wp-content\/uploads\/2022\/12\/Vino-blanco-ecologico-Marques-de-Riscal-150x130.jpg",150,130,true],"medium":["https:\/\/florsivioles.marketingempresas.es\/wp-content\/uploads\/2022\/12\/Vino-blanco-ecologico-Marques-de-Riscal-364x315.jpg",364,315,true],"medium_large":["https:\/\/florsivioles.marketingempresas.es\/wp-content\/uploads\/2022\/12\/Vino-blanco-ecologico-Marques-de-Riscal.jpg",640,554,false],"large":["https:\/\/florsivioles.marketingempresas.es\/wp-content\/uploads\/2022\/12\/Vino-blanco-ecologico-Marques-de-Riscal.jpg",640,554,false],"1536x1536":["https:\/\/florsivioles.marketingempresas.es\/wp-content\/uploads\/2022\/12\/Vino-blanco-ecologico-Marques-de-Riscal.jpg",640,554,false],"2048x2048":["https:\/\/florsivioles.marketingempresas.es\/wp-content\/uploads\/2022\/12\/Vino-blanco-ecologico-Marques-de-Riscal.jpg",640,554,false],"trp-custom-language-flag":["https:\/\/florsivioles.marketingempresas.es\/wp-content\/uploads\/2022\/12\/Vino-blanco-ecologico-Marques-de-Riscal-14x12.jpg",14,12,true],"woocommerce_thumbnail":["https:\/\/florsivioles.marketingempresas.es\/wp-content\/uploads\/2022\/12\/Vino-blanco-ecologico-Marques-de-Riscal-260x260.jpg",260,260,true],"woocommerce_single":["https:\/\/florsivioles.marketingempresas.es\/wp-content\/uploads\/2022\/12\/Vino-blanco-ecologico-Marques-de-Riscal-360x312.jpg",360,312,true],"woocommerce_gallery_thumbnail":["https:\/\/florsivioles.marketingempresas.es\/wp-content\/uploads\/2022\/12\/Vino-blanco-ecologico-Marques-de-Riscal-100x100.jpg",100,100,true]},"uagb_author_info":{"display_name":"Christian Roig Brown","author_link":"https:\/\/florsivioles.marketingempresas.es\/en\/author\/"},"uagb_comment_info":0,"uagb_excerpt":"Botella de 0,75L","_links":{"self":[{"href":"https:\/\/florsivioles.marketingempresas.es\/en\/wp-json\/wp\/v2\/product\/7284","targetHints":{"allow":["GET"]}}],"collection":[{"href":"https:\/\/florsivioles.marketingempresas.es\/en\/wp-json\/wp\/v2\/product"}],"about":[{"href":"https:\/\/florsivioles.marketingempresas.es\/en\/wp-json\/wp\/v2\/types\/product"}],"wp:featuredmedia":[{"embeddable":true,"href":"https:\/\/florsivioles.marketingempresas.es\/en\/wp-json\/wp\/v2\/media\/7462"}],"wp:attachment":[{"href":"https:\/\/florsivioles.marketingempresas.es\/en\/wp-json\/wp\/v2\/media?parent=7284"}],"wp:term":[{"taxonomy":"product_brand","embeddable":true,"href":"https:\/\/florsivioles.marketingempresas.es\/en\/wp-json\/wp\/v2\/product_brand?post=7284"},{"taxonomy":"product_cat","embeddable":true,"href":"https:\/\/florsivioles.marketingempresas.es\/en\/wp-json\/wp\/v2\/product_cat?post=7284"},{"taxonomy":"product_tag","embeddable":true,"href":"https:\/\/florsivioles.marketingempresas.es\/en\/wp-json\/wp\/v2\/product_tag?post=7284"},{"taxonomy":"receta","embeddable":true,"href":"https:\/\/florsivioles.marketingempresas.es\/en\/wp-json\/wp\/v2\/taxonomy\/receta?post=7284"}],"curies":[{"name":"wp","href":"https:\/\/api.w.org\/{rel}","templated":true}]}}