{"id":7219,"date":"2023-02-17T10:55:03","date_gmt":"2023-02-17T09:55:03","guid":{"rendered":"https:\/\/florsivioles.marketingempresas.es\/?post_type=product&#038;p=7219"},"modified":"2023-09-29T20:14:49","modified_gmt":"2023-09-29T18:14:49","slug":"ensalada-asiatica-de-pepino","status":"publish","type":"product","link":"https:\/\/florsivioles.marketingempresas.es\/en\/product\/ensalada-asiatica-de-pepino\/","title":{"rendered":"Asian cucumber salad"},"content":{"rendered":"","protected":false},"excerpt":{"rendered":"<p>A quick recipe for Asian cucumber salad. Made with rice vinegar, soy sauce and sesame oil, this is the best Asian cucumber salad dressing!<\/p>","protected":false},"featured_media":7218,"template":"","meta":{"_uag_custom_page_level_css":""},"product_brand":[],"product_cat":[1177,1259],"product_tag":[1343,1342],"taxonomy\/receta":[1341],"class_list":{"0":"post-7219","1":"product","2":"type-product","3":"status-publish","4":"has-post-thumbnail","6":"product_cat-recetas","7":"product_cat-acompanantes","8":"product_tag-acompananate","9":"product_tag-ensalada-asiatica","10":"receta-ensalada-asiatica-de-pepino","12":"first","13":"instock","14":"taxable","15":"shipping-taxable","16":"purchasable","17":"product-type-woosb"},"uagb_featured_image_src":{"full":["https:\/\/florsivioles.marketingempresas.es\/wp-content\/uploads\/2023\/02\/Ensalada-asiatica-de-pepino.jpg",1200,1800,false],"thumbnail":["https:\/\/florsivioles.marketingempresas.es\/wp-content\/uploads\/2023\/02\/Ensalada-asiatica-de-pepino-100x150.jpg",100,150,true],"medium":["https:\/\/florsivioles.marketingempresas.es\/wp-content\/uploads\/2023\/02\/Ensalada-asiatica-de-pepino-243x364.jpg",243,364,true],"medium_large":["https:\/\/florsivioles.marketingempresas.es\/wp-content\/uploads\/2023\/02\/Ensalada-asiatica-de-pepino-768x1152.jpg",768,1152,true],"large":["https:\/\/florsivioles.marketingempresas.es\/wp-content\/uploads\/2023\/02\/Ensalada-asiatica-de-pepino-683x1024.jpg",683,1024,true],"1536x1536":["https:\/\/florsivioles.marketingempresas.es\/wp-content\/uploads\/2023\/02\/Ensalada-asiatica-de-pepino-1024x1536.jpg",1024,1536,true],"2048x2048":["https:\/\/florsivioles.marketingempresas.es\/wp-content\/uploads\/2023\/02\/Ensalada-asiatica-de-pepino.jpg",1200,1800,false],"trp-custom-language-flag":["https:\/\/florsivioles.marketingempresas.es\/wp-content\/uploads\/2023\/02\/Ensalada-asiatica-de-pepino-8x12.jpg",8,12,true],"woocommerce_thumbnail":["https:\/\/florsivioles.marketingempresas.es\/wp-content\/uploads\/2023\/02\/Ensalada-asiatica-de-pepino-260x260.jpg",260,260,true],"woocommerce_single":["https:\/\/florsivioles.marketingempresas.es\/wp-content\/uploads\/2023\/02\/Ensalada-asiatica-de-pepino-360x540.jpg",360,540,true],"woocommerce_gallery_thumbnail":["https:\/\/florsivioles.marketingempresas.es\/wp-content\/uploads\/2023\/02\/Ensalada-asiatica-de-pepino-100x100.jpg",100,100,true]},"uagb_author_info":{"display_name":"Christian Roig Brown","author_link":"https:\/\/florsivioles.marketingempresas.es\/en\/author\/"},"uagb_comment_info":0,"uagb_excerpt":"Una receta r\u00e1pida de ensalada asi\u00e1tica de pepino. Hecha con vinagre de arroz, salsa de soja y aceite de s\u00e9samo, \u00a1tiene el mejor ali\u00f1o asi\u00e1tico para ensaladas de pepino!","_links":{"self":[{"href":"https:\/\/florsivioles.marketingempresas.es\/en\/wp-json\/wp\/v2\/product\/7219","targetHints":{"allow":["GET"]}}],"collection":[{"href":"https:\/\/florsivioles.marketingempresas.es\/en\/wp-json\/wp\/v2\/product"}],"about":[{"href":"https:\/\/florsivioles.marketingempresas.es\/en\/wp-json\/wp\/v2\/types\/product"}],"wp:featuredmedia":[{"embeddable":true,"href":"https:\/\/florsivioles.marketingempresas.es\/en\/wp-json\/wp\/v2\/media\/7218"}],"wp:attachment":[{"href":"https:\/\/florsivioles.marketingempresas.es\/en\/wp-json\/wp\/v2\/media?parent=7219"}],"wp:term":[{"taxonomy":"product_brand","embeddable":true,"href":"https:\/\/florsivioles.marketingempresas.es\/en\/wp-json\/wp\/v2\/product_brand?post=7219"},{"taxonomy":"product_cat","embeddable":true,"href":"https:\/\/florsivioles.marketingempresas.es\/en\/wp-json\/wp\/v2\/product_cat?post=7219"},{"taxonomy":"product_tag","embeddable":true,"href":"https:\/\/florsivioles.marketingempresas.es\/en\/wp-json\/wp\/v2\/product_tag?post=7219"},{"taxonomy":"receta","embeddable":true,"href":"https:\/\/florsivioles.marketingempresas.es\/en\/wp-json\/wp\/v2\/taxonomy\/receta?post=7219"}],"curies":[{"name":"wp","href":"https:\/\/api.w.org\/{rel}","templated":true}]}}