{"id":7204,"date":"2022-02-09T12:16:33","date_gmt":"2022-02-09T11:16:33","guid":{"rendered":"https:\/\/florsivioles.marketingempresas.es\/?post_type=product&#038;p=7204"},"modified":"2023-07-25T20:16:34","modified_gmt":"2023-07-25T18:16:34","slug":"aceite-de-oliva-ecologico-macerado-con-albahaca","status":"publish","type":"product","link":"https:\/\/florsivioles.marketingempresas.es\/en\/product\/aceite-de-oliva-ecologico-macerado-con-albahaca\/","title":{"rendered":"Macerated Organic Olive Oil  with Basil"},"content":{"rendered":"<p>El aceite de oliva virgen extra condimentado con albahaca es perfecto para aquellos a quienes les gusten los sabores intensos. Est\u00e1 elaborado a base del mejor AOVE y macerado con una selecci\u00f3n de hojas frescas de albahaca de primer\u00edsima calidad.<\/p>\n<p>Est\u00e1 recomendado especialmente para consumir en fr\u00edo o a baja temperatura, para mantener sus propiedades y aroma, pero tambi\u00e9n es un buen acompa\u00f1ante para platos calientes si se utiliza al final de su preparaci\u00f3n como toque final para que no coja demasiada temperatura.<\/p>\n<p>Es perfecto para platos de pescado, especialmente para los crust\u00e1ceos como las gambas. Tambi\u00e9n se puede a\u00f1adir a pizzas, gazpachos y todo tipo de verduras, al pollo, las ensaladas o para tomar s\u00f3lo con pan<\/p>\n<p>El aceite de oliva, especialmente el virgen extra, tiene una serie de propiedades y beneficios que os mostramos a continuaci\u00f3n.<\/p>\n<p>Ayuda a vivir m\u00e1s. El aceite de oliva aporta un gran sabor a muchas comidas, pero adem\u00e1s ayuda a prevenir y reducir el desarrollo de muchas enfermedades. Los estudios muestran que consumir aceite de oliva a diario es esencial para prevenir ciertos tipos de c\u00e1ncer, por lo que ayudar\u00eda a vivir m\u00e1s tiempo. Este alimento, adem\u00e1s de sabroso, es muy saludable.<\/p>\n<p>Propiedades antibacterianas. Muchas de las enfermedades que previene este alimento es por sus propiedades antibacterianas, que ha demostrado ser particularmente eficaz contra Helicobacter pylori, un tipo de bacteria que puede causar \u00falceras y c\u00e1ncer de est\u00f3mago. De hecho, las investigaciones muestran que es eficaz contra ocho cepas de esta bacteria, tres de las cuales son resistentes a los antibi\u00f3ticos. El mismo estudio ha demostrado que 30 gramos de aceite de oliva virgen extra pueden eliminar la infecci\u00f3n por Helicobacter pylori en el 10-40% de las personas en tan s\u00f3lo 2 semanas.<\/p>\n<p>Mejora la salud intestinal. Como puedes ver en el punto anterior, el aceite de oliva mejora la salud del est\u00f3mago y del aparato digestivo, y act\u00faa como protector reduciendo el exceso de \u00e1cidos en esta parte del cuerpo. Asimismo, aumenta el PH del organismo porque favorece la absorci\u00f3n de calcio y magnesio.<\/p>\n<p>Previene la artritis. El aceite de oliva puede ayudar a reducir el dolor en las articulaciones y la hinchaz\u00f3n de la artritis reumatoide. Estos efectos se magnifican cuando se combina con la ingesta de pescados ricos en omega.\u00a0La artritis reumatoide es una enfermedad que provoca articulaciones deformadas y dolorosas. Si bien no se conocen las causas, se cree que ocurre por un sistema inmunol\u00f3gico deficiente en el que los anticuerpos atacan a las c\u00e9lulas sanas por error. Los estudios muestran que el aceite virgen extra reduce la inflamaci\u00f3n y el estr\u00e9s oxidativo en los individuos con esta condici\u00f3n.<\/p>\n<p>Mejora las funciones cognitivas. Los polifenoles son compuestos bioactivos que act\u00faan como antioxidantes y antiinflamatorios, y los estudios han demostrado que potencian el nacimiento de nuevas neuronas. El aceite de oliva, entre muchos otros nutrientes, contiene polifenoles. Asimismo, las personas que consumen mayor cantidad de grasas tienen mejor memoria, y aquellas que consumen grasas monoinsaturadas gozan de un mejores funciones cognitivas, funciones metab\u00f3licas y un mayor desarrollo cerebral.\u00a0Las grasas, adem\u00e1s, favorecen la formaci\u00f3n de membranas celulares y del tejido cerebral.<\/p>\n<p>Previene la diabetes tipo II. Este alimento tiene un protector contra la diabetes, por sus efectos beneficiosos sobre la glucemia y la sensibilidad a la insulina. As\u00ed lo confirm\u00f3 un estudio publicado en la revista Diabetes Journal que cont\u00f3 con 418 sujetos. Seg\u00fan los resultados, el grupo que consumi\u00f3 la dieta mediterr\u00e1nea con aceite de oliva redujo el riesgo de desarrollar diabetes tipo II en m\u00e1s del 40%.<\/p>\n<p>Mejora la salud cut\u00e1nea. El aceite de oliva virgen extra ayuda contiene agentes antienvejecimiento, y nutrientes que combaten la osteoporosis y da\u00f1os en la piel. Al parecer, el aceite de oliva a\u00f1ade una capa protectora en la piel, tanto a trav\u00e9s del consumo y la aplicaci\u00f3n.<\/p>\n<p>Previene el c\u00e1ncer. Los antioxidantes que se encuentran en este tipo de aceite ayudan a reducir el da\u00f1o oxidativo causado por los radicales libres, que se cree que es uno de los principales or\u00edgenes de c\u00e1ncer.<\/p>\n<p>Previene el Alzheimer. El Alzheimer es la enfermedad neurodegenerativa que se caracteriza por la acumulaci\u00f3n de de las llamadas placas beta-amiloides dentro de las c\u00e9lulas cerebrales. Un estudio en ratones demostr\u00f3 que el aceite de oliva podr\u00eda eliminar estas placas de las neuronas.<\/p>\n<p>Ayuda a perder peso. Consumir grasas sanas puede ser beneficioso a la hora de quemar calor\u00edas, pues acelera el metabolismo. Adem\u00e1s, expertos en este tema, como es el caso de Leandro Ravetti, afirman que \u201cuna dieta rica en aceite de oliva virgen extra puede favorecer la de p\u00e9rdida de peso y su mantenimiento. De hecho, las dietas bajas en grasa son menos efectivas que aquellas que contienen grasas saludables para este fin\u201d.<\/p>\n<p>Mejora el sistema inmunol\u00f3gico. Tener un sistema inmunol\u00f3gico fuerte es clave para gozar de una buena salud, pues es necesario para combatir virus o bacterias que podr\u00edan perjudicar a nuestro organismo. Los antioxidantes del \u201coro verde\u201d ayudan a mejorar el sistema inmunol\u00f3gico y, de esta manera, prevenir enfermedades.<\/p>\n<p>Previene las enfermedades card\u00edacas. Las enfermedades card\u00edacas son una de las principales causas de muerte en el mundo, y el aceite de oliva podr\u00eda prevenirlas, pues reduce significativamente el riesgo de enfermedades del coraz\u00f3n a trav\u00e9s de numerosos mecanismos, por ejemplo, reduce la inflamaci\u00f3n, mejora la funci\u00f3n del revestimiento de los vasos sangu\u00edneos y puede ayudar a prevenir la coagulaci\u00f3n no deseada de la sangre.<\/p>\n<p>Reduce el colesterol. Adem\u00e1s, el aceite de oliva ayuda a proteger al organismo del colesterol malo o LDL, y los Los fitoesteroles que contiene aumentan el HDL, lo que ayuda a balancear el colesterol. Esto provoca una reducci\u00f3n de enfermedades cardiovasculares y arteriosclerosis.<\/p>","protected":false},"excerpt":{"rendered":"<p>250ml container<\/p>","protected":false},"featured_media":7205,"template":"","meta":{"_uag_custom_page_level_css":""},"product_brand":[],"product_cat":[27,48],"product_tag":[749,751,760,750,100,752,500,756,753,754,720],"taxonomy\/receta":[],"class_list":{"0":"post-7204","1":"product","2":"type-product","3":"status-publish","4":"has-post-thumbnail","6":"product_cat-bio","7":"product_cat-aceites-vinagres-bio","8":"product_tag-aceite-de-oliva","9":"product_tag-aceite-ecologico","10":"product_tag-aceite-picante","11":"product_tag-aceite-virgen-extra","12":"product_tag-albahaca","13":"product_tag-alinos","14":"product_tag-ensaladas","15":"product_tag-hojiblanca","16":"product_tag-mayonesa","17":"product_tag-omega-3","18":"product_tag-salsas","19":"product_shipping_class-envio-gratuito","21":"first","22":"instock","23":"taxable","24":"shipping-taxable","25":"purchasable","26":"product-type-simple"},"uagb_featured_image_src":{"full":["https:\/\/florsivioles.marketingempresas.es\/wp-content\/uploads\/2023\/02\/aceite-de-albahaca.jpg",650,1011,false],"thumbnail":["https:\/\/florsivioles.marketingempresas.es\/wp-content\/uploads\/2023\/02\/aceite-de-albahaca-96x150.jpg",96,150,true],"medium":["https:\/\/florsivioles.marketingempresas.es\/wp-content\/uploads\/2023\/02\/aceite-de-albahaca-234x364.jpg",234,364,true],"medium_large":["https:\/\/florsivioles.marketingempresas.es\/wp-content\/uploads\/2023\/02\/aceite-de-albahaca.jpg",650,1011,false],"large":["https:\/\/florsivioles.marketingempresas.es\/wp-content\/uploads\/2023\/02\/aceite-de-albahaca.jpg",650,1011,false],"1536x1536":["https:\/\/florsivioles.marketingempresas.es\/wp-content\/uploads\/2023\/02\/aceite-de-albahaca.jpg",650,1011,false],"2048x2048":["https:\/\/florsivioles.marketingempresas.es\/wp-content\/uploads\/2023\/02\/aceite-de-albahaca.jpg",650,1011,false],"trp-custom-language-flag":["https:\/\/florsivioles.marketingempresas.es\/wp-content\/uploads\/2023\/02\/aceite-de-albahaca-8x12.jpg",8,12,true],"woocommerce_thumbnail":["https:\/\/florsivioles.marketingempresas.es\/wp-content\/uploads\/2023\/02\/aceite-de-albahaca-260x260.jpg",260,260,true],"woocommerce_single":["https:\/\/florsivioles.marketingempresas.es\/wp-content\/uploads\/2023\/02\/aceite-de-albahaca-360x560.jpg",360,560,true],"woocommerce_gallery_thumbnail":["https:\/\/florsivioles.marketingempresas.es\/wp-content\/uploads\/2023\/02\/aceite-de-albahaca-100x100.jpg",100,100,true]},"uagb_author_info":{"display_name":"Christian Roig Brown","author_link":"https:\/\/florsivioles.marketingempresas.es\/en\/author\/"},"uagb_comment_info":0,"uagb_excerpt":"Envase de 250 ml.","_links":{"self":[{"href":"https:\/\/florsivioles.marketingempresas.es\/en\/wp-json\/wp\/v2\/product\/7204","targetHints":{"allow":["GET"]}}],"collection":[{"href":"https:\/\/florsivioles.marketingempresas.es\/en\/wp-json\/wp\/v2\/product"}],"about":[{"href":"https:\/\/florsivioles.marketingempresas.es\/en\/wp-json\/wp\/v2\/types\/product"}],"wp:featuredmedia":[{"embeddable":true,"href":"https:\/\/florsivioles.marketingempresas.es\/en\/wp-json\/wp\/v2\/media\/7205"}],"wp:attachment":[{"href":"https:\/\/florsivioles.marketingempresas.es\/en\/wp-json\/wp\/v2\/media?parent=7204"}],"wp:term":[{"taxonomy":"product_brand","embeddable":true,"href":"https:\/\/florsivioles.marketingempresas.es\/en\/wp-json\/wp\/v2\/product_brand?post=7204"},{"taxonomy":"product_cat","embeddable":true,"href":"https:\/\/florsivioles.marketingempresas.es\/en\/wp-json\/wp\/v2\/product_cat?post=7204"},{"taxonomy":"product_tag","embeddable":true,"href":"https:\/\/florsivioles.marketingempresas.es\/en\/wp-json\/wp\/v2\/product_tag?post=7204"},{"taxonomy":"receta","embeddable":true,"href":"https:\/\/florsivioles.marketingempresas.es\/en\/wp-json\/wp\/v2\/taxonomy\/receta?post=7204"}],"curies":[{"name":"wp","href":"https:\/\/api.w.org\/{rel}","templated":true}]}}