{"id":7188,"date":"2022-03-08T18:17:12","date_gmt":"2022-03-08T17:17:12","guid":{"rendered":"https:\/\/florsivioles.marketingempresas.es\/?post_type=product&#038;p=7188"},"modified":"2023-11-16T11:44:38","modified_gmt":"2023-11-16T10:44:38","slug":"kefir-de-cabra-ecologico-cantero-de-letur","status":"publish","type":"product","link":"https:\/\/florsivioles.marketingempresas.es\/en\/product\/kefir-de-cabra-ecologico-cantero-de-letur\/","title":{"rendered":"Organic Goat's Kefir"},"content":{"rendered":"<p>Un K\u00e9fir de Cabra ecol\u00f3gico con mucha personalidad. Al igual que el de vaca es originario de Europa del Este. Ayudan a regular el tr\u00e1nsito intestinal y reducir los niveles de colesterol. Con beneficios similares al Kefir de vaca, fortalece las defensas frente a infecciones y hace m\u00e1s asimilables otros nutrientes. Con un sabor ligeramente \u00e1cido.<\/p>","protected":false},"excerpt":{"rendered":"<p>Envase de 420gr.<\/p>","protected":false},"featured_media":7179,"template":"","meta":{"_uag_custom_page_level_css":""},"product_brand":[],"product_cat":[529,27,1540],"product_tag":[1339],"taxonomy\/receta":[],"class_list":{"0":"post-7188","1":"product","2":"type-product","3":"status-publish","4":"has-post-thumbnail","6":"product_cat-yogures-bio","7":"product_cat-bio","8":"product_cat-huevos-y-lacteos-bio","9":"product_tag-kefir-de-cabra-ecologico","11":"first","12":"instock","13":"taxable","14":"shipping-taxable","15":"purchasable","16":"product-type-simple"},"uagb_featured_image_src":{"full":["https:\/\/florsivioles.marketingempresas.es\/wp-content\/uploads\/2023\/02\/Kefir-Ecologico-de-Cabra.jpg",640,554,false],"thumbnail":["https:\/\/florsivioles.marketingempresas.es\/wp-content\/uploads\/2023\/02\/Kefir-Ecologico-de-Cabra-150x130.jpg",150,130,true],"medium":["https:\/\/florsivioles.marketingempresas.es\/wp-content\/uploads\/2023\/02\/Kefir-Ecologico-de-Cabra-364x315.jpg",364,315,true],"medium_large":["https:\/\/florsivioles.marketingempresas.es\/wp-content\/uploads\/2023\/02\/Kefir-Ecologico-de-Cabra.jpg",640,554,false],"large":["https:\/\/florsivioles.marketingempresas.es\/wp-content\/uploads\/2023\/02\/Kefir-Ecologico-de-Cabra.jpg",640,554,false],"1536x1536":["https:\/\/florsivioles.marketingempresas.es\/wp-content\/uploads\/2023\/02\/Kefir-Ecologico-de-Cabra.jpg",640,554,false],"2048x2048":["https:\/\/florsivioles.marketingempresas.es\/wp-content\/uploads\/2023\/02\/Kefir-Ecologico-de-Cabra.jpg",640,554,false],"trp-custom-language-flag":["https:\/\/florsivioles.marketingempresas.es\/wp-content\/uploads\/2023\/02\/Kefir-Ecologico-de-Cabra-14x12.jpg",14,12,true],"woocommerce_thumbnail":["https:\/\/florsivioles.marketingempresas.es\/wp-content\/uploads\/2023\/02\/Kefir-Ecologico-de-Cabra-260x260.jpg",260,260,true],"woocommerce_single":["https:\/\/florsivioles.marketingempresas.es\/wp-content\/uploads\/2023\/02\/Kefir-Ecologico-de-Cabra-360x312.jpg",360,312,true],"woocommerce_gallery_thumbnail":["https:\/\/florsivioles.marketingempresas.es\/wp-content\/uploads\/2023\/02\/Kefir-Ecologico-de-Cabra-100x100.jpg",100,100,true]},"uagb_author_info":{"display_name":"Christian Roig Brown","author_link":"https:\/\/florsivioles.marketingempresas.es\/en\/author\/"},"uagb_comment_info":0,"uagb_excerpt":"Envase de 420gr.","_links":{"self":[{"href":"https:\/\/florsivioles.marketingempresas.es\/en\/wp-json\/wp\/v2\/product\/7188","targetHints":{"allow":["GET"]}}],"collection":[{"href":"https:\/\/florsivioles.marketingempresas.es\/en\/wp-json\/wp\/v2\/product"}],"about":[{"href":"https:\/\/florsivioles.marketingempresas.es\/en\/wp-json\/wp\/v2\/types\/product"}],"wp:featuredmedia":[{"embeddable":true,"href":"https:\/\/florsivioles.marketingempresas.es\/en\/wp-json\/wp\/v2\/media\/7179"}],"wp:attachment":[{"href":"https:\/\/florsivioles.marketingempresas.es\/en\/wp-json\/wp\/v2\/media?parent=7188"}],"wp:term":[{"taxonomy":"product_brand","embeddable":true,"href":"https:\/\/florsivioles.marketingempresas.es\/en\/wp-json\/wp\/v2\/product_brand?post=7188"},{"taxonomy":"product_cat","embeddable":true,"href":"https:\/\/florsivioles.marketingempresas.es\/en\/wp-json\/wp\/v2\/product_cat?post=7188"},{"taxonomy":"product_tag","embeddable":true,"href":"https:\/\/florsivioles.marketingempresas.es\/en\/wp-json\/wp\/v2\/product_tag?post=7188"},{"taxonomy":"receta","embeddable":true,"href":"https:\/\/florsivioles.marketingempresas.es\/en\/wp-json\/wp\/v2\/taxonomy\/receta?post=7188"}],"curies":[{"name":"wp","href":"https:\/\/api.w.org\/{rel}","templated":true}]}}