{"id":7185,"date":"2023-11-28T08:09:14","date_gmt":"2023-11-28T07:09:14","guid":{"rendered":"https:\/\/florsivioles.marketingempresas.es\/?post_type=product&#038;p=7185"},"modified":"2023-12-04T10:25:32","modified_gmt":"2023-12-04T09:25:32","slug":"yogur-natural-de-cabra-ecologico-cantero-de-letur","status":"publish","type":"product","link":"https:\/\/florsivioles.marketingempresas.es\/en\/product\/yogur-natural-de-cabra-ecologico-cantero-de-letur\/","title":{"rendered":"Organic Goat's Yoghurt"},"content":{"rendered":"<p>\u00a1Yogur Natural de Cabra Ecol\u00f3gico sano y riqu\u00edsimo! El yogur de cabra ayuda a regenerar nuestra flora intestinal. Esta regeneraci\u00f3n, es muy importante para un buen tr\u00e1nsito intestinal corrigiendo as\u00ed muchos casos de estre\u00f1imiento o diarreas, y para mejorar el sistema inmunol\u00f3gico. Adem\u00e1s el yogur hace la leche mucho m\u00e1s digestiva, ya que tiene mucha menos lactosa que la propia leche. As\u00ed encontraremos personas que no pudiendo tolerar la leche, pueden comerse un yogur tranquilamente. Tiene una textura sorprendentemente cremosa.<\/p>\n<p>Aunque el envase no te lo acabes en una comida, lo puedes volver a cerrar y consumirlo tranquilamente dentro de su fecha de consumo preferente.<\/p>","protected":false},"excerpt":{"rendered":"<p>Encase de 420gr.<\/p>","protected":false},"featured_media":7182,"template":"","meta":{"_uag_custom_page_level_css":""},"product_brand":[],"product_cat":[529,27,1540],"product_tag":[628,1335],"taxonomy\/receta":[],"class_list":{"0":"post-7185","1":"product","2":"type-product","3":"status-publish","4":"has-post-thumbnail","6":"product_cat-yogures-bio","7":"product_cat-bio","8":"product_cat-huevos-y-lacteos-bio","9":"product_tag-yogur-de-cabra","10":"product_tag-yogur-natural-de-cabra-ecologico","12":"first","13":"instock","14":"taxable","15":"shipping-taxable","16":"purchasable","17":"product-type-simple"},"uagb_featured_image_src":{"full":["https:\/\/florsivioles.marketingempresas.es\/wp-content\/uploads\/2023\/02\/Yogur-Ecologico-de-Cabra.jpg",640,554,false],"thumbnail":["https:\/\/florsivioles.marketingempresas.es\/wp-content\/uploads\/2023\/02\/Yogur-Ecologico-de-Cabra-150x130.jpg",150,130,true],"medium":["https:\/\/florsivioles.marketingempresas.es\/wp-content\/uploads\/2023\/02\/Yogur-Ecologico-de-Cabra-364x315.jpg",364,315,true],"medium_large":["https:\/\/florsivioles.marketingempresas.es\/wp-content\/uploads\/2023\/02\/Yogur-Ecologico-de-Cabra.jpg",640,554,false],"large":["https:\/\/florsivioles.marketingempresas.es\/wp-content\/uploads\/2023\/02\/Yogur-Ecologico-de-Cabra.jpg",640,554,false],"1536x1536":["https:\/\/florsivioles.marketingempresas.es\/wp-content\/uploads\/2023\/02\/Yogur-Ecologico-de-Cabra.jpg",640,554,false],"2048x2048":["https:\/\/florsivioles.marketingempresas.es\/wp-content\/uploads\/2023\/02\/Yogur-Ecologico-de-Cabra.jpg",640,554,false],"trp-custom-language-flag":["https:\/\/florsivioles.marketingempresas.es\/wp-content\/uploads\/2023\/02\/Yogur-Ecologico-de-Cabra-14x12.jpg",14,12,true],"woocommerce_thumbnail":["https:\/\/florsivioles.marketingempresas.es\/wp-content\/uploads\/2023\/02\/Yogur-Ecologico-de-Cabra-260x260.jpg",260,260,true],"woocommerce_single":["https:\/\/florsivioles.marketingempresas.es\/wp-content\/uploads\/2023\/02\/Yogur-Ecologico-de-Cabra-360x312.jpg",360,312,true],"woocommerce_gallery_thumbnail":["https:\/\/florsivioles.marketingempresas.es\/wp-content\/uploads\/2023\/02\/Yogur-Ecologico-de-Cabra-100x100.jpg",100,100,true]},"uagb_author_info":{"display_name":"Christian Roig Brown","author_link":"https:\/\/florsivioles.marketingempresas.es\/en\/author\/"},"uagb_comment_info":0,"uagb_excerpt":"Encase de 420gr.","_links":{"self":[{"href":"https:\/\/florsivioles.marketingempresas.es\/en\/wp-json\/wp\/v2\/product\/7185","targetHints":{"allow":["GET"]}}],"collection":[{"href":"https:\/\/florsivioles.marketingempresas.es\/en\/wp-json\/wp\/v2\/product"}],"about":[{"href":"https:\/\/florsivioles.marketingempresas.es\/en\/wp-json\/wp\/v2\/types\/product"}],"wp:featuredmedia":[{"embeddable":true,"href":"https:\/\/florsivioles.marketingempresas.es\/en\/wp-json\/wp\/v2\/media\/7182"}],"wp:attachment":[{"href":"https:\/\/florsivioles.marketingempresas.es\/en\/wp-json\/wp\/v2\/media?parent=7185"}],"wp:term":[{"taxonomy":"product_brand","embeddable":true,"href":"https:\/\/florsivioles.marketingempresas.es\/en\/wp-json\/wp\/v2\/product_brand?post=7185"},{"taxonomy":"product_cat","embeddable":true,"href":"https:\/\/florsivioles.marketingempresas.es\/en\/wp-json\/wp\/v2\/product_cat?post=7185"},{"taxonomy":"product_tag","embeddable":true,"href":"https:\/\/florsivioles.marketingempresas.es\/en\/wp-json\/wp\/v2\/product_tag?post=7185"},{"taxonomy":"receta","embeddable":true,"href":"https:\/\/florsivioles.marketingempresas.es\/en\/wp-json\/wp\/v2\/taxonomy\/receta?post=7185"}],"curies":[{"name":"wp","href":"https:\/\/api.w.org\/{rel}","templated":true}]}}