{"id":7051,"date":"2023-01-19T11:21:51","date_gmt":"2023-01-19T10:21:51","guid":{"rendered":"https:\/\/florsivioles.marketingempresas.es\/?post_type=product&#038;p=7051"},"modified":"2023-06-15T23:00:41","modified_gmt":"2023-06-15T21:00:41","slug":"penne-al-pesto-de-aguacate","status":"publish","type":"product","link":"https:\/\/florsivioles.marketingempresas.es\/en\/product\/penne-al-pesto-de-aguacate\/","title":{"rendered":"Penne with avocado pesto"},"content":{"rendered":"","protected":false},"excerpt":{"rendered":"<p>Give your favourite pasta recipe a twist and try these macaroni with avocado pesto. It's creamy and tasty! You can add some sundried tomatoes and if wheat doesn't quite agree with you, try making them with our gluten-free version. They are fantastic!<\/p>","protected":false},"featured_media":7050,"template":"","meta":{"_uag_custom_page_level_css":""},"product_brand":[],"product_cat":[1177,1260],"product_tag":[1184,1309,1310],"taxonomy\/receta":[1308],"class_list":{"0":"post-7051","1":"product","2":"type-product","3":"status-publish","4":"has-post-thumbnail","6":"product_cat-recetas","7":"product_cat-comidas","8":"product_tag-aguacate","9":"product_tag-pasta-sin-gluten","10":"product_tag-penne","11":"receta-penne-al-pesto-de-aguacate","13":"first","14":"instock","15":"taxable","16":"shipping-taxable","17":"purchasable","18":"product-type-woosb"},"uagb_featured_image_src":{"full":["https:\/\/florsivioles.marketingempresas.es\/wp-content\/uploads\/2023\/01\/penne-al-pesto-de-aguacate.jpg",1500,1125,false],"thumbnail":["https:\/\/florsivioles.marketingempresas.es\/wp-content\/uploads\/2023\/01\/penne-al-pesto-de-aguacate-150x113.jpg",150,113,true],"medium":["https:\/\/florsivioles.marketingempresas.es\/wp-content\/uploads\/2023\/01\/penne-al-pesto-de-aguacate-364x273.jpg",364,273,true],"medium_large":["https:\/\/florsivioles.marketingempresas.es\/wp-content\/uploads\/2023\/01\/penne-al-pesto-de-aguacate-768x576.jpg",768,576,true],"large":["https:\/\/florsivioles.marketingempresas.es\/wp-content\/uploads\/2023\/01\/penne-al-pesto-de-aguacate-1024x768.jpg",1024,768,true],"1536x1536":["https:\/\/florsivioles.marketingempresas.es\/wp-content\/uploads\/2023\/01\/penne-al-pesto-de-aguacate.jpg",1500,1125,false],"2048x2048":["https:\/\/florsivioles.marketingempresas.es\/wp-content\/uploads\/2023\/01\/penne-al-pesto-de-aguacate.jpg",1500,1125,false],"trp-custom-language-flag":["https:\/\/florsivioles.marketingempresas.es\/wp-content\/uploads\/2023\/01\/penne-al-pesto-de-aguacate-16x12.jpg",16,12,true],"woocommerce_thumbnail":["https:\/\/florsivioles.marketingempresas.es\/wp-content\/uploads\/2023\/01\/penne-al-pesto-de-aguacate-260x260.jpg",260,260,true],"woocommerce_single":["https:\/\/florsivioles.marketingempresas.es\/wp-content\/uploads\/2023\/01\/penne-al-pesto-de-aguacate-360x270.jpg",360,270,true],"woocommerce_gallery_thumbnail":["https:\/\/florsivioles.marketingempresas.es\/wp-content\/uploads\/2023\/01\/penne-al-pesto-de-aguacate-100x100.jpg",100,100,true]},"uagb_author_info":{"display_name":"Christian Roig Brown","author_link":"https:\/\/florsivioles.marketingempresas.es\/en\/author\/"},"uagb_comment_info":0,"uagb_excerpt":"Dale un giro a tu receta de pasta favorita y prueba estos macarrones con pesto de aguacate. Que cremosidad y que sabor!! Puedes a\u00f1adirle unos tomates secos y si el trigo no te sienta del todo bien, prueba a hacerlos con nuestra versi\u00f3n sin gluten. Son fant\u00e1sticos!!","_links":{"self":[{"href":"https:\/\/florsivioles.marketingempresas.es\/en\/wp-json\/wp\/v2\/product\/7051","targetHints":{"allow":["GET"]}}],"collection":[{"href":"https:\/\/florsivioles.marketingempresas.es\/en\/wp-json\/wp\/v2\/product"}],"about":[{"href":"https:\/\/florsivioles.marketingempresas.es\/en\/wp-json\/wp\/v2\/types\/product"}],"wp:featuredmedia":[{"embeddable":true,"href":"https:\/\/florsivioles.marketingempresas.es\/en\/wp-json\/wp\/v2\/media\/7050"}],"wp:attachment":[{"href":"https:\/\/florsivioles.marketingempresas.es\/en\/wp-json\/wp\/v2\/media?parent=7051"}],"wp:term":[{"taxonomy":"product_brand","embeddable":true,"href":"https:\/\/florsivioles.marketingempresas.es\/en\/wp-json\/wp\/v2\/product_brand?post=7051"},{"taxonomy":"product_cat","embeddable":true,"href":"https:\/\/florsivioles.marketingempresas.es\/en\/wp-json\/wp\/v2\/product_cat?post=7051"},{"taxonomy":"product_tag","embeddable":true,"href":"https:\/\/florsivioles.marketingempresas.es\/en\/wp-json\/wp\/v2\/product_tag?post=7051"},{"taxonomy":"receta","embeddable":true,"href":"https:\/\/florsivioles.marketingempresas.es\/en\/wp-json\/wp\/v2\/taxonomy\/receta?post=7051"}],"curies":[{"name":"wp","href":"https:\/\/api.w.org\/{rel}","templated":true}]}}