{"id":7047,"date":"2023-01-19T09:14:03","date_gmt":"2023-01-19T08:14:03","guid":{"rendered":"https:\/\/florsivioles.marketingempresas.es\/?post_type=product&#038;p=7047"},"modified":"2023-06-15T23:00:56","modified_gmt":"2023-06-15T21:00:56","slug":"raices-asadas","status":"publish","type":"product","link":"https:\/\/florsivioles.marketingempresas.es\/en\/product\/raices-asadas\/","title":{"rendered":"Roasted roots"},"content":{"rendered":"","protected":false},"excerpt":{"rendered":"<p>This recipe for roasted root vegetables is so delicious that you'll want to make it again. Fresh herbs and aromatic sage oil give the vegetables a rich, earthy flavour.<\/p>","protected":false},"featured_media":7046,"template":"","meta":{"_uag_custom_page_level_css":""},"product_brand":[],"product_cat":[1177,1259],"product_tag":[1302,1303,1300,1301],"taxonomy\/receta":[1299],"class_list":{"0":"post-7047","1":"product","2":"type-product","3":"status-publish","4":"has-post-thumbnail","6":"product_cat-recetas","7":"product_cat-acompanantes","8":"product_tag-asadas","9":"product_tag-otono","10":"product_tag-raices","11":"product_tag-tuberculos","12":"receta-raices-asadas","14":"first","15":"instock","16":"taxable","17":"shipping-taxable","18":"purchasable","19":"product-type-woosb"},"uagb_featured_image_src":{"full":["https:\/\/florsivioles.marketingempresas.es\/wp-content\/uploads\/2023\/01\/Raices-asadas.jpg",731,1024,false],"thumbnail":["https:\/\/florsivioles.marketingempresas.es\/wp-content\/uploads\/2023\/01\/Raices-asadas-107x150.jpg",107,150,true],"medium":["https:\/\/florsivioles.marketingempresas.es\/wp-content\/uploads\/2023\/01\/Raices-asadas-260x364.jpg",260,364,true],"medium_large":["https:\/\/florsivioles.marketingempresas.es\/wp-content\/uploads\/2023\/01\/Raices-asadas.jpg",731,1024,false],"large":["https:\/\/florsivioles.marketingempresas.es\/wp-content\/uploads\/2023\/01\/Raices-asadas.jpg",731,1024,false],"1536x1536":["https:\/\/florsivioles.marketingempresas.es\/wp-content\/uploads\/2023\/01\/Raices-asadas.jpg",731,1024,false],"2048x2048":["https:\/\/florsivioles.marketingempresas.es\/wp-content\/uploads\/2023\/01\/Raices-asadas.jpg",731,1024,false],"trp-custom-language-flag":["https:\/\/florsivioles.marketingempresas.es\/wp-content\/uploads\/2023\/01\/Raices-asadas-9x12.jpg",9,12,true],"woocommerce_thumbnail":["https:\/\/florsivioles.marketingempresas.es\/wp-content\/uploads\/2023\/01\/Raices-asadas-260x260.jpg",260,260,true],"woocommerce_single":["https:\/\/florsivioles.marketingempresas.es\/wp-content\/uploads\/2023\/01\/Raices-asadas-360x504.jpg",360,504,true],"woocommerce_gallery_thumbnail":["https:\/\/florsivioles.marketingempresas.es\/wp-content\/uploads\/2023\/01\/Raices-asadas-100x100.jpg",100,100,true]},"uagb_author_info":{"display_name":"Christian Roig Brown","author_link":"https:\/\/florsivioles.marketingempresas.es\/en\/author\/"},"uagb_comment_info":0,"uagb_excerpt":"Esta receta de tub\u00e9rculos asados es tan deliciosa que querr\u00e1s repetir. Las hierbas frescas y el aceite arom\u00e1tico de salvia aportan a las verduras un sabor rico y terroso.","_links":{"self":[{"href":"https:\/\/florsivioles.marketingempresas.es\/en\/wp-json\/wp\/v2\/product\/7047","targetHints":{"allow":["GET"]}}],"collection":[{"href":"https:\/\/florsivioles.marketingempresas.es\/en\/wp-json\/wp\/v2\/product"}],"about":[{"href":"https:\/\/florsivioles.marketingempresas.es\/en\/wp-json\/wp\/v2\/types\/product"}],"wp:featuredmedia":[{"embeddable":true,"href":"https:\/\/florsivioles.marketingempresas.es\/en\/wp-json\/wp\/v2\/media\/7046"}],"wp:attachment":[{"href":"https:\/\/florsivioles.marketingempresas.es\/en\/wp-json\/wp\/v2\/media?parent=7047"}],"wp:term":[{"taxonomy":"product_brand","embeddable":true,"href":"https:\/\/florsivioles.marketingempresas.es\/en\/wp-json\/wp\/v2\/product_brand?post=7047"},{"taxonomy":"product_cat","embeddable":true,"href":"https:\/\/florsivioles.marketingempresas.es\/en\/wp-json\/wp\/v2\/product_cat?post=7047"},{"taxonomy":"product_tag","embeddable":true,"href":"https:\/\/florsivioles.marketingempresas.es\/en\/wp-json\/wp\/v2\/product_tag?post=7047"},{"taxonomy":"receta","embeddable":true,"href":"https:\/\/florsivioles.marketingempresas.es\/en\/wp-json\/wp\/v2\/taxonomy\/receta?post=7047"}],"curies":[{"name":"wp","href":"https:\/\/api.w.org\/{rel}","templated":true}]}}