{"id":7045,"date":"2023-01-19T08:00:33","date_gmt":"2023-01-19T07:00:33","guid":{"rendered":"https:\/\/florsivioles.marketingempresas.es\/?post_type=product&#038;p=7045"},"modified":"2023-06-15T23:01:04","modified_gmt":"2023-06-15T21:01:04","slug":"crema-de-calabaza","status":"publish","type":"product","link":"https:\/\/florsivioles.marketingempresas.es\/en\/product\/crema-de-calabaza\/","title":{"rendered":"Pumpkin Cream"},"content":{"rendered":"","protected":false},"excerpt":{"rendered":"<p>This amazing pumpkin cream is the ultimate winter food. Comforting, tasty and low in calories. You can keep it in the fridge for up to 4 days or freeze it for a few months.<\/p>","protected":false},"featured_media":7043,"template":"","meta":{"_uag_custom_page_level_css":""},"product_brand":[],"product_cat":[1177,1260],"product_tag":[747,1298,65],"taxonomy\/receta":[1297],"class_list":{"0":"post-7045","1":"product","2":"type-product","3":"status-publish","4":"has-post-thumbnail","6":"product_cat-recetas","7":"product_cat-comidas","8":"product_tag-crema-de-calabaza","9":"product_tag-invierno","10":"product_tag-producto-local","11":"receta-crema-de-calabaza","13":"first","14":"instock","15":"taxable","16":"shipping-taxable","17":"purchasable","18":"product-type-woosb"},"uagb_featured_image_src":{"full":["https:\/\/florsivioles.marketingempresas.es\/wp-content\/uploads\/2023\/01\/crema-de-calabaza.jpg",758,1024,false],"thumbnail":["https:\/\/florsivioles.marketingempresas.es\/wp-content\/uploads\/2023\/01\/crema-de-calabaza-111x150.jpg",111,150,true],"medium":["https:\/\/florsivioles.marketingempresas.es\/wp-content\/uploads\/2023\/01\/crema-de-calabaza-269x364.jpg",269,364,true],"medium_large":["https:\/\/florsivioles.marketingempresas.es\/wp-content\/uploads\/2023\/01\/crema-de-calabaza.jpg",758,1024,false],"large":["https:\/\/florsivioles.marketingempresas.es\/wp-content\/uploads\/2023\/01\/crema-de-calabaza.jpg",758,1024,false],"1536x1536":["https:\/\/florsivioles.marketingempresas.es\/wp-content\/uploads\/2023\/01\/crema-de-calabaza.jpg",758,1024,false],"2048x2048":["https:\/\/florsivioles.marketingempresas.es\/wp-content\/uploads\/2023\/01\/crema-de-calabaza.jpg",758,1024,false],"trp-custom-language-flag":["https:\/\/florsivioles.marketingempresas.es\/wp-content\/uploads\/2023\/01\/crema-de-calabaza-9x12.jpg",9,12,true],"woocommerce_thumbnail":["https:\/\/florsivioles.marketingempresas.es\/wp-content\/uploads\/2023\/01\/crema-de-calabaza-260x260.jpg",260,260,true],"woocommerce_single":["https:\/\/florsivioles.marketingempresas.es\/wp-content\/uploads\/2023\/01\/crema-de-calabaza-360x486.jpg",360,486,true],"woocommerce_gallery_thumbnail":["https:\/\/florsivioles.marketingempresas.es\/wp-content\/uploads\/2023\/01\/crema-de-calabaza-100x100.jpg",100,100,true]},"uagb_author_info":{"display_name":"Christian Roig Brown","author_link":"https:\/\/florsivioles.marketingempresas.es\/en\/author\/"},"uagb_comment_info":0,"uagb_excerpt":"Esta incre\u00edble crema de calabaza es lo \u00faltimo en comida de invierno. Reconfortante, sabrosa y de bajas calor\u00edas. Puedes guardarla en el frigor\u00edfico hasta 4 d\u00edas o congelarla unos meses.","_links":{"self":[{"href":"https:\/\/florsivioles.marketingempresas.es\/en\/wp-json\/wp\/v2\/product\/7045","targetHints":{"allow":["GET"]}}],"collection":[{"href":"https:\/\/florsivioles.marketingempresas.es\/en\/wp-json\/wp\/v2\/product"}],"about":[{"href":"https:\/\/florsivioles.marketingempresas.es\/en\/wp-json\/wp\/v2\/types\/product"}],"wp:featuredmedia":[{"embeddable":true,"href":"https:\/\/florsivioles.marketingempresas.es\/en\/wp-json\/wp\/v2\/media\/7043"}],"wp:attachment":[{"href":"https:\/\/florsivioles.marketingempresas.es\/en\/wp-json\/wp\/v2\/media?parent=7045"}],"wp:term":[{"taxonomy":"product_brand","embeddable":true,"href":"https:\/\/florsivioles.marketingempresas.es\/en\/wp-json\/wp\/v2\/product_brand?post=7045"},{"taxonomy":"product_cat","embeddable":true,"href":"https:\/\/florsivioles.marketingempresas.es\/en\/wp-json\/wp\/v2\/product_cat?post=7045"},{"taxonomy":"product_tag","embeddable":true,"href":"https:\/\/florsivioles.marketingempresas.es\/en\/wp-json\/wp\/v2\/product_tag?post=7045"},{"taxonomy":"receta","embeddable":true,"href":"https:\/\/florsivioles.marketingempresas.es\/en\/wp-json\/wp\/v2\/taxonomy\/receta?post=7045"}],"curies":[{"name":"wp","href":"https:\/\/api.w.org\/{rel}","templated":true}]}}