{"id":6907,"date":"2022-12-22T08:45:38","date_gmt":"2022-12-22T07:45:38","guid":{"rendered":"https:\/\/florsivioles.marketingempresas.es\/?post_type=product&#038;p=6907"},"modified":"2023-06-15T23:01:52","modified_gmt":"2023-06-15T21:01:52","slug":"muffins-de-manzana","status":"publish","type":"product","link":"https:\/\/florsivioles.marketingempresas.es\/en\/product\/muffins-de-manzana\/","title":{"rendered":"Apple Muffins"},"content":{"rendered":"","protected":false},"excerpt":{"rendered":"<p>If you want to treat yourself to a breakfast treat, these apple muffins are a real winner. They are moist, warmly spiced and dotted with tender chunks of apple. They are topped with a sweet cinnamon crumble, which provides a delicious crunchy contrast to the soft crust.<\/p>","protected":false},"featured_media":6906,"template":"","meta":{"_uag_custom_page_level_css":""},"product_brand":[],"product_cat":[1177,1258],"product_tag":[1256],"taxonomy\/receta":[1285],"class_list":{"0":"post-6907","1":"product","2":"type-product","3":"status-publish","4":"has-post-thumbnail","6":"product_cat-recetas","7":"product_cat-desayuno","8":"product_tag-desayuno","9":"receta-muffins-de-manzana","11":"first","12":"instock","13":"taxable","14":"shipping-taxable","15":"purchasable","16":"product-type-woosb"},"uagb_featured_image_src":{"full":["https:\/\/florsivioles.marketingempresas.es\/wp-content\/uploads\/2022\/12\/muffins-de-magdalenas.jpg",846,846,false],"thumbnail":["https:\/\/florsivioles.marketingempresas.es\/wp-content\/uploads\/2022\/12\/muffins-de-magdalenas-150x150.jpg",150,150,true],"medium":["https:\/\/florsivioles.marketingempresas.es\/wp-content\/uploads\/2022\/12\/muffins-de-magdalenas-364x364.jpg",364,364,true],"medium_large":["https:\/\/florsivioles.marketingempresas.es\/wp-content\/uploads\/2022\/12\/muffins-de-magdalenas-768x768.jpg",768,768,true],"large":["https:\/\/florsivioles.marketingempresas.es\/wp-content\/uploads\/2022\/12\/muffins-de-magdalenas.jpg",846,846,false],"1536x1536":["https:\/\/florsivioles.marketingempresas.es\/wp-content\/uploads\/2022\/12\/muffins-de-magdalenas.jpg",846,846,false],"2048x2048":["https:\/\/florsivioles.marketingempresas.es\/wp-content\/uploads\/2022\/12\/muffins-de-magdalenas.jpg",846,846,false],"trp-custom-language-flag":["https:\/\/florsivioles.marketingempresas.es\/wp-content\/uploads\/2022\/12\/muffins-de-magdalenas-12x12.jpg",12,12,true],"woocommerce_thumbnail":["https:\/\/florsivioles.marketingempresas.es\/wp-content\/uploads\/2022\/12\/muffins-de-magdalenas-260x260.jpg",260,260,true],"woocommerce_single":["https:\/\/florsivioles.marketingempresas.es\/wp-content\/uploads\/2022\/12\/muffins-de-magdalenas-360x360.jpg",360,360,true],"woocommerce_gallery_thumbnail":["https:\/\/florsivioles.marketingempresas.es\/wp-content\/uploads\/2022\/12\/muffins-de-magdalenas-100x100.jpg",100,100,true]},"uagb_author_info":{"display_name":"Christian Roig Brown","author_link":"https:\/\/florsivioles.marketingempresas.es\/en\/author\/"},"uagb_comment_info":0,"uagb_excerpt":"Si te quieres dar un capricho en tu desayuno, estas muffins de manzana son un verdadero acierto. Est\u00e1n h\u00famedas, c\u00e1lidamente especiadas y salpicadas de tiernos trozos de manzana. Encima llevan un dulce crumble de canela, que ofrece un delicioso contraste crujiente con su masa blanda.","_links":{"self":[{"href":"https:\/\/florsivioles.marketingempresas.es\/en\/wp-json\/wp\/v2\/product\/6907","targetHints":{"allow":["GET"]}}],"collection":[{"href":"https:\/\/florsivioles.marketingempresas.es\/en\/wp-json\/wp\/v2\/product"}],"about":[{"href":"https:\/\/florsivioles.marketingempresas.es\/en\/wp-json\/wp\/v2\/types\/product"}],"wp:featuredmedia":[{"embeddable":true,"href":"https:\/\/florsivioles.marketingempresas.es\/en\/wp-json\/wp\/v2\/media\/6906"}],"wp:attachment":[{"href":"https:\/\/florsivioles.marketingempresas.es\/en\/wp-json\/wp\/v2\/media?parent=6907"}],"wp:term":[{"taxonomy":"product_brand","embeddable":true,"href":"https:\/\/florsivioles.marketingempresas.es\/en\/wp-json\/wp\/v2\/product_brand?post=6907"},{"taxonomy":"product_cat","embeddable":true,"href":"https:\/\/florsivioles.marketingempresas.es\/en\/wp-json\/wp\/v2\/product_cat?post=6907"},{"taxonomy":"product_tag","embeddable":true,"href":"https:\/\/florsivioles.marketingempresas.es\/en\/wp-json\/wp\/v2\/product_tag?post=6907"},{"taxonomy":"receta","embeddable":true,"href":"https:\/\/florsivioles.marketingempresas.es\/en\/wp-json\/wp\/v2\/taxonomy\/receta?post=6907"}],"curies":[{"name":"wp","href":"https:\/\/api.w.org\/{rel}","templated":true}]}}