{"id":6608,"date":"2022-12-16T09:32:42","date_gmt":"2022-12-16T08:32:42","guid":{"rendered":"https:\/\/florsivioles.marketingempresas.es\/?post_type=product&#038;p=6608"},"modified":"2023-06-15T23:02:23","modified_gmt":"2023-06-15T21:02:23","slug":"tortitas-de-avena-con-platano","status":"publish","type":"product","link":"https:\/\/florsivioles.marketingempresas.es\/en\/product\/tortitas-de-avena-con-platano\/","title":{"rendered":"Oatmeal banana pancakes"},"content":{"rendered":"","protected":false},"excerpt":{"rendered":"<p>Kids love pancakes. It's also a fun recipe to make with them, and a fun recipe to prepare for breakfast. To make it a healthy breakfast for children, you can use cereals such as oatmeal, less sugar and more fruit.<\/p>","protected":false},"featured_media":6607,"template":"","meta":{"_uag_custom_page_level_css":""},"product_brand":[],"product_cat":[1177,1258],"product_tag":[1256],"taxonomy\/receta":[1264],"class_list":{"0":"post-6608","1":"product","2":"type-product","3":"status-publish","4":"has-post-thumbnail","6":"product_cat-recetas","7":"product_cat-desayuno","8":"product_tag-desayuno","9":"receta-tortitas-de-avena-con-platano","11":"first","12":"instock","13":"taxable","14":"shipping-taxable","15":"purchasable","16":"product-type-woosb"},"uagb_featured_image_src":{"full":["https:\/\/florsivioles.marketingempresas.es\/wp-content\/uploads\/2022\/12\/tortitas-de-avena-con-platano.jpg",1200,1610,false],"thumbnail":["https:\/\/florsivioles.marketingempresas.es\/wp-content\/uploads\/2022\/12\/tortitas-de-avena-con-platano-112x150.jpg",112,150,true],"medium":["https:\/\/florsivioles.marketingempresas.es\/wp-content\/uploads\/2022\/12\/tortitas-de-avena-con-platano-271x364.jpg",271,364,true],"medium_large":["https:\/\/florsivioles.marketingempresas.es\/wp-content\/uploads\/2022\/12\/tortitas-de-avena-con-platano-768x1030.jpg",768,1030,true],"large":["https:\/\/florsivioles.marketingempresas.es\/wp-content\/uploads\/2022\/12\/tortitas-de-avena-con-platano-763x1024.jpg",763,1024,true],"1536x1536":["https:\/\/florsivioles.marketingempresas.es\/wp-content\/uploads\/2022\/12\/tortitas-de-avena-con-platano-1145x1536.jpg",1145,1536,true],"2048x2048":["https:\/\/florsivioles.marketingempresas.es\/wp-content\/uploads\/2022\/12\/tortitas-de-avena-con-platano.jpg",1200,1610,false],"trp-custom-language-flag":["https:\/\/florsivioles.marketingempresas.es\/wp-content\/uploads\/2022\/12\/tortitas-de-avena-con-platano-9x12.jpg",9,12,true],"woocommerce_thumbnail":["https:\/\/florsivioles.marketingempresas.es\/wp-content\/uploads\/2022\/12\/tortitas-de-avena-con-platano-260x260.jpg",260,260,true],"woocommerce_single":["https:\/\/florsivioles.marketingempresas.es\/wp-content\/uploads\/2022\/12\/tortitas-de-avena-con-platano-360x483.jpg",360,483,true],"woocommerce_gallery_thumbnail":["https:\/\/florsivioles.marketingempresas.es\/wp-content\/uploads\/2022\/12\/tortitas-de-avena-con-platano-100x100.jpg",100,100,true]},"uagb_author_info":{"display_name":"Christian Roig Brown","author_link":"https:\/\/florsivioles.marketingempresas.es\/en\/author\/"},"uagb_comment_info":0,"uagb_excerpt":"A los ni\u00f1os les encantan las tortitas. Adem\u00e1s, es una receta muy divertida de hacer con ellos, y de prepararles a modo de desayuno. Para que sea un desayuno sano para ni\u00f1os se puede acudir a cereales como la avena, menos az\u00facar y m\u00e1s fruta.","_links":{"self":[{"href":"https:\/\/florsivioles.marketingempresas.es\/en\/wp-json\/wp\/v2\/product\/6608","targetHints":{"allow":["GET"]}}],"collection":[{"href":"https:\/\/florsivioles.marketingempresas.es\/en\/wp-json\/wp\/v2\/product"}],"about":[{"href":"https:\/\/florsivioles.marketingempresas.es\/en\/wp-json\/wp\/v2\/types\/product"}],"wp:featuredmedia":[{"embeddable":true,"href":"https:\/\/florsivioles.marketingempresas.es\/en\/wp-json\/wp\/v2\/media\/6607"}],"wp:attachment":[{"href":"https:\/\/florsivioles.marketingempresas.es\/en\/wp-json\/wp\/v2\/media?parent=6608"}],"wp:term":[{"taxonomy":"product_brand","embeddable":true,"href":"https:\/\/florsivioles.marketingempresas.es\/en\/wp-json\/wp\/v2\/product_brand?post=6608"},{"taxonomy":"product_cat","embeddable":true,"href":"https:\/\/florsivioles.marketingempresas.es\/en\/wp-json\/wp\/v2\/product_cat?post=6608"},{"taxonomy":"product_tag","embeddable":true,"href":"https:\/\/florsivioles.marketingempresas.es\/en\/wp-json\/wp\/v2\/product_tag?post=6608"},{"taxonomy":"receta","embeddable":true,"href":"https:\/\/florsivioles.marketingempresas.es\/en\/wp-json\/wp\/v2\/taxonomy\/receta?post=6608"}],"curies":[{"name":"wp","href":"https:\/\/api.w.org\/{rel}","templated":true}]}}