{"id":6606,"date":"2022-12-16T09:07:59","date_gmt":"2022-12-16T08:07:59","guid":{"rendered":"https:\/\/florsivioles.marketingempresas.es\/?post_type=product&#038;p=6606"},"modified":"2023-06-15T23:02:31","modified_gmt":"2023-06-15T21:02:31","slug":"granola-casera","status":"publish","type":"product","link":"https:\/\/florsivioles.marketingempresas.es\/en\/product\/granola-casera\/","title":{"rendered":"Homemade Granola"},"content":{"rendered":"","protected":false},"excerpt":{"rendered":"<p>This granola recipe is a super healthy option, as it is made with organic whole grains (gluten-free), unrefined cold-pressed oil and naturally sweetened. There's nothing better than freshly baked granola, packed with delicious and health-promoting ingredients.<\/p>","protected":false},"featured_media":6605,"template":"","meta":{"_uag_custom_page_level_css":""},"product_brand":[],"product_cat":[1177,1258],"product_tag":[1256],"taxonomy\/receta":[1263],"class_list":{"0":"post-6606","1":"product","2":"type-product","3":"status-publish","4":"has-post-thumbnail","6":"product_cat-recetas","7":"product_cat-desayuno","8":"product_tag-desayuno","9":"receta-granola-casera","11":"first","12":"instock","13":"taxable","14":"shipping-taxable","15":"purchasable","16":"product-type-woosb"},"uagb_featured_image_src":{"full":["https:\/\/florsivioles.marketingempresas.es\/wp-content\/uploads\/2022\/12\/Granola-casera.jpg",742,1024,false],"thumbnail":["https:\/\/florsivioles.marketingempresas.es\/wp-content\/uploads\/2022\/12\/Granola-casera-109x150.jpg",109,150,true],"medium":["https:\/\/florsivioles.marketingempresas.es\/wp-content\/uploads\/2022\/12\/Granola-casera-264x364.jpg",264,364,true],"medium_large":["https:\/\/florsivioles.marketingempresas.es\/wp-content\/uploads\/2022\/12\/Granola-casera.jpg",742,1024,false],"large":["https:\/\/florsivioles.marketingempresas.es\/wp-content\/uploads\/2022\/12\/Granola-casera.jpg",742,1024,false],"1536x1536":["https:\/\/florsivioles.marketingempresas.es\/wp-content\/uploads\/2022\/12\/Granola-casera.jpg",742,1024,false],"2048x2048":["https:\/\/florsivioles.marketingempresas.es\/wp-content\/uploads\/2022\/12\/Granola-casera.jpg",742,1024,false],"trp-custom-language-flag":["https:\/\/florsivioles.marketingempresas.es\/wp-content\/uploads\/2022\/12\/Granola-casera-9x12.jpg",9,12,true],"woocommerce_thumbnail":["https:\/\/florsivioles.marketingempresas.es\/wp-content\/uploads\/2022\/12\/Granola-casera-260x260.jpg",260,260,true],"woocommerce_single":["https:\/\/florsivioles.marketingempresas.es\/wp-content\/uploads\/2022\/12\/Granola-casera-360x497.jpg",360,497,true],"woocommerce_gallery_thumbnail":["https:\/\/florsivioles.marketingempresas.es\/wp-content\/uploads\/2022\/12\/Granola-casera-100x100.jpg",100,100,true]},"uagb_author_info":{"display_name":"Christian Roig Brown","author_link":"https:\/\/florsivioles.marketingempresas.es\/en\/author\/"},"uagb_comment_info":0,"uagb_excerpt":"Esta receta de granola es una opci\u00f3n super saludable, ya que est\u00e1 hecha con cereales integrales ecol\u00f3gicos (sin gluten), aceite prensado en frio y sin refinar y endulzada de forma natural. No hay nada mejor que la granola reci\u00e9n horneada, repleta de ingredientes deliciosos y beneficiosos para la salud.","_links":{"self":[{"href":"https:\/\/florsivioles.marketingempresas.es\/en\/wp-json\/wp\/v2\/product\/6606","targetHints":{"allow":["GET"]}}],"collection":[{"href":"https:\/\/florsivioles.marketingempresas.es\/en\/wp-json\/wp\/v2\/product"}],"about":[{"href":"https:\/\/florsivioles.marketingempresas.es\/en\/wp-json\/wp\/v2\/types\/product"}],"wp:featuredmedia":[{"embeddable":true,"href":"https:\/\/florsivioles.marketingempresas.es\/en\/wp-json\/wp\/v2\/media\/6605"}],"wp:attachment":[{"href":"https:\/\/florsivioles.marketingempresas.es\/en\/wp-json\/wp\/v2\/media?parent=6606"}],"wp:term":[{"taxonomy":"product_brand","embeddable":true,"href":"https:\/\/florsivioles.marketingempresas.es\/en\/wp-json\/wp\/v2\/product_brand?post=6606"},{"taxonomy":"product_cat","embeddable":true,"href":"https:\/\/florsivioles.marketingempresas.es\/en\/wp-json\/wp\/v2\/product_cat?post=6606"},{"taxonomy":"product_tag","embeddable":true,"href":"https:\/\/florsivioles.marketingempresas.es\/en\/wp-json\/wp\/v2\/product_tag?post=6606"},{"taxonomy":"receta","embeddable":true,"href":"https:\/\/florsivioles.marketingempresas.es\/en\/wp-json\/wp\/v2\/taxonomy\/receta?post=6606"}],"curies":[{"name":"wp","href":"https:\/\/api.w.org\/{rel}","templated":true}]}}