{"id":6527,"date":"2022-12-15T11:09:28","date_gmt":"2022-12-15T10:09:28","guid":{"rendered":"https:\/\/florsivioles.marketingempresas.es\/?post_type=product&#038;p=6527"},"modified":"2023-06-15T23:02:35","modified_gmt":"2023-06-15T21:02:35","slug":"crumble-de-manzana-con-maiz","status":"publish","type":"product","link":"https:\/\/florsivioles.marketingempresas.es\/en\/product\/crumble-de-manzana-con-maiz\/","title":{"rendered":"Apple and corn crumble"},"content":{"rendered":"<p>Apple crumble is a traditional English dessert made with fruit, flour, butter and sugar. However, we can enjoy the crumble in a healthier way thanks to this version with corn.<\/p>","protected":false},"excerpt":{"rendered":"<p>Apple crumble is a traditional English dessert made with fruit, flour, butter and sugar. However, we can enjoy the crumble in a healthier way thanks to this version with corn.<\/p>","protected":false},"featured_media":6525,"template":"","meta":{"_uag_custom_page_level_css":""},"product_brand":[],"product_cat":[1177,1262],"product_tag":[1256],"taxonomy\/receta":[1255],"class_list":{"0":"post-6527","1":"product","2":"type-product","3":"status-publish","4":"has-post-thumbnail","6":"product_cat-recetas","7":"product_cat-postres","8":"product_tag-desayuno","9":"receta-crumble-de-manzana-con-maiz","11":"first","12":"instock","13":"taxable","14":"shipping-taxable","15":"purchasable","16":"product-type-woosb"},"uagb_featured_image_src":{"full":["https:\/\/florsivioles.marketingempresas.es\/wp-content\/uploads\/2022\/12\/crumble-de-manzana.jpg",1200,1485,false],"thumbnail":["https:\/\/florsivioles.marketingempresas.es\/wp-content\/uploads\/2022\/12\/crumble-de-manzana-121x150.jpg",121,150,true],"medium":["https:\/\/florsivioles.marketingempresas.es\/wp-content\/uploads\/2022\/12\/crumble-de-manzana-294x364.jpg",294,364,true],"medium_large":["https:\/\/florsivioles.marketingempresas.es\/wp-content\/uploads\/2022\/12\/crumble-de-manzana-768x950.jpg",768,950,true],"large":["https:\/\/florsivioles.marketingempresas.es\/wp-content\/uploads\/2022\/12\/crumble-de-manzana-827x1024.jpg",827,1024,true],"1536x1536":["https:\/\/florsivioles.marketingempresas.es\/wp-content\/uploads\/2022\/12\/crumble-de-manzana.jpg",1200,1485,false],"2048x2048":["https:\/\/florsivioles.marketingempresas.es\/wp-content\/uploads\/2022\/12\/crumble-de-manzana.jpg",1200,1485,false],"trp-custom-language-flag":["https:\/\/florsivioles.marketingempresas.es\/wp-content\/uploads\/2022\/12\/crumble-de-manzana-10x12.jpg",10,12,true],"woocommerce_thumbnail":["https:\/\/florsivioles.marketingempresas.es\/wp-content\/uploads\/2022\/12\/crumble-de-manzana-260x260.jpg",260,260,true],"woocommerce_single":["https:\/\/florsivioles.marketingempresas.es\/wp-content\/uploads\/2022\/12\/crumble-de-manzana-360x446.jpg",360,446,true],"woocommerce_gallery_thumbnail":["https:\/\/florsivioles.marketingempresas.es\/wp-content\/uploads\/2022\/12\/crumble-de-manzana-100x100.jpg",100,100,true]},"uagb_author_info":{"display_name":"Christian Roig Brown","author_link":"https:\/\/florsivioles.marketingempresas.es\/en\/author\/"},"uagb_comment_info":0,"uagb_excerpt":"El Crumble de manzana es un postre tradicional ingl\u00e9s que se realiza a base de fruta, harina, mantequilla y az\u00facar. Sin embargo, podemos disfrutar del crumble de una forma m\u00e1s sana gracias a esta versi\u00f3n con ma\u00edz.","_links":{"self":[{"href":"https:\/\/florsivioles.marketingempresas.es\/en\/wp-json\/wp\/v2\/product\/6527","targetHints":{"allow":["GET"]}}],"collection":[{"href":"https:\/\/florsivioles.marketingempresas.es\/en\/wp-json\/wp\/v2\/product"}],"about":[{"href":"https:\/\/florsivioles.marketingempresas.es\/en\/wp-json\/wp\/v2\/types\/product"}],"wp:featuredmedia":[{"embeddable":true,"href":"https:\/\/florsivioles.marketingempresas.es\/en\/wp-json\/wp\/v2\/media\/6525"}],"wp:attachment":[{"href":"https:\/\/florsivioles.marketingempresas.es\/en\/wp-json\/wp\/v2\/media?parent=6527"}],"wp:term":[{"taxonomy":"product_brand","embeddable":true,"href":"https:\/\/florsivioles.marketingempresas.es\/en\/wp-json\/wp\/v2\/product_brand?post=6527"},{"taxonomy":"product_cat","embeddable":true,"href":"https:\/\/florsivioles.marketingempresas.es\/en\/wp-json\/wp\/v2\/product_cat?post=6527"},{"taxonomy":"product_tag","embeddable":true,"href":"https:\/\/florsivioles.marketingempresas.es\/en\/wp-json\/wp\/v2\/product_tag?post=6527"},{"taxonomy":"receta","embeddable":true,"href":"https:\/\/florsivioles.marketingempresas.es\/en\/wp-json\/wp\/v2\/taxonomy\/receta?post=6527"}],"curies":[{"name":"wp","href":"https:\/\/api.w.org\/{rel}","templated":true}]}}