{"id":6475,"date":"2022-12-12T10:28:58","date_gmt":"2022-12-12T09:28:58","guid":{"rendered":"https:\/\/florsivioles.marketingempresas.es\/?post_type=product&#038;p=6475"},"modified":"2023-12-08T11:12:00","modified_gmt":"2023-12-08T10:12:00","slug":"batido-detox","status":"publish","type":"product","link":"https:\/\/florsivioles.marketingempresas.es\/en\/product\/batido-detox\/","title":{"rendered":"Detox Smoothie"},"content":{"rendered":"","protected":false},"excerpt":{"rendered":"<p>For the treatment of anaemia, celery provides vitamins, minerals, chlorophyll, potassium, manganese, calcium, phosphorus and iron, while pineapple contains vitamin C, which promotes the absorption of the iron in celery, so that the body can make the most of it.<\/p>","protected":false},"featured_media":6481,"template":"","meta":{"_uag_custom_page_level_css":""},"product_brand":[],"product_cat":[1177,1261],"product_tag":[1246,113,149,1194,133,1197,1033,123],"taxonomy\/receta":[1242],"class_list":{"0":"post-6475","1":"product","2":"type-product","3":"status-publish","4":"has-post-thumbnail","6":"product_cat-recetas","7":"product_cat-batidos","8":"product_tag-batido-detox","9":"product_tag-envio-a-domicilio-en-ibiza","10":"product_tag-envio-gratis","11":"product_tag-food-delivery-in-ibiza","12":"product_tag-free-delivery","13":"product_tag-organic-food-delivery","14":"product_tag-tienda-bio-en-ibiza","15":"product_tag-tienda-online-en-ibiza","16":"receta-batidos-energeticos","18":"first","19":"instock","20":"taxable","21":"shipping-taxable","22":"purchasable","23":"product-type-woosb"},"uagb_featured_image_src":{"full":["https:\/\/florsivioles.marketingempresas.es\/wp-content\/uploads\/2022\/12\/batido-detox-apio-y-pina.jpeg",960,641,false],"thumbnail":["https:\/\/florsivioles.marketingempresas.es\/wp-content\/uploads\/2022\/12\/batido-detox-apio-y-pina-150x100.jpeg",150,100,true],"medium":["https:\/\/florsivioles.marketingempresas.es\/wp-content\/uploads\/2022\/12\/batido-detox-apio-y-pina-364x243.jpeg",364,243,true],"medium_large":["https:\/\/florsivioles.marketingempresas.es\/wp-content\/uploads\/2022\/12\/batido-detox-apio-y-pina-768x513.jpeg",768,513,true],"large":["https:\/\/florsivioles.marketingempresas.es\/wp-content\/uploads\/2022\/12\/batido-detox-apio-y-pina.jpeg",960,641,false],"1536x1536":["https:\/\/florsivioles.marketingempresas.es\/wp-content\/uploads\/2022\/12\/batido-detox-apio-y-pina.jpeg",960,641,false],"2048x2048":["https:\/\/florsivioles.marketingempresas.es\/wp-content\/uploads\/2022\/12\/batido-detox-apio-y-pina.jpeg",960,641,false],"trp-custom-language-flag":["https:\/\/florsivioles.marketingempresas.es\/wp-content\/uploads\/2022\/12\/batido-detox-apio-y-pina-18x12.jpeg",18,12,true],"woocommerce_thumbnail":["https:\/\/florsivioles.marketingempresas.es\/wp-content\/uploads\/2022\/12\/batido-detox-apio-y-pina-260x260.jpeg",260,260,true],"woocommerce_single":["https:\/\/florsivioles.marketingempresas.es\/wp-content\/uploads\/2022\/12\/batido-detox-apio-y-pina-360x240.jpeg",360,240,true],"woocommerce_gallery_thumbnail":["https:\/\/florsivioles.marketingempresas.es\/wp-content\/uploads\/2022\/12\/batido-detox-apio-y-pina-100x100.jpeg",100,100,true]},"uagb_author_info":{"display_name":"Christian Roig Brown","author_link":"https:\/\/florsivioles.marketingempresas.es\/en\/author\/"},"uagb_comment_info":0,"uagb_excerpt":"Para el tratamiento de la anemia el apio aporta vitaminas, minerales, clorofila, potasio, manganeso, calcio, f\u00f3sforo y\u2026, \u00a1hierro!, mientras que la pi\u00f1a contiene vitamina C que favorece la absorci\u00f3n del hierro que posee el apio, as\u00ed el organismo lo aprovecha al m\u00e1ximo.","_links":{"self":[{"href":"https:\/\/florsivioles.marketingempresas.es\/en\/wp-json\/wp\/v2\/product\/6475","targetHints":{"allow":["GET"]}}],"collection":[{"href":"https:\/\/florsivioles.marketingempresas.es\/en\/wp-json\/wp\/v2\/product"}],"about":[{"href":"https:\/\/florsivioles.marketingempresas.es\/en\/wp-json\/wp\/v2\/types\/product"}],"wp:featuredmedia":[{"embeddable":true,"href":"https:\/\/florsivioles.marketingempresas.es\/en\/wp-json\/wp\/v2\/media\/6481"}],"wp:attachment":[{"href":"https:\/\/florsivioles.marketingempresas.es\/en\/wp-json\/wp\/v2\/media?parent=6475"}],"wp:term":[{"taxonomy":"product_brand","embeddable":true,"href":"https:\/\/florsivioles.marketingempresas.es\/en\/wp-json\/wp\/v2\/product_brand?post=6475"},{"taxonomy":"product_cat","embeddable":true,"href":"https:\/\/florsivioles.marketingempresas.es\/en\/wp-json\/wp\/v2\/product_cat?post=6475"},{"taxonomy":"product_tag","embeddable":true,"href":"https:\/\/florsivioles.marketingempresas.es\/en\/wp-json\/wp\/v2\/product_tag?post=6475"},{"taxonomy":"receta","embeddable":true,"href":"https:\/\/florsivioles.marketingempresas.es\/en\/wp-json\/wp\/v2\/taxonomy\/receta?post=6475"}],"curies":[{"name":"wp","href":"https:\/\/api.w.org\/{rel}","templated":true}]}}