{"id":6472,"date":"2022-12-12T10:19:48","date_gmt":"2022-12-12T09:19:48","guid":{"rendered":"https:\/\/florsivioles.marketingempresas.es\/?post_type=product&#038;p=6472"},"modified":"2023-09-29T20:16:39","modified_gmt":"2023-09-29T18:16:39","slug":"batido-de-remolacha","status":"publish","type":"product","link":"https:\/\/florsivioles.marketingempresas.es\/en\/product\/batido-de-remolacha\/","title":{"rendered":"Beetroot Smoothie"},"content":{"rendered":"<p>Un batido de remolacha aumenta la energ\u00eda, mejora la digesti\u00f3n y la salud del coraz\u00f3n, y es rico en antioxidantes y nutrientes esenciales.<\/p>","protected":false},"excerpt":{"rendered":"<p>Un batido de remolacha aumenta la energ\u00eda, mejora la digesti\u00f3n y la salud del coraz\u00f3n, y es rico en antioxidantes y nutrientes esenciales.<\/p>","protected":false},"featured_media":6480,"template":"","meta":{"_uag_custom_page_level_css":""},"product_brand":[],"product_cat":[1177,1261],"product_tag":[],"taxonomy\/receta":[1242],"class_list":{"0":"post-6472","1":"product","2":"type-product","3":"status-publish","4":"has-post-thumbnail","6":"product_cat-recetas","7":"product_cat-batidos","8":"receta-batidos-energeticos","10":"first","11":"instock","12":"taxable","13":"shipping-taxable","14":"purchasable","15":"product-type-woosb"},"uagb_featured_image_src":{"full":["https:\/\/florsivioles.marketingempresas.es\/wp-content\/uploads\/2022\/12\/batido-de-remolacha.webp",1200,1800,false],"thumbnail":["https:\/\/florsivioles.marketingempresas.es\/wp-content\/uploads\/2022\/12\/batido-de-remolacha-100x150.webp",100,150,true],"medium":["https:\/\/florsivioles.marketingempresas.es\/wp-content\/uploads\/2022\/12\/batido-de-remolacha-243x364.webp",243,364,true],"medium_large":["https:\/\/florsivioles.marketingempresas.es\/wp-content\/uploads\/2022\/12\/batido-de-remolacha-768x1152.webp",768,1152,true],"large":["https:\/\/florsivioles.marketingempresas.es\/wp-content\/uploads\/2022\/12\/batido-de-remolacha-683x1024.webp",683,1024,true],"1536x1536":["https:\/\/florsivioles.marketingempresas.es\/wp-content\/uploads\/2022\/12\/batido-de-remolacha-1024x1536.webp",1024,1536,true],"2048x2048":["https:\/\/florsivioles.marketingempresas.es\/wp-content\/uploads\/2022\/12\/batido-de-remolacha.webp",1200,1800,false],"trp-custom-language-flag":["https:\/\/florsivioles.marketingempresas.es\/wp-content\/uploads\/2022\/12\/batido-de-remolacha-8x12.webp",8,12,true],"woocommerce_thumbnail":["https:\/\/florsivioles.marketingempresas.es\/wp-content\/uploads\/2022\/12\/batido-de-remolacha-260x260.webp",260,260,true],"woocommerce_single":["https:\/\/florsivioles.marketingempresas.es\/wp-content\/uploads\/2022\/12\/batido-de-remolacha-360x540.webp",360,540,true],"woocommerce_gallery_thumbnail":["https:\/\/florsivioles.marketingempresas.es\/wp-content\/uploads\/2022\/12\/batido-de-remolacha-100x100.webp",100,100,true]},"uagb_author_info":{"display_name":"Christian Roig Brown","author_link":"https:\/\/florsivioles.marketingempresas.es\/en\/author\/"},"uagb_comment_info":0,"uagb_excerpt":"Un batido de remolacha aumenta la energ\u00eda, mejora la digesti\u00f3n y la salud del coraz\u00f3n, y es rico en antioxidantes y nutrientes esenciales.","_links":{"self":[{"href":"https:\/\/florsivioles.marketingempresas.es\/en\/wp-json\/wp\/v2\/product\/6472","targetHints":{"allow":["GET"]}}],"collection":[{"href":"https:\/\/florsivioles.marketingempresas.es\/en\/wp-json\/wp\/v2\/product"}],"about":[{"href":"https:\/\/florsivioles.marketingempresas.es\/en\/wp-json\/wp\/v2\/types\/product"}],"wp:featuredmedia":[{"embeddable":true,"href":"https:\/\/florsivioles.marketingempresas.es\/en\/wp-json\/wp\/v2\/media\/6480"}],"wp:attachment":[{"href":"https:\/\/florsivioles.marketingempresas.es\/en\/wp-json\/wp\/v2\/media?parent=6472"}],"wp:term":[{"taxonomy":"product_brand","embeddable":true,"href":"https:\/\/florsivioles.marketingempresas.es\/en\/wp-json\/wp\/v2\/product_brand?post=6472"},{"taxonomy":"product_cat","embeddable":true,"href":"https:\/\/florsivioles.marketingempresas.es\/en\/wp-json\/wp\/v2\/product_cat?post=6472"},{"taxonomy":"product_tag","embeddable":true,"href":"https:\/\/florsivioles.marketingempresas.es\/en\/wp-json\/wp\/v2\/product_tag?post=6472"},{"taxonomy":"receta","embeddable":true,"href":"https:\/\/florsivioles.marketingempresas.es\/en\/wp-json\/wp\/v2\/taxonomy\/receta?post=6472"}],"curies":[{"name":"wp","href":"https:\/\/api.w.org\/{rel}","templated":true}]}}