{"id":6463,"date":"2022-12-09T07:59:05","date_gmt":"2022-12-09T06:59:05","guid":{"rendered":"https:\/\/florsivioles.marketingempresas.es\/?post_type=product&#038;p=6463"},"modified":"2023-12-08T11:09:29","modified_gmt":"2023-12-08T10:09:29","slug":"superfood-salad","status":"publish","type":"product","link":"https:\/\/florsivioles.marketingempresas.es\/en\/product\/superfood-salad\/","title":{"rendered":"Superfood Salad"},"content":{"rendered":"<p>Llena de antioxidantes, vitaminas y minerales, esta ensalada es tu ticket para un bienestar \u00f3ptimo. \ud83e\udd57<\/p>\n<p>Si alguna vez has pensado en subir tu juego de salud, una Superfood Salad es el camino a seguir. Imagina un plato lleno de colores vibrantes, texturas crujientes y sabores que explotan en tu boca. Pero espera, no es solo un fest\u00edn para tus sentidos; es una fiesta de nutrientes para tu cuerpo. \ud83c\udf89<\/p>\n<p>\u00bfTe preocupa el medio ambiente? \u00a1Genial! La mayor\u00eda de los superalimentos son sostenibles y ecol\u00f3gicos, lo que significa que est\u00e1s haciendo un bien tanto para ti como para el planeta. \ud83c\udf0d<\/p>\n<p>As\u00ed que, si est\u00e1s buscando una comida que sea igual de deliciosa que nutritiva, no busques m\u00e1s. Una Superfood Salad es la elecci\u00f3n perfecta para aquellos que quieren comer bien y sentirse a\u00fan mejor. \ud83c\udf1f<\/p>","protected":false},"excerpt":{"rendered":"<p>\u00bfPor qu\u00e9 preparar una Superfood Salad? Porque es la bomba de nutrici\u00f3n que tu cuerpo necesita!<\/p>","protected":false},"featured_media":5062,"template":"","meta":{"_uag_custom_page_level_css":""},"product_brand":[],"product_cat":[1177,1260],"product_tag":[175,190,127,1486,1507,207],"taxonomy\/receta":[948],"class_list":{"0":"post-6463","1":"product","2":"type-product","3":"status-publish","4":"has-post-thumbnail","6":"product_cat-recetas","7":"product_cat-comidas","8":"product_tag-comprar-verduras-online","9":"product_tag-entrega-a-domicilio-en-ibiza","10":"product_tag-fruits-and-vegetables-in-ibiza","11":"product_tag-groceries-delivery-in-ibiza","12":"product_tag-superfood-salad","13":"product_tag-vegetables-delivery-in-ibiza","14":"receta-superfood-salad","16":"first","17":"instock","18":"taxable","19":"shipping-taxable","20":"purchasable","21":"product-type-woosb"},"uagb_featured_image_src":{"full":["https:\/\/florsivioles.marketingempresas.es\/wp-content\/uploads\/2022\/04\/Super-food-salad-2.jpg",700,467,false],"thumbnail":["https:\/\/florsivioles.marketingempresas.es\/wp-content\/uploads\/2022\/04\/Super-food-salad-2-150x100.jpg",150,100,true],"medium":["https:\/\/florsivioles.marketingempresas.es\/wp-content\/uploads\/2022\/04\/Super-food-salad-2-364x243.jpg",364,243,true],"medium_large":["https:\/\/florsivioles.marketingempresas.es\/wp-content\/uploads\/2022\/04\/Super-food-salad-2.jpg",700,467,false],"large":["https:\/\/florsivioles.marketingempresas.es\/wp-content\/uploads\/2022\/04\/Super-food-salad-2.jpg",700,467,false],"1536x1536":["https:\/\/florsivioles.marketingempresas.es\/wp-content\/uploads\/2022\/04\/Super-food-salad-2.jpg",700,467,false],"2048x2048":["https:\/\/florsivioles.marketingempresas.es\/wp-content\/uploads\/2022\/04\/Super-food-salad-2.jpg",700,467,false],"trp-custom-language-flag":["https:\/\/florsivioles.marketingempresas.es\/wp-content\/uploads\/2022\/04\/Super-food-salad-2-18x12.jpg",18,12,true],"woocommerce_thumbnail":["https:\/\/florsivioles.marketingempresas.es\/wp-content\/uploads\/2022\/04\/Super-food-salad-2-260x260.jpg",260,260,true],"woocommerce_single":["https:\/\/florsivioles.marketingempresas.es\/wp-content\/uploads\/2022\/04\/Super-food-salad-2-360x240.jpg",360,240,true],"woocommerce_gallery_thumbnail":["https:\/\/florsivioles.marketingempresas.es\/wp-content\/uploads\/2022\/04\/Super-food-salad-2-100x100.jpg",100,100,true]},"uagb_author_info":{"display_name":"Christian Roig Brown","author_link":"https:\/\/florsivioles.marketingempresas.es\/en\/author\/"},"uagb_comment_info":0,"uagb_excerpt":"\u00bfPor qu\u00e9 preparar una Superfood Salad? Porque es la bomba de nutrici\u00f3n que tu cuerpo necesita!","_links":{"self":[{"href":"https:\/\/florsivioles.marketingempresas.es\/en\/wp-json\/wp\/v2\/product\/6463","targetHints":{"allow":["GET"]}}],"collection":[{"href":"https:\/\/florsivioles.marketingempresas.es\/en\/wp-json\/wp\/v2\/product"}],"about":[{"href":"https:\/\/florsivioles.marketingempresas.es\/en\/wp-json\/wp\/v2\/types\/product"}],"wp:featuredmedia":[{"embeddable":true,"href":"https:\/\/florsivioles.marketingempresas.es\/en\/wp-json\/wp\/v2\/media\/5062"}],"wp:attachment":[{"href":"https:\/\/florsivioles.marketingempresas.es\/en\/wp-json\/wp\/v2\/media?parent=6463"}],"wp:term":[{"taxonomy":"product_brand","embeddable":true,"href":"https:\/\/florsivioles.marketingempresas.es\/en\/wp-json\/wp\/v2\/product_brand?post=6463"},{"taxonomy":"product_cat","embeddable":true,"href":"https:\/\/florsivioles.marketingempresas.es\/en\/wp-json\/wp\/v2\/product_cat?post=6463"},{"taxonomy":"product_tag","embeddable":true,"href":"https:\/\/florsivioles.marketingempresas.es\/en\/wp-json\/wp\/v2\/product_tag?post=6463"},{"taxonomy":"receta","embeddable":true,"href":"https:\/\/florsivioles.marketingempresas.es\/en\/wp-json\/wp\/v2\/taxonomy\/receta?post=6463"}],"curies":[{"name":"wp","href":"https:\/\/api.w.org\/{rel}","templated":true}]}}