{"id":6358,"date":"2022-12-02T08:52:49","date_gmt":"2022-12-02T07:52:49","guid":{"rendered":"https:\/\/florsivioles.marketingempresas.es\/?post_type=product&#038;p=6358"},"modified":"2023-06-15T23:08:34","modified_gmt":"2023-06-15T21:08:34","slug":"vino-rosado-ecologico-apagallums","status":"publish","type":"product","link":"https:\/\/florsivioles.marketingempresas.es\/en\/product\/vino-rosado-ecologico-apagallums\/","title":{"rendered":"\"Apagallums\" Organic Ros\u00e9 Wine"},"content":{"rendered":"<p>\u00b7 Denominaci\u00f3n de Origen: Pened\u00e9s<br \/>\n\u2022 Variedades: Pinot Noir<br \/>\n\u2022 Elaboraci\u00f3n: Maceraci\u00f3n de la piel durante 4 hrs. aprox. Fermentaci\u00f3n a temperatura controlada de 14\u00baC durante 25 d\u00edas en dep\u00f3sito de acero inoxidable.<br \/>\n\u2022 Color: Rojo intenso con tonalidades azules.<br \/>\n\u2022 Aroma: Muy frutal (fresas y derivados c\u00edtricos).<br \/>\n\u2022 Paladar: Muy sabroso y potente. Muy largo al final y con retrogusto persistente a fresa.<br \/>\n\u2022 Maridaje: Acompa\u00f1a muy bien a ensaladas frescas, tapas ligeras y pasta.<br \/>\n\u2022 Temp. Servicio: 6-8\u00baC.<br \/>\n\u2022 Alcohol: 11,5%<br \/>\n\u2022 Az\u00facares reductores: 1,30 gr\/l.<br \/>\n\u2022 Anh\u00eddrido sulfuroso: 50 mgr\/l.<br \/>\n\u2022 Acidez: 6 gr\/l \/l<\/p>","protected":false},"excerpt":{"rendered":"<p>75CL Bottle<\/p>","protected":false},"featured_media":6524,"template":"","meta":{"_uag_custom_page_level_css":""},"product_brand":[],"product_cat":[27,1231,550],"product_tag":[768,766,770],"taxonomy\/receta":[],"class_list":{"0":"post-6358","1":"product","2":"type-product","3":"status-publish","4":"has-post-thumbnail","6":"product_cat-bio","7":"product_cat-bodega","8":"product_cat-vinos","9":"product_tag-vino-a-domicilio","10":"product_tag-vino-ecologico","11":"product_tag-vino-rosado","12":"product_shipping_class-envio-gratuito","14":"first","15":"instock","16":"taxable","17":"shipping-taxable","18":"purchasable","19":"product-type-simple"},"uagb_featured_image_src":{"full":["https:\/\/florsivioles.marketingempresas.es\/wp-content\/uploads\/2022\/12\/Vino-Rosado-Ecologico-Apagallums-1.jpg",640,554,false],"thumbnail":["https:\/\/florsivioles.marketingempresas.es\/wp-content\/uploads\/2022\/12\/Vino-Rosado-Ecologico-Apagallums-1-150x130.jpg",150,130,true],"medium":["https:\/\/florsivioles.marketingempresas.es\/wp-content\/uploads\/2022\/12\/Vino-Rosado-Ecologico-Apagallums-1-364x315.jpg",364,315,true],"medium_large":["https:\/\/florsivioles.marketingempresas.es\/wp-content\/uploads\/2022\/12\/Vino-Rosado-Ecologico-Apagallums-1.jpg",640,554,false],"large":["https:\/\/florsivioles.marketingempresas.es\/wp-content\/uploads\/2022\/12\/Vino-Rosado-Ecologico-Apagallums-1.jpg",640,554,false],"1536x1536":["https:\/\/florsivioles.marketingempresas.es\/wp-content\/uploads\/2022\/12\/Vino-Rosado-Ecologico-Apagallums-1.jpg",640,554,false],"2048x2048":["https:\/\/florsivioles.marketingempresas.es\/wp-content\/uploads\/2022\/12\/Vino-Rosado-Ecologico-Apagallums-1.jpg",640,554,false],"trp-custom-language-flag":["https:\/\/florsivioles.marketingempresas.es\/wp-content\/uploads\/2022\/12\/Vino-Rosado-Ecologico-Apagallums-1-14x12.jpg",14,12,true],"woocommerce_thumbnail":["https:\/\/florsivioles.marketingempresas.es\/wp-content\/uploads\/2022\/12\/Vino-Rosado-Ecologico-Apagallums-1-260x260.jpg",260,260,true],"woocommerce_single":["https:\/\/florsivioles.marketingempresas.es\/wp-content\/uploads\/2022\/12\/Vino-Rosado-Ecologico-Apagallums-1-360x312.jpg",360,312,true],"woocommerce_gallery_thumbnail":["https:\/\/florsivioles.marketingempresas.es\/wp-content\/uploads\/2022\/12\/Vino-Rosado-Ecologico-Apagallums-1-100x100.jpg",100,100,true]},"uagb_author_info":{"display_name":"Christian Roig Brown","author_link":"https:\/\/florsivioles.marketingempresas.es\/en\/author\/"},"uagb_comment_info":0,"uagb_excerpt":"Envase de 75 Cl.","_links":{"self":[{"href":"https:\/\/florsivioles.marketingempresas.es\/en\/wp-json\/wp\/v2\/product\/6358","targetHints":{"allow":["GET"]}}],"collection":[{"href":"https:\/\/florsivioles.marketingempresas.es\/en\/wp-json\/wp\/v2\/product"}],"about":[{"href":"https:\/\/florsivioles.marketingempresas.es\/en\/wp-json\/wp\/v2\/types\/product"}],"wp:featuredmedia":[{"embeddable":true,"href":"https:\/\/florsivioles.marketingempresas.es\/en\/wp-json\/wp\/v2\/media\/6524"}],"wp:attachment":[{"href":"https:\/\/florsivioles.marketingempresas.es\/en\/wp-json\/wp\/v2\/media?parent=6358"}],"wp:term":[{"taxonomy":"product_brand","embeddable":true,"href":"https:\/\/florsivioles.marketingempresas.es\/en\/wp-json\/wp\/v2\/product_brand?post=6358"},{"taxonomy":"product_cat","embeddable":true,"href":"https:\/\/florsivioles.marketingempresas.es\/en\/wp-json\/wp\/v2\/product_cat?post=6358"},{"taxonomy":"product_tag","embeddable":true,"href":"https:\/\/florsivioles.marketingempresas.es\/en\/wp-json\/wp\/v2\/product_tag?post=6358"},{"taxonomy":"receta","embeddable":true,"href":"https:\/\/florsivioles.marketingempresas.es\/en\/wp-json\/wp\/v2\/taxonomy\/receta?post=6358"}],"curies":[{"name":"wp","href":"https:\/\/api.w.org\/{rel}","templated":true}]}}