{"id":6234,"date":"2022-11-23T10:53:57","date_gmt":"2022-11-23T09:53:57","guid":{"rendered":"https:\/\/florsivioles.marketingempresas.es\/?post_type=product&#038;p=6234"},"modified":"2024-02-12T10:51:20","modified_gmt":"2024-02-12T09:51:20","slug":"cookies-rellenas-de-chocolate-bio","status":"publish","type":"product","link":"https:\/\/florsivioles.marketingempresas.es\/en\/product\/cookies-rellenas-de-chocolate-bio\/","title":{"rendered":"Bio Chocolate Filled Cookies"},"content":{"rendered":"<p>\u00bfEres un amante del chocolate y la sostenibilidad? Nuestras Cookies rellenas de Chocolate B\u00edo son la combinaci\u00f3n perfecta de sabor y conciencia ecol\u00f3gica.<\/p>\n<p>Si alguna vez has so\u00f1ado con una cookie que no solo satisfaga tus papilas gustativas sino tambi\u00e9n tu alma eco-consciente, \u00a1est\u00e1s de suerte! Imagina una galleta crujiente por fuera y suave por dentro, rellena de delicioso chocolate b\u00edo que se derrite en tu boca. Pero espera, hay m\u00e1s. Estas Cookies rellenas de Chocolate B\u00edo no son solo un placer culpable; son un placer consciente.<\/p>\n<p>Hechas con ingredientes org\u00e1nicos y certificados, estas galletas son la personificaci\u00f3n de la alimentaci\u00f3n consciente. No contienen OMG (Organismos Modificados Gen\u00e9ticamente), pesticidas ni nada artificial. Adem\u00e1s, son perfectas para veganos y vegetarianos y est\u00e1n\u00a0dirigidas a los amantes de los dulces saludables. Elaboradas con ingredientes 100% ecol\u00f3gicos, sin aceite de palma y sin huevo. Un capricho para el paladar N\u00ba 1 en Francia presentado en un c\u00f3modo formato individual para llev\u00e1rtelo donde quieras.<\/p>\n<p>\u00bfTe preocupa el impacto ambiental? Rel\u00e1jate, porque estas cookies tambi\u00e9n son Zero Waste (Cero Residuos). Vienen en envases biodegradables que puedes reciclar o compostar.<\/p>\n<p>En resumen, nuestras Cookies rellenas de Chocolate B\u00edo son m\u00e1s que un simple snack; son una declaraci\u00f3n de amor a la Tierra y a tu bienestar. \u00bfListo para probar el futuro de las galletas? \ud83c\udf6a\ud83c\udf31<\/p>\n<p>&nbsp;<\/p>\n<h2>Ingredientes<\/h2>\n<p>Harina de trigo T65*, chocolate blanco*(az\u00facar de ca\u00f1a*, manteca de cacao*, leche entera de polvo*) (13,4%), az\u00facar de ca\u00f1a sin refinar*, aceite de girasol*, nueces de macadamia (4,5%)*, jarabe de trigo*, manteca de cacao*, cacao en polvo*, caramelo*, gasificante: bicarbonato de sodio y de amonio, sal de mar, zumo concentrado de lim\u00f3n*.<\/p>\n<div class=\"product-alergenos\"><strong>Al\u00e9rgenos: <\/strong>Contiene frutos de c\u00e1scara, gluten y leche. Puede contener trazas de soja, s\u00e9samo.<\/div>\n<div><\/div>\n<div class=\"product-bio_text\"><strong>* de agricultura ecol\u00f3gica<\/strong><\/div>","protected":false},"excerpt":{"rendered":"<p>175gr Package<\/p>","protected":false},"featured_media":6534,"template":"","meta":{"_uag_custom_page_level_css":""},"product_brand":[],"product_cat":[544,27],"product_tag":[1160,190,113,130,1131,1070,1069,1017],"taxonomy\/receta":[],"class_list":{"0":"post-6234","1":"product","2":"type-product","3":"status-publish","4":"has-post-thumbnail","6":"product_cat-muesli-galletas-chocolates-bio","7":"product_cat-bio","8":"product_tag-cookies-rellenas-de-chocolate-bio","9":"product_tag-entrega-a-domicilio-en-ibiza","10":"product_tag-envio-a-domicilio-en-ibiza","11":"product_tag-free-delivery-in-ibiza","12":"product_tag-galletas-veganas-en-ibiza","13":"product_tag-online-store-of-bio-products-in-ibiza","14":"product_tag-tienda-online-de-productos-bio-en-ibiza","15":"product_tag-vegan","16":"product_shipping_class-envio-gratuito","18":"first","19":"instock","20":"taxable","21":"shipping-taxable","22":"purchasable","23":"product-type-simple"},"uagb_featured_image_src":{"full":["https:\/\/florsivioles.marketingempresas.es\/wp-content\/uploads\/2022\/11\/Cookies-rellenas-de-Chocolate-Ecologicas.jpg",640,554,false],"thumbnail":["https:\/\/florsivioles.marketingempresas.es\/wp-content\/uploads\/2022\/11\/Cookies-rellenas-de-Chocolate-Ecologicas-150x130.jpg",150,130,true],"medium":["https:\/\/florsivioles.marketingempresas.es\/wp-content\/uploads\/2022\/11\/Cookies-rellenas-de-Chocolate-Ecologicas-364x315.jpg",364,315,true],"medium_large":["https:\/\/florsivioles.marketingempresas.es\/wp-content\/uploads\/2022\/11\/Cookies-rellenas-de-Chocolate-Ecologicas.jpg",640,554,false],"large":["https:\/\/florsivioles.marketingempresas.es\/wp-content\/uploads\/2022\/11\/Cookies-rellenas-de-Chocolate-Ecologicas.jpg",640,554,false],"1536x1536":["https:\/\/florsivioles.marketingempresas.es\/wp-content\/uploads\/2022\/11\/Cookies-rellenas-de-Chocolate-Ecologicas.jpg",640,554,false],"2048x2048":["https:\/\/florsivioles.marketingempresas.es\/wp-content\/uploads\/2022\/11\/Cookies-rellenas-de-Chocolate-Ecologicas.jpg",640,554,false],"trp-custom-language-flag":["https:\/\/florsivioles.marketingempresas.es\/wp-content\/uploads\/2022\/11\/Cookies-rellenas-de-Chocolate-Ecologicas-14x12.jpg",14,12,true],"woocommerce_thumbnail":["https:\/\/florsivioles.marketingempresas.es\/wp-content\/uploads\/2022\/11\/Cookies-rellenas-de-Chocolate-Ecologicas-260x260.jpg",260,260,true],"woocommerce_single":["https:\/\/florsivioles.marketingempresas.es\/wp-content\/uploads\/2022\/11\/Cookies-rellenas-de-Chocolate-Ecologicas-360x312.jpg",360,312,true],"woocommerce_gallery_thumbnail":["https:\/\/florsivioles.marketingempresas.es\/wp-content\/uploads\/2022\/11\/Cookies-rellenas-de-Chocolate-Ecologicas-100x100.jpg",100,100,true]},"uagb_author_info":{"display_name":"Christian Roig Brown","author_link":"https:\/\/florsivioles.marketingempresas.es\/en\/author\/"},"uagb_comment_info":0,"uagb_excerpt":"Paquete de 175 gr.","_links":{"self":[{"href":"https:\/\/florsivioles.marketingempresas.es\/en\/wp-json\/wp\/v2\/product\/6234","targetHints":{"allow":["GET"]}}],"collection":[{"href":"https:\/\/florsivioles.marketingempresas.es\/en\/wp-json\/wp\/v2\/product"}],"about":[{"href":"https:\/\/florsivioles.marketingempresas.es\/en\/wp-json\/wp\/v2\/types\/product"}],"wp:featuredmedia":[{"embeddable":true,"href":"https:\/\/florsivioles.marketingempresas.es\/en\/wp-json\/wp\/v2\/media\/6534"}],"wp:attachment":[{"href":"https:\/\/florsivioles.marketingempresas.es\/en\/wp-json\/wp\/v2\/media?parent=6234"}],"wp:term":[{"taxonomy":"product_brand","embeddable":true,"href":"https:\/\/florsivioles.marketingempresas.es\/en\/wp-json\/wp\/v2\/product_brand?post=6234"},{"taxonomy":"product_cat","embeddable":true,"href":"https:\/\/florsivioles.marketingempresas.es\/en\/wp-json\/wp\/v2\/product_cat?post=6234"},{"taxonomy":"product_tag","embeddable":true,"href":"https:\/\/florsivioles.marketingempresas.es\/en\/wp-json\/wp\/v2\/product_tag?post=6234"},{"taxonomy":"receta","embeddable":true,"href":"https:\/\/florsivioles.marketingempresas.es\/en\/wp-json\/wp\/v2\/taxonomy\/receta?post=6234"}],"curies":[{"name":"wp","href":"https:\/\/api.w.org\/{rel}","templated":true}]}}