{"id":6226,"date":"2022-11-23T10:43:21","date_gmt":"2022-11-23T09:43:21","guid":{"rendered":"https:\/\/florsivioles.marketingempresas.es\/?post_type=product&#038;p=6226"},"modified":"2024-02-12T10:51:49","modified_gmt":"2024-02-12T09:51:49","slug":"cookies-con-pepitas-de-chocolate-y-avellanas-bio","status":"publish","type":"product","link":"https:\/\/florsivioles.marketingempresas.es\/en\/product\/cookies-con-pepitas-de-chocolate-y-avellanas-bio\/","title":{"rendered":"Bio Chocolate Chip and Hazelnut Cookies"},"content":{"rendered":"<p>Aut\u00e9nticas Cookies con pepitas de Chocolate y Avellanas B\u00edo elaboradas con ingredientes 100% ecol\u00f3gicos y naturales, sin aceite de palma y sin huevo. Una incre\u00edble combinaci\u00f3n de pepitas de chocolate negro y trocitos de avellana, presentada en un c\u00f3modo envase monodosis para dar dulzor a tus desayunos y meriendas. \u00a1No podr\u00e1s resistir a su delicioso sabor!<\/p>\n<p>&nbsp;<\/p>\n<h2>Ingredientes<\/h2>\n<p>Harina de trigo T65*, pepitas de chocolate*\u00ba (21%) (az\u00facar de ca\u00f1a*\u00ba, pasta de cacao*\u00ba, manteca de cacao*\u00ba, extracto de vainilla*\u00ba), az\u00facar de ca\u00f1a sin refinar*\u00ba, aceite de girasol*, avellanas* (5%), jarabe de trigo*, manteca de cacao*\u00ba, caramelo*, gasificante: bicarbonato de sodio y de amonio, sal marina, zumo concentrado de lim\u00f3n*. Ingredientes procedentes del comercio justo.<\/p>\n<div class=\"product-alergenos\"><strong>Al\u00e9rgenos: <\/strong>Puede contener trazas de leche, soja, s\u00e9samo y frutos de c\u00e1scara.<\/div>\n<div><\/div>\n<div class=\"product-bio_text\"><strong>* de agricultura ecol\u00f3gica<\/strong><\/div>","protected":false},"excerpt":{"rendered":"<p>175gr Package<\/p>","protected":false},"featured_media":6536,"template":"","meta":{"_uag_custom_page_level_css":""},"product_brand":[],"product_cat":[27,544],"product_tag":[1157,190,113,130,1131,1017,207,185],"taxonomy\/receta":[],"class_list":{"0":"post-6226","1":"product","2":"type-product","3":"status-publish","4":"has-post-thumbnail","6":"product_cat-bio","7":"product_cat-muesli-galletas-chocolates-bio","8":"product_tag-cookies-con-pepitas-de-chocolate-y-avellanas-bio","9":"product_tag-entrega-a-domicilio-en-ibiza","10":"product_tag-envio-a-domicilio-en-ibiza","11":"product_tag-free-delivery-in-ibiza","12":"product_tag-galletas-veganas-en-ibiza","13":"product_tag-vegan","14":"product_tag-vegetables-delivery-in-ibiza","15":"product_tag-verduras-a-domicilio-en-ibiza","16":"product_shipping_class-envio-gratuito","18":"first","19":"instock","20":"taxable","21":"shipping-taxable","22":"purchasable","23":"product-type-simple"},"uagb_featured_image_src":{"full":["https:\/\/florsivioles.marketingempresas.es\/wp-content\/uploads\/2022\/11\/Cookies-con-pepitas-de-Chocolate-y-Avellanas-Ecologicas.jpg",640,554,false],"thumbnail":["https:\/\/florsivioles.marketingempresas.es\/wp-content\/uploads\/2022\/11\/Cookies-con-pepitas-de-Chocolate-y-Avellanas-Ecologicas-150x130.jpg",150,130,true],"medium":["https:\/\/florsivioles.marketingempresas.es\/wp-content\/uploads\/2022\/11\/Cookies-con-pepitas-de-Chocolate-y-Avellanas-Ecologicas-364x315.jpg",364,315,true],"medium_large":["https:\/\/florsivioles.marketingempresas.es\/wp-content\/uploads\/2022\/11\/Cookies-con-pepitas-de-Chocolate-y-Avellanas-Ecologicas.jpg",640,554,false],"large":["https:\/\/florsivioles.marketingempresas.es\/wp-content\/uploads\/2022\/11\/Cookies-con-pepitas-de-Chocolate-y-Avellanas-Ecologicas.jpg",640,554,false],"1536x1536":["https:\/\/florsivioles.marketingempresas.es\/wp-content\/uploads\/2022\/11\/Cookies-con-pepitas-de-Chocolate-y-Avellanas-Ecologicas.jpg",640,554,false],"2048x2048":["https:\/\/florsivioles.marketingempresas.es\/wp-content\/uploads\/2022\/11\/Cookies-con-pepitas-de-Chocolate-y-Avellanas-Ecologicas.jpg",640,554,false],"trp-custom-language-flag":["https:\/\/florsivioles.marketingempresas.es\/wp-content\/uploads\/2022\/11\/Cookies-con-pepitas-de-Chocolate-y-Avellanas-Ecologicas-14x12.jpg",14,12,true],"woocommerce_thumbnail":["https:\/\/florsivioles.marketingempresas.es\/wp-content\/uploads\/2022\/11\/Cookies-con-pepitas-de-Chocolate-y-Avellanas-Ecologicas-260x260.jpg",260,260,true],"woocommerce_single":["https:\/\/florsivioles.marketingempresas.es\/wp-content\/uploads\/2022\/11\/Cookies-con-pepitas-de-Chocolate-y-Avellanas-Ecologicas-360x312.jpg",360,312,true],"woocommerce_gallery_thumbnail":["https:\/\/florsivioles.marketingempresas.es\/wp-content\/uploads\/2022\/11\/Cookies-con-pepitas-de-Chocolate-y-Avellanas-Ecologicas-100x100.jpg",100,100,true]},"uagb_author_info":{"display_name":"Christian Roig Brown","author_link":"https:\/\/florsivioles.marketingempresas.es\/en\/author\/"},"uagb_comment_info":0,"uagb_excerpt":"Paquete de 175 gr.","_links":{"self":[{"href":"https:\/\/florsivioles.marketingempresas.es\/en\/wp-json\/wp\/v2\/product\/6226","targetHints":{"allow":["GET"]}}],"collection":[{"href":"https:\/\/florsivioles.marketingempresas.es\/en\/wp-json\/wp\/v2\/product"}],"about":[{"href":"https:\/\/florsivioles.marketingempresas.es\/en\/wp-json\/wp\/v2\/types\/product"}],"wp:featuredmedia":[{"embeddable":true,"href":"https:\/\/florsivioles.marketingempresas.es\/en\/wp-json\/wp\/v2\/media\/6536"}],"wp:attachment":[{"href":"https:\/\/florsivioles.marketingempresas.es\/en\/wp-json\/wp\/v2\/media?parent=6226"}],"wp:term":[{"taxonomy":"product_brand","embeddable":true,"href":"https:\/\/florsivioles.marketingempresas.es\/en\/wp-json\/wp\/v2\/product_brand?post=6226"},{"taxonomy":"product_cat","embeddable":true,"href":"https:\/\/florsivioles.marketingempresas.es\/en\/wp-json\/wp\/v2\/product_cat?post=6226"},{"taxonomy":"product_tag","embeddable":true,"href":"https:\/\/florsivioles.marketingempresas.es\/en\/wp-json\/wp\/v2\/product_tag?post=6226"},{"taxonomy":"receta","embeddable":true,"href":"https:\/\/florsivioles.marketingempresas.es\/en\/wp-json\/wp\/v2\/taxonomy\/receta?post=6226"}],"curies":[{"name":"wp","href":"https:\/\/api.w.org\/{rel}","templated":true}]}}