{"id":6219,"date":"2022-11-23T10:37:26","date_gmt":"2022-11-23T09:37:26","guid":{"rendered":"https:\/\/florsivioles.marketingempresas.es\/?post_type=product&#038;p=6219"},"modified":"2024-02-12T10:52:19","modified_gmt":"2024-02-12T09:52:19","slug":"galletas-tentacion-de-chocolate-y-naranja-bio","status":"publish","type":"product","link":"https:\/\/florsivioles.marketingempresas.es\/en\/product\/galletas-tentacion-de-chocolate-y-naranja-bio\/","title":{"rendered":"Bio Chocolate Orange Temptation Biscuits"},"content":{"rendered":"<p>Deliciosas Galletas Tentaci\u00f3n de Chocolate y Naranja B\u00edo elaboradas con ingredientes de cultivo ecol\u00f3gico, sin aceite de palma y sin huevo. La mezcla de cacao puro con la naranja confitada es, sin duda, todo un placer sensorial. Presentadas en un c\u00f3modo formato monodosis para llevarlas donde quieras y disfrutar de su sabor en cualquier momento del d\u00eda. Fuente de fibra.<\/p>\n<p>&nbsp;<\/p>\n<h2>Ingredientes<\/h2>\n<p>Chocolate negro*\u00ba (42%) (pasta de cacao*\u00ba, az\u00facar de ca\u00f1a*\u00ba, manteca de cacao*\u00ba, vainilla en polvo*\u00ba), harina de trigo T65*, az\u00facar de ca\u00f1a sin refinar*\u00ba, aceite de girasol*, manteca de cacao*, naranja confitada* (3,1%) (jarabe de almid\u00f3n de ma\u00edz*, corteza de naranja*, sal marina), sirope de trigo sin refinar deshidratado*, zumo concentrado de lim\u00f3n*, fibra de avena, aceite esencial de naranja* (0,3%), sal marina, gasificante: bicarbonato de sodio.<\/p>\n<div class=\"product-alergenos\"><strong>Al\u00e9rgenos: <\/strong>Puede contener trazas de leche, soja, s\u00e9samo y frutos de c\u00e1scara.<\/div>\n<div><\/div>\n<div class=\"product-bio_text\"><strong>* de agricultura ecol\u00f3gica<\/strong><\/div>","protected":false},"excerpt":{"rendered":"<p>130gr Box<\/p>","protected":false},"featured_media":6546,"template":"","meta":{"_uag_custom_page_level_css":""},"product_brand":[],"product_cat":[27,544],"product_tag":[1151,1150,1131,1017],"taxonomy\/receta":[],"class_list":{"0":"post-6219","1":"product","2":"type-product","3":"status-publish","4":"has-post-thumbnail","6":"product_cat-bio","7":"product_cat-muesli-galletas-chocolates-bio","8":"product_tag-galletas-tentacion-de-chocolate-y-naranja-bio","9":"product_tag-galletas-tentacion-naranja-bio","10":"product_tag-galletas-veganas-en-ibiza","11":"product_tag-vegan","12":"product_shipping_class-envio-gratuito","14":"first","15":"instock","16":"taxable","17":"shipping-taxable","18":"purchasable","19":"product-type-simple"},"uagb_featured_image_src":{"full":["https:\/\/florsivioles.marketingempresas.es\/wp-content\/uploads\/2022\/11\/Galletas-Tentacion-de-Chocolate-y-Naranja-Bio.jpg",640,554,false],"thumbnail":["https:\/\/florsivioles.marketingempresas.es\/wp-content\/uploads\/2022\/11\/Galletas-Tentacion-de-Chocolate-y-Naranja-Bio-150x130.jpg",150,130,true],"medium":["https:\/\/florsivioles.marketingempresas.es\/wp-content\/uploads\/2022\/11\/Galletas-Tentacion-de-Chocolate-y-Naranja-Bio-364x315.jpg",364,315,true],"medium_large":["https:\/\/florsivioles.marketingempresas.es\/wp-content\/uploads\/2022\/11\/Galletas-Tentacion-de-Chocolate-y-Naranja-Bio.jpg",640,554,false],"large":["https:\/\/florsivioles.marketingempresas.es\/wp-content\/uploads\/2022\/11\/Galletas-Tentacion-de-Chocolate-y-Naranja-Bio.jpg",640,554,false],"1536x1536":["https:\/\/florsivioles.marketingempresas.es\/wp-content\/uploads\/2022\/11\/Galletas-Tentacion-de-Chocolate-y-Naranja-Bio.jpg",640,554,false],"2048x2048":["https:\/\/florsivioles.marketingempresas.es\/wp-content\/uploads\/2022\/11\/Galletas-Tentacion-de-Chocolate-y-Naranja-Bio.jpg",640,554,false],"trp-custom-language-flag":["https:\/\/florsivioles.marketingempresas.es\/wp-content\/uploads\/2022\/11\/Galletas-Tentacion-de-Chocolate-y-Naranja-Bio-14x12.jpg",14,12,true],"woocommerce_thumbnail":["https:\/\/florsivioles.marketingempresas.es\/wp-content\/uploads\/2022\/11\/Galletas-Tentacion-de-Chocolate-y-Naranja-Bio-260x260.jpg",260,260,true],"woocommerce_single":["https:\/\/florsivioles.marketingempresas.es\/wp-content\/uploads\/2022\/11\/Galletas-Tentacion-de-Chocolate-y-Naranja-Bio-360x312.jpg",360,312,true],"woocommerce_gallery_thumbnail":["https:\/\/florsivioles.marketingempresas.es\/wp-content\/uploads\/2022\/11\/Galletas-Tentacion-de-Chocolate-y-Naranja-Bio-100x100.jpg",100,100,true]},"uagb_author_info":{"display_name":"Christian Roig Brown","author_link":"https:\/\/florsivioles.marketingempresas.es\/en\/author\/"},"uagb_comment_info":0,"uagb_excerpt":"Caja de 130 gr.","_links":{"self":[{"href":"https:\/\/florsivioles.marketingempresas.es\/en\/wp-json\/wp\/v2\/product\/6219","targetHints":{"allow":["GET"]}}],"collection":[{"href":"https:\/\/florsivioles.marketingempresas.es\/en\/wp-json\/wp\/v2\/product"}],"about":[{"href":"https:\/\/florsivioles.marketingempresas.es\/en\/wp-json\/wp\/v2\/types\/product"}],"wp:featuredmedia":[{"embeddable":true,"href":"https:\/\/florsivioles.marketingempresas.es\/en\/wp-json\/wp\/v2\/media\/6546"}],"wp:attachment":[{"href":"https:\/\/florsivioles.marketingempresas.es\/en\/wp-json\/wp\/v2\/media?parent=6219"}],"wp:term":[{"taxonomy":"product_brand","embeddable":true,"href":"https:\/\/florsivioles.marketingempresas.es\/en\/wp-json\/wp\/v2\/product_brand?post=6219"},{"taxonomy":"product_cat","embeddable":true,"href":"https:\/\/florsivioles.marketingempresas.es\/en\/wp-json\/wp\/v2\/product_cat?post=6219"},{"taxonomy":"product_tag","embeddable":true,"href":"https:\/\/florsivioles.marketingempresas.es\/en\/wp-json\/wp\/v2\/product_tag?post=6219"},{"taxonomy":"receta","embeddable":true,"href":"https:\/\/florsivioles.marketingempresas.es\/en\/wp-json\/wp\/v2\/taxonomy\/receta?post=6219"}],"curies":[{"name":"wp","href":"https:\/\/api.w.org\/{rel}","templated":true}]}}