{"id":6215,"date":"2022-11-23T10:31:43","date_gmt":"2022-11-23T09:31:43","guid":{"rendered":"https:\/\/florsivioles.marketingempresas.es\/?post_type=product&#038;p=6215"},"modified":"2024-02-12T10:52:51","modified_gmt":"2024-02-12T09:52:51","slug":"chocolate-vegano-blanco-con-vainilla-bourbon","status":"publish","type":"product","link":"https:\/\/florsivioles.marketingempresas.es\/en\/product\/chocolate-vegano-blanco-con-vainilla-bourbon\/","title":{"rendered":"Bio Vegan White Chocolate with Bourbon Vanilla"},"content":{"rendered":"<p>Si eres un entusiasta del chocolate, pero tambi\u00e9n te importa llevar un estilo de vida \u00e9tico y saludable, nuestro Chocolate Vegano Blanco con Vainilla Bourbon es la elecci\u00f3n perfecta para ti. Imagina un sabor suave y cremoso que se funde en tu boca, con el toque exquisito de la vainilla Bourbon. \u00a1Es una fiesta de sabores que no querr\u00e1s perderte!<\/p>\n<p>Prueba el Chocolate Vegano Blanco con Vainilla Bourbon&#8230; El tremendo \u00e9xito de este sabor da la raz\u00f3n a los que, durante a\u00f1os, han considerado al White Vanilla de iChoc uno de los mejores chocolates blancos veganos del mundo. Delicado, cremoso y con un sabor que apenas se distingue del de los chocolates blancos a base de leche. Aderezado, adem\u00e1s, con la m\u00e1s refinada de las especias: la apreciada vainilla Bourbon de Madagascar. \u00a1Una aut\u00e9ntica revoluci\u00f3n vegana! Con ingredientes 100 % ecol\u00f3gicos y veganos, manteca de cacao de Comercio Justo de la Rep\u00fablica Dominicana y envasado en un envoltorio compostable y libre de pl\u00e1sticos.<\/p>\n<p>&nbsp;<\/p>\n<h2>Ingredientes<\/h2>\n<p>Manteca de cacao* 37 %, az\u00facar de remolacha*, sirope de arroz en polvo*, harina de chufa*, aceite de almendra* 2,7 %, sal marina, extracto de vainilla Bourbon*, vainas de vainilla Bourbon (molidas).<\/p>\n<div class=\"product-alergenos\"><strong>Al\u00e9rgenos: <\/strong>Contiene trazas de leche, gluten y contiene frutos de c\u00e1scara.<\/div>\n<div><\/div>\n<div class=\"product-bio_text\"><strong>* de agricultura ecol\u00f3gica<\/strong><\/div>\n<div><\/div>\n<div><\/div>\n<div>Prueba el Chocolate Vegano Blanco con Vainilla Bourbon&#8230; uno de los mejores chocolates blancos veganos del mundo! Ingredientes 100 % ecol\u00f3gicos y veganos. Envoltorio compostable y libre de pl\u00e1sticos.<\/div>","protected":false},"excerpt":{"rendered":"<p>80gr box<\/p>","protected":false},"featured_media":6311,"template":"","meta":{"_uag_custom_page_level_css":""},"product_brand":[],"product_cat":[544,27],"product_tag":[364,1509,1147,223,713,1148,1017,1142,1134],"taxonomy\/receta":[],"class_list":{"0":"post-6215","1":"product","2":"type-product","3":"status-publish","4":"has-post-thumbnail","6":"product_cat-muesli-galletas-chocolates-bio","7":"product_cat-bio","8":"product_tag-bio-products-in-ibiza","9":"product_tag-chocolate-vegano-blanco-con-vainilla-bourbon","10":"product_tag-chocolate-vegano-blanco-con-vainilla-bourbon-bio","11":"product_tag-organic-products-in-ibiza","12":"product_tag-sin-lactosa","13":"product_tag-tienda-de-productos-organicos-en-ibiza","14":"product_tag-vegan","15":"product_tag-vegan-chocolate","16":"product_tag-vegan-products-in-ibiza","17":"product_shipping_class-envio-gratuito","19":"first","20":"instock","21":"taxable","22":"shipping-taxable","23":"purchasable","24":"product-type-simple"},"uagb_featured_image_src":{"full":["https:\/\/florsivioles.marketingempresas.es\/wp-content\/uploads\/2022\/11\/Chocolate-Vegano-Blanco-con-Vainilla-Bourbon-1.jpg",960,540,false],"thumbnail":["https:\/\/florsivioles.marketingempresas.es\/wp-content\/uploads\/2022\/11\/Chocolate-Vegano-Blanco-con-Vainilla-Bourbon-1-150x84.jpg",150,84,true],"medium":["https:\/\/florsivioles.marketingempresas.es\/wp-content\/uploads\/2022\/11\/Chocolate-Vegano-Blanco-con-Vainilla-Bourbon-1-364x205.jpg",364,205,true],"medium_large":["https:\/\/florsivioles.marketingempresas.es\/wp-content\/uploads\/2022\/11\/Chocolate-Vegano-Blanco-con-Vainilla-Bourbon-1-768x432.jpg",768,432,true],"large":["https:\/\/florsivioles.marketingempresas.es\/wp-content\/uploads\/2022\/11\/Chocolate-Vegano-Blanco-con-Vainilla-Bourbon-1.jpg",960,540,false],"1536x1536":["https:\/\/florsivioles.marketingempresas.es\/wp-content\/uploads\/2022\/11\/Chocolate-Vegano-Blanco-con-Vainilla-Bourbon-1.jpg",960,540,false],"2048x2048":["https:\/\/florsivioles.marketingempresas.es\/wp-content\/uploads\/2022\/11\/Chocolate-Vegano-Blanco-con-Vainilla-Bourbon-1.jpg",960,540,false],"trp-custom-language-flag":["https:\/\/florsivioles.marketingempresas.es\/wp-content\/uploads\/2022\/11\/Chocolate-Vegano-Blanco-con-Vainilla-Bourbon-1-18x10.jpg",18,10,true],"woocommerce_thumbnail":["https:\/\/florsivioles.marketingempresas.es\/wp-content\/uploads\/2022\/11\/Chocolate-Vegano-Blanco-con-Vainilla-Bourbon-1-260x260.jpg",260,260,true],"woocommerce_single":["https:\/\/florsivioles.marketingempresas.es\/wp-content\/uploads\/2022\/11\/Chocolate-Vegano-Blanco-con-Vainilla-Bourbon-1-360x203.jpg",360,203,true],"woocommerce_gallery_thumbnail":["https:\/\/florsivioles.marketingempresas.es\/wp-content\/uploads\/2022\/11\/Chocolate-Vegano-Blanco-con-Vainilla-Bourbon-1-100x100.jpg",100,100,true]},"uagb_author_info":{"display_name":"Christian Roig Brown","author_link":"https:\/\/florsivioles.marketingempresas.es\/en\/author\/"},"uagb_comment_info":0,"uagb_excerpt":"Caja de 80 gr.","_links":{"self":[{"href":"https:\/\/florsivioles.marketingempresas.es\/en\/wp-json\/wp\/v2\/product\/6215","targetHints":{"allow":["GET"]}}],"collection":[{"href":"https:\/\/florsivioles.marketingempresas.es\/en\/wp-json\/wp\/v2\/product"}],"about":[{"href":"https:\/\/florsivioles.marketingempresas.es\/en\/wp-json\/wp\/v2\/types\/product"}],"wp:featuredmedia":[{"embeddable":true,"href":"https:\/\/florsivioles.marketingempresas.es\/en\/wp-json\/wp\/v2\/media\/6311"}],"wp:attachment":[{"href":"https:\/\/florsivioles.marketingempresas.es\/en\/wp-json\/wp\/v2\/media?parent=6215"}],"wp:term":[{"taxonomy":"product_brand","embeddable":true,"href":"https:\/\/florsivioles.marketingempresas.es\/en\/wp-json\/wp\/v2\/product_brand?post=6215"},{"taxonomy":"product_cat","embeddable":true,"href":"https:\/\/florsivioles.marketingempresas.es\/en\/wp-json\/wp\/v2\/product_cat?post=6215"},{"taxonomy":"product_tag","embeddable":true,"href":"https:\/\/florsivioles.marketingempresas.es\/en\/wp-json\/wp\/v2\/product_tag?post=6215"},{"taxonomy":"receta","embeddable":true,"href":"https:\/\/florsivioles.marketingempresas.es\/en\/wp-json\/wp\/v2\/taxonomy\/receta?post=6215"}],"curies":[{"name":"wp","href":"https:\/\/api.w.org\/{rel}","templated":true}]}}