{"id":6210,"date":"2022-11-23T09:52:48","date_gmt":"2022-11-23T08:52:48","guid":{"rendered":"https:\/\/florsivioles.marketingempresas.es\/?post_type=product&#038;p=6210"},"modified":"2024-02-12T10:53:12","modified_gmt":"2024-02-12T09:53:12","slug":"chocolate-blanco-vegano-con-praline-y-avellana-bio","status":"publish","type":"product","link":"https:\/\/florsivioles.marketingempresas.es\/en\/product\/chocolate-blanco-vegano-con-praline-y-avellana-bio\/","title":{"rendered":"Bio Vegan White Chocolate with Praline and Hazelnut"},"content":{"rendered":"<p>Chocolate Blanco Vegano con pralin\u00e9 y avellana B\u00edo. Este sabor, que en su d\u00eda fue revolucionario, es hoy uno de los favoritos de muchos veganos aficionados al chocolate de todo el mundo. Un pralin\u00e9 de chocolate blanco y avellana con un crujiente crocante tambi\u00e9n de avellana. Aviso a navegantes: \u00a1es tremendamente adictivo! Con ingredientes 100 % ecol\u00f3gicos y veganos, manteca de cacao de Comercio Justo de la Rep\u00fablica Dominicana y envasado en un envoltorio compostable y libre de pl\u00e1sticos.<\/p>\n<p>&nbsp;<\/p>\n<p>Ingredientes<\/p>\n<p>Az\u00facar de remolacha*, manteca de cacao* 24 %, pasta de avellana*, harina de trigo sarraceno*, trozos de avellana garrapi\u00f1ada* 8 % (az\u00facar de ca\u00f1a integral*, avellanas* 25%, jarabe de glucosa* [ma\u00edz*], sirope de caramelo*), sal marina, extracto de vainilla Bourbon*.<\/p>\n<div class=\"product-alergenos\"><strong>Al\u00e9rgenos: <\/strong>Contiene trazas de leche, gluten y contiene frutos de c\u00e1scara.<\/div>\n<div><\/div>\n<div class=\"product-bio_text\"><strong>* de agricultura ecol\u00f3gica<\/strong><\/div>","protected":false},"excerpt":{"rendered":"<p>80gr box<\/p>","protected":false},"featured_media":6310,"template":"","meta":{"_uag_custom_page_level_css":""},"product_brand":[],"product_cat":[544,27],"product_tag":[1145,1146,1144,1136,1141,713,1017,1142,1134],"taxonomy\/receta":[],"class_list":{"0":"post-6210","1":"product","2":"type-product","3":"status-publish","4":"has-post-thumbnail","6":"product_cat-muesli-galletas-chocolates-bio","7":"product_cat-bio","8":"product_tag-chocolate-blanco-vegano-bio","9":"product_tag-chocolate-blanco-vegano-con-praline-y-avellana-bio","10":"product_tag-chocolate-vegano","11":"product_tag-plastic-free","12":"product_tag-productos-veganos-en-ibiza","13":"product_tag-sin-lactosa","14":"product_tag-vegan","15":"product_tag-vegan-chocolate","16":"product_tag-vegan-products-in-ibiza","17":"product_shipping_class-envio-gratuito","19":"first","20":"instock","21":"taxable","22":"shipping-taxable","23":"purchasable","24":"product-type-simple"},"uagb_featured_image_src":{"full":["https:\/\/florsivioles.marketingempresas.es\/wp-content\/uploads\/2022\/11\/Chocolate-blanco-Vegano-con-praline-y-avellana-Bio-1.jpg",960,540,false],"thumbnail":["https:\/\/florsivioles.marketingempresas.es\/wp-content\/uploads\/2022\/11\/Chocolate-blanco-Vegano-con-praline-y-avellana-Bio-1-150x84.jpg",150,84,true],"medium":["https:\/\/florsivioles.marketingempresas.es\/wp-content\/uploads\/2022\/11\/Chocolate-blanco-Vegano-con-praline-y-avellana-Bio-1-364x205.jpg",364,205,true],"medium_large":["https:\/\/florsivioles.marketingempresas.es\/wp-content\/uploads\/2022\/11\/Chocolate-blanco-Vegano-con-praline-y-avellana-Bio-1-768x432.jpg",768,432,true],"large":["https:\/\/florsivioles.marketingempresas.es\/wp-content\/uploads\/2022\/11\/Chocolate-blanco-Vegano-con-praline-y-avellana-Bio-1.jpg",960,540,false],"1536x1536":["https:\/\/florsivioles.marketingempresas.es\/wp-content\/uploads\/2022\/11\/Chocolate-blanco-Vegano-con-praline-y-avellana-Bio-1.jpg",960,540,false],"2048x2048":["https:\/\/florsivioles.marketingempresas.es\/wp-content\/uploads\/2022\/11\/Chocolate-blanco-Vegano-con-praline-y-avellana-Bio-1.jpg",960,540,false],"trp-custom-language-flag":["https:\/\/florsivioles.marketingempresas.es\/wp-content\/uploads\/2022\/11\/Chocolate-blanco-Vegano-con-praline-y-avellana-Bio-1-18x10.jpg",18,10,true],"woocommerce_thumbnail":["https:\/\/florsivioles.marketingempresas.es\/wp-content\/uploads\/2022\/11\/Chocolate-blanco-Vegano-con-praline-y-avellana-Bio-1-260x260.jpg",260,260,true],"woocommerce_single":["https:\/\/florsivioles.marketingempresas.es\/wp-content\/uploads\/2022\/11\/Chocolate-blanco-Vegano-con-praline-y-avellana-Bio-1-360x203.jpg",360,203,true],"woocommerce_gallery_thumbnail":["https:\/\/florsivioles.marketingempresas.es\/wp-content\/uploads\/2022\/11\/Chocolate-blanco-Vegano-con-praline-y-avellana-Bio-1-100x100.jpg",100,100,true]},"uagb_author_info":{"display_name":"Christian Roig Brown","author_link":"https:\/\/florsivioles.marketingempresas.es\/en\/author\/"},"uagb_comment_info":0,"uagb_excerpt":"Caja de 80 gr.","_links":{"self":[{"href":"https:\/\/florsivioles.marketingempresas.es\/en\/wp-json\/wp\/v2\/product\/6210","targetHints":{"allow":["GET"]}}],"collection":[{"href":"https:\/\/florsivioles.marketingempresas.es\/en\/wp-json\/wp\/v2\/product"}],"about":[{"href":"https:\/\/florsivioles.marketingempresas.es\/en\/wp-json\/wp\/v2\/types\/product"}],"wp:featuredmedia":[{"embeddable":true,"href":"https:\/\/florsivioles.marketingempresas.es\/en\/wp-json\/wp\/v2\/media\/6310"}],"wp:attachment":[{"href":"https:\/\/florsivioles.marketingempresas.es\/en\/wp-json\/wp\/v2\/media?parent=6210"}],"wp:term":[{"taxonomy":"product_brand","embeddable":true,"href":"https:\/\/florsivioles.marketingempresas.es\/en\/wp-json\/wp\/v2\/product_brand?post=6210"},{"taxonomy":"product_cat","embeddable":true,"href":"https:\/\/florsivioles.marketingempresas.es\/en\/wp-json\/wp\/v2\/product_cat?post=6210"},{"taxonomy":"product_tag","embeddable":true,"href":"https:\/\/florsivioles.marketingempresas.es\/en\/wp-json\/wp\/v2\/product_tag?post=6210"},{"taxonomy":"receta","embeddable":true,"href":"https:\/\/florsivioles.marketingempresas.es\/en\/wp-json\/wp\/v2\/taxonomy\/receta?post=6210"}],"curies":[{"name":"wp","href":"https:\/\/api.w.org\/{rel}","templated":true}]}}