{"id":6204,"date":"2022-11-23T09:46:06","date_gmt":"2022-11-23T08:46:06","guid":{"rendered":"https:\/\/florsivioles.marketingempresas.es\/?post_type=product&#038;p=6204"},"modified":"2024-02-12T10:53:29","modified_gmt":"2024-02-12T09:53:29","slug":"chocolate-vegano-clasico-bio","status":"publish","type":"product","link":"https:\/\/florsivioles.marketingempresas.es\/en\/product\/chocolate-vegano-clasico-bio\/","title":{"rendered":"Bio Vegan Classic Chocolate"},"content":{"rendered":"<p>Chocolate Vegano cl\u00e1sico B\u00edo. Puro y cremoso chocolate \u201ccon leche\u201d sin leche, aderezado con trigo sarraceno, aceite de almendra, vainilla Bourbon y un toque de sal marina. Ideal como ingrediente para tus creaciones. \u00a1Deja volar la imaginaci\u00f3n! Con ingredientes 100 % ecol\u00f3gicos y veganos, manteca de cacao de Comercio Justo de la Rep\u00fablica Dominicana y envasado en un envoltorio compostable y libre de pl\u00e1sticos.<\/p>\n<p>&nbsp;<\/p>\n<h2>Ingredientes<\/h2>\n<p>az\u00facar de remolacha*, manteca de cacao* 27 %, harina de trigo sarraceno* 13 %, pasta de cacao* 11 %, harina de chufa*, aceite de almendra* 2,5 %, pasta de avellana, sal marina, extracto de vainilla Bourbon*.<\/p>\n<div class=\"product-alergenos\"><strong>Al\u00e9rgenos: <\/strong>Contiene trazas de leche, gluten y contiene frutos de c\u00e1scara.<\/div>\n<div><\/div>\n<div class=\"product-bio_text\"><strong>* de agricultura ecol\u00f3gica<\/strong><\/div>","protected":false},"excerpt":{"rendered":"<p>80gr box<\/p>","protected":false},"featured_media":6312,"template":"","meta":{"_uag_custom_page_level_css":""},"product_brand":[],"product_cat":[544,27],"product_tag":[1139,1141,713,1140,1017,1142],"taxonomy\/receta":[],"class_list":{"0":"post-6204","1":"product","2":"type-product","3":"status-publish","4":"has-post-thumbnail","6":"product_cat-muesli-galletas-chocolates-bio","7":"product_cat-bio","8":"product_tag-chocolate-vegano-clasico-bio","9":"product_tag-productos-veganos-en-ibiza","10":"product_tag-sin-lactosa","11":"product_tag-tienda-de-productos-bio-en-ibiza","12":"product_tag-vegan","13":"product_tag-vegan-chocolate","14":"product_shipping_class-envio-gratuito","16":"first","17":"instock","18":"taxable","19":"shipping-taxable","20":"purchasable","21":"product-type-simple"},"uagb_featured_image_src":{"full":["https:\/\/florsivioles.marketingempresas.es\/wp-content\/uploads\/2022\/11\/Chocolate-Vegano-clasico-Bio-2.jpg",960,540,false],"thumbnail":["https:\/\/florsivioles.marketingempresas.es\/wp-content\/uploads\/2022\/11\/Chocolate-Vegano-clasico-Bio-2-150x84.jpg",150,84,true],"medium":["https:\/\/florsivioles.marketingempresas.es\/wp-content\/uploads\/2022\/11\/Chocolate-Vegano-clasico-Bio-2-364x205.jpg",364,205,true],"medium_large":["https:\/\/florsivioles.marketingempresas.es\/wp-content\/uploads\/2022\/11\/Chocolate-Vegano-clasico-Bio-2-768x432.jpg",768,432,true],"large":["https:\/\/florsivioles.marketingempresas.es\/wp-content\/uploads\/2022\/11\/Chocolate-Vegano-clasico-Bio-2.jpg",960,540,false],"1536x1536":["https:\/\/florsivioles.marketingempresas.es\/wp-content\/uploads\/2022\/11\/Chocolate-Vegano-clasico-Bio-2.jpg",960,540,false],"2048x2048":["https:\/\/florsivioles.marketingempresas.es\/wp-content\/uploads\/2022\/11\/Chocolate-Vegano-clasico-Bio-2.jpg",960,540,false],"trp-custom-language-flag":["https:\/\/florsivioles.marketingempresas.es\/wp-content\/uploads\/2022\/11\/Chocolate-Vegano-clasico-Bio-2-18x10.jpg",18,10,true],"woocommerce_thumbnail":["https:\/\/florsivioles.marketingempresas.es\/wp-content\/uploads\/2022\/11\/Chocolate-Vegano-clasico-Bio-2-260x260.jpg",260,260,true],"woocommerce_single":["https:\/\/florsivioles.marketingempresas.es\/wp-content\/uploads\/2022\/11\/Chocolate-Vegano-clasico-Bio-2-360x203.jpg",360,203,true],"woocommerce_gallery_thumbnail":["https:\/\/florsivioles.marketingempresas.es\/wp-content\/uploads\/2022\/11\/Chocolate-Vegano-clasico-Bio-2-100x100.jpg",100,100,true]},"uagb_author_info":{"display_name":"Christian Roig Brown","author_link":"https:\/\/florsivioles.marketingempresas.es\/en\/author\/"},"uagb_comment_info":0,"uagb_excerpt":"Caja de 80 gr.","_links":{"self":[{"href":"https:\/\/florsivioles.marketingempresas.es\/en\/wp-json\/wp\/v2\/product\/6204","targetHints":{"allow":["GET"]}}],"collection":[{"href":"https:\/\/florsivioles.marketingempresas.es\/en\/wp-json\/wp\/v2\/product"}],"about":[{"href":"https:\/\/florsivioles.marketingempresas.es\/en\/wp-json\/wp\/v2\/types\/product"}],"wp:featuredmedia":[{"embeddable":true,"href":"https:\/\/florsivioles.marketingempresas.es\/en\/wp-json\/wp\/v2\/media\/6312"}],"wp:attachment":[{"href":"https:\/\/florsivioles.marketingempresas.es\/en\/wp-json\/wp\/v2\/media?parent=6204"}],"wp:term":[{"taxonomy":"product_brand","embeddable":true,"href":"https:\/\/florsivioles.marketingempresas.es\/en\/wp-json\/wp\/v2\/product_brand?post=6204"},{"taxonomy":"product_cat","embeddable":true,"href":"https:\/\/florsivioles.marketingempresas.es\/en\/wp-json\/wp\/v2\/product_cat?post=6204"},{"taxonomy":"product_tag","embeddable":true,"href":"https:\/\/florsivioles.marketingempresas.es\/en\/wp-json\/wp\/v2\/product_tag?post=6204"},{"taxonomy":"receta","embeddable":true,"href":"https:\/\/florsivioles.marketingempresas.es\/en\/wp-json\/wp\/v2\/taxonomy\/receta?post=6204"}],"curies":[{"name":"wp","href":"https:\/\/api.w.org\/{rel}","templated":true}]}}