{"id":6199,"date":"2022-11-23T09:37:35","date_gmt":"2022-11-23T08:37:35","guid":{"rendered":"https:\/\/florsivioles.marketingempresas.es\/?post_type=product&#038;p=6199"},"modified":"2024-02-12T10:53:38","modified_gmt":"2024-02-12T09:53:38","slug":"galletas-de-cacao-con-chocolate-vegano-bio","status":"publish","type":"product","link":"https:\/\/florsivioles.marketingempresas.es\/en\/product\/galletas-de-cacao-con-chocolate-vegano-bio\/","title":{"rendered":"Bio Vegan Chocolate with Cacao Cookies"},"content":{"rendered":"<p>Si eres de los que piensan que el chocolate es vida, pero tambi\u00e9n te importa tu bienestar y el del planeta, este Chocolate Vegano con Galletas de Cacao B\u00edo es tu match perfecto. \ud83c\udf6b\ud83d\udc9a<\/p>\n<p>Primero hablemos de sabor: es una explosi\u00f3n de cacao puro con trocitos de galleta que te har\u00e1n olvidar que es vegano. Pero s\u00ed, lo es. Y no solo eso, tambi\u00e9n es org\u00e1nico y libre de OMG (Organismos Modificados Gen\u00e9ticamente).<\/p>\n<p>\u00bfTe preocupa el medio ambiente? Este chocolate viene de agricultura sostenible y tiene certificaci\u00f3n ecol\u00f3gica. Adem\u00e1s, es &#8220;Zero waste&#8221; (Cero residuos), porque sabemos que cada peque\u00f1o gesto cuenta.<\/p>\n<p>\u00bfEres vegano o vegetariano? Este chocolate no contiene productos de origen animal y es perfecto para incluir en una dieta consciente. Adem\u00e1s, es una fuente de superfoods (superalimentos) que te aportar\u00e1n energ\u00eda y bienestar.<\/p>\n<p>\u00bfTe gusta lo gourmet? Este no es un chocolate cualquiera; es un producto gourmet ecol\u00f3gico que satisface hasta al paladar m\u00e1s exigente.<\/p>\n<p>Galletas de Cacao con Chocolate vegano B\u00edo \u00a1Los monstruos de las galletas pierden la cabeza por este sabor! Un pedacito de cielo a base de crujientes galletas de cacao con el chocolate \u201ccon leche\u201d sin leche m\u00e1s suave. \u00bfQui\u00e9n se acuerda de la leche, cuando no la necesitas para saborear la perfecci\u00f3n? Con ingredientes 100 % ecol\u00f3gicos y veganos, manteca de cacao de Comercio Justo de la Rep\u00fablica Dominicana y envasado en un envoltorio compostable y libre de pl\u00e1sticos.<\/p>\n<p>En resumen, este Chocolate Vegano con Galletas de Cacao B\u00edo es delicioso, \u00e9tico, sostenible y saludable. \u00bfQu\u00e9 m\u00e1s se puede pedir? \ud83d\ude0b\ud83c\udf31<\/p>\n<p>&nbsp;<\/p>\n<h2>Ingredientes<\/h2>\n<p>Az\u00facar de remolacha*, manteca de cacao* 23 %, harina de trigo sarraceno*, galletas de cacao* 12 % (harina de trigo*, cacao en polvo* 21 %, az\u00facar de ca\u00f1a integral*, grasa de coco*, sirope de remolacha azucarera*, sal marina, extracto de vainilla Bourbon*), pasta de cacao* 9,6 %, harina de chufa*, aceite de almendra* 2,2 %, pasta de avellana*, sal marina, extracto de vainilla Bourbon*.<\/p>\n<div class=\"product-alergenos\"><strong>Al\u00e9rgenos: <\/strong>Contiene trazas de leche y contiene gluten y frutos de c\u00e1scara.<\/div>\n<div><\/div>\n<div class=\"product-bio_text\"><strong>* de agricultura ecol\u00f3gica<\/strong><\/div>","protected":false},"excerpt":{"rendered":"<p>80gr box<\/p>","protected":false},"featured_media":6315,"template":"","meta":{"_uag_custom_page_level_css":""},"product_brand":[],"product_cat":[544,27],"product_tag":[1510,130,1137,71,1138,123,1017],"taxonomy\/receta":[],"class_list":{"0":"post-6199","1":"product","2":"type-product","3":"status-publish","4":"has-post-thumbnail","6":"product_cat-muesli-galletas-chocolates-bio","7":"product_cat-bio","8":"product_tag-chocolate-vegano-con-galletas-de-cacao-bio","9":"product_tag-free-delivery-in-ibiza","10":"product_tag-galletas-de-cacao-con-chocolate-vegano-bio","11":"product_tag-productos-bio-en-ibiza","12":"product_tag-tienda-online-de-productos-ecologicos","13":"product_tag-tienda-online-en-ibiza","14":"product_tag-vegan","15":"product_shipping_class-envio-gratuito","17":"first","18":"instock","19":"taxable","20":"shipping-taxable","21":"purchasable","22":"product-type-simple"},"uagb_featured_image_src":{"full":["https:\/\/florsivioles.marketingempresas.es\/wp-content\/uploads\/2022\/11\/Chocolate-vegano-con-Galletas-de-Cacao-Bio.jpg",960,540,false],"thumbnail":["https:\/\/florsivioles.marketingempresas.es\/wp-content\/uploads\/2022\/11\/Chocolate-vegano-con-Galletas-de-Cacao-Bio-150x84.jpg",150,84,true],"medium":["https:\/\/florsivioles.marketingempresas.es\/wp-content\/uploads\/2022\/11\/Chocolate-vegano-con-Galletas-de-Cacao-Bio-364x205.jpg",364,205,true],"medium_large":["https:\/\/florsivioles.marketingempresas.es\/wp-content\/uploads\/2022\/11\/Chocolate-vegano-con-Galletas-de-Cacao-Bio-768x432.jpg",768,432,true],"large":["https:\/\/florsivioles.marketingempresas.es\/wp-content\/uploads\/2022\/11\/Chocolate-vegano-con-Galletas-de-Cacao-Bio.jpg",960,540,false],"1536x1536":["https:\/\/florsivioles.marketingempresas.es\/wp-content\/uploads\/2022\/11\/Chocolate-vegano-con-Galletas-de-Cacao-Bio.jpg",960,540,false],"2048x2048":["https:\/\/florsivioles.marketingempresas.es\/wp-content\/uploads\/2022\/11\/Chocolate-vegano-con-Galletas-de-Cacao-Bio.jpg",960,540,false],"trp-custom-language-flag":["https:\/\/florsivioles.marketingempresas.es\/wp-content\/uploads\/2022\/11\/Chocolate-vegano-con-Galletas-de-Cacao-Bio-18x10.jpg",18,10,true],"woocommerce_thumbnail":["https:\/\/florsivioles.marketingempresas.es\/wp-content\/uploads\/2022\/11\/Chocolate-vegano-con-Galletas-de-Cacao-Bio-260x260.jpg",260,260,true],"woocommerce_single":["https:\/\/florsivioles.marketingempresas.es\/wp-content\/uploads\/2022\/11\/Chocolate-vegano-con-Galletas-de-Cacao-Bio-360x203.jpg",360,203,true],"woocommerce_gallery_thumbnail":["https:\/\/florsivioles.marketingempresas.es\/wp-content\/uploads\/2022\/11\/Chocolate-vegano-con-Galletas-de-Cacao-Bio-100x100.jpg",100,100,true]},"uagb_author_info":{"display_name":"Christian Roig Brown","author_link":"https:\/\/florsivioles.marketingempresas.es\/en\/author\/"},"uagb_comment_info":0,"uagb_excerpt":"Caja de 80 gr.","_links":{"self":[{"href":"https:\/\/florsivioles.marketingempresas.es\/en\/wp-json\/wp\/v2\/product\/6199","targetHints":{"allow":["GET"]}}],"collection":[{"href":"https:\/\/florsivioles.marketingempresas.es\/en\/wp-json\/wp\/v2\/product"}],"about":[{"href":"https:\/\/florsivioles.marketingempresas.es\/en\/wp-json\/wp\/v2\/types\/product"}],"wp:featuredmedia":[{"embeddable":true,"href":"https:\/\/florsivioles.marketingempresas.es\/en\/wp-json\/wp\/v2\/media\/6315"}],"wp:attachment":[{"href":"https:\/\/florsivioles.marketingempresas.es\/en\/wp-json\/wp\/v2\/media?parent=6199"}],"wp:term":[{"taxonomy":"product_brand","embeddable":true,"href":"https:\/\/florsivioles.marketingempresas.es\/en\/wp-json\/wp\/v2\/product_brand?post=6199"},{"taxonomy":"product_cat","embeddable":true,"href":"https:\/\/florsivioles.marketingempresas.es\/en\/wp-json\/wp\/v2\/product_cat?post=6199"},{"taxonomy":"product_tag","embeddable":true,"href":"https:\/\/florsivioles.marketingempresas.es\/en\/wp-json\/wp\/v2\/product_tag?post=6199"},{"taxonomy":"receta","embeddable":true,"href":"https:\/\/florsivioles.marketingempresas.es\/en\/wp-json\/wp\/v2\/taxonomy\/receta?post=6199"}],"curies":[{"name":"wp","href":"https:\/\/api.w.org\/{rel}","templated":true}]}}