{"id":6171,"date":"2022-11-23T08:30:58","date_gmt":"2022-11-23T07:30:58","guid":{"rendered":"https:\/\/florsivioles.marketingempresas.es\/?post_type=product&#038;p=6171"},"modified":"2023-11-16T11:56:44","modified_gmt":"2023-11-16T10:56:44","slug":"muesli-con-frutos-del-bosque-bio","status":"publish","type":"product","link":"https:\/\/florsivioles.marketingempresas.es\/en\/product\/muesli-con-frutos-del-bosque-bio\/","title":{"rendered":"Bio Muesli with Forest Fruits"},"content":{"rendered":"<p>Muesli con Frutos del Bosque B\u00edo es una mezcla de copos de avena sin gluten, frutos rojos y pasas procedentes de agricultura ecol\u00f3gica. Una combinaci\u00f3n \u00fanica de texturas y sabores perfecta para acompa\u00f1ar tus desayunos. Con un alto contenido en fibra, este muesli es apto para veganos. Envasado en atm\u00f3sfera protegida para conservar todos sus nutrientes. \u00a1Ahora en envase 100% compostable!<\/p>\n<p>&nbsp;<\/p>\n<h2>Ingredientes<\/h2>\n<p>Copos de avena sin gluten*, frutos del bosque* (6,1%) [ar\u00e1ndanos* (ar\u00e1ndanos*, concentrado de zumo de manzana*, aceite de girasol*), fresa liofilizada*, polvo de mora liofilizada*, polvo de fresa liofilizada*]. *<strong>de agricultura ecol\u00f3gica.<\/strong><\/p>\n<div class=\"product-alergenos\"><strong>Al\u00e9rgenos: <\/strong>SIN GLUTEN. Puede contener trazas de frutos de c\u00e1scara.<\/div>\n<div class=\"product-bio_text\"><\/div>","protected":false},"excerpt":{"rendered":"<p>350gr package<\/p>","protected":false},"featured_media":6603,"template":"","meta":{"_uag_custom_page_level_css":""},"product_brand":[],"product_cat":[544,27,1550,1209],"product_tag":[1124,633,1122,921,1121,1125,443,1123,1017],"taxonomy\/receta":[],"class_list":{"0":"post-6171","1":"product","2":"type-product","3":"status-publish","4":"has-post-thumbnail","6":"product_cat-muesli-galletas-chocolates-bio","7":"product_cat-bio","8":"product_cat-dulces-y-salados-bio","9":"product_cat-sin-gluten-bio","10":"product_tag-delivery-of-bio-products-in-ibiza","11":"product_tag-desayuno-saludable","12":"product_tag-desayunos-healthy","13":"product_tag-gluten-free","14":"product_tag-muesli-con-frutos-del-bosque-bio","15":"product_tag-organic-breakfast","16":"product_tag-sin-gluten","17":"product_tag-sin-gluten-gluten-free","18":"product_tag-vegan","19":"product_shipping_class-envio-gratuito","21":"first","22":"instock","23":"taxable","24":"shipping-taxable","25":"purchasable","26":"product-type-simple"},"uagb_featured_image_src":{"full":["https:\/\/florsivioles.marketingempresas.es\/wp-content\/uploads\/2022\/11\/Muesli-con-Frutos-del-Bosque-Bio-Flors-i-Violes.jpg",640,554,false],"thumbnail":["https:\/\/florsivioles.marketingempresas.es\/wp-content\/uploads\/2022\/11\/Muesli-con-Frutos-del-Bosque-Bio-Flors-i-Violes-150x130.jpg",150,130,true],"medium":["https:\/\/florsivioles.marketingempresas.es\/wp-content\/uploads\/2022\/11\/Muesli-con-Frutos-del-Bosque-Bio-Flors-i-Violes-364x315.jpg",364,315,true],"medium_large":["https:\/\/florsivioles.marketingempresas.es\/wp-content\/uploads\/2022\/11\/Muesli-con-Frutos-del-Bosque-Bio-Flors-i-Violes.jpg",640,554,false],"large":["https:\/\/florsivioles.marketingempresas.es\/wp-content\/uploads\/2022\/11\/Muesli-con-Frutos-del-Bosque-Bio-Flors-i-Violes.jpg",640,554,false],"1536x1536":["https:\/\/florsivioles.marketingempresas.es\/wp-content\/uploads\/2022\/11\/Muesli-con-Frutos-del-Bosque-Bio-Flors-i-Violes.jpg",640,554,false],"2048x2048":["https:\/\/florsivioles.marketingempresas.es\/wp-content\/uploads\/2022\/11\/Muesli-con-Frutos-del-Bosque-Bio-Flors-i-Violes.jpg",640,554,false],"trp-custom-language-flag":["https:\/\/florsivioles.marketingempresas.es\/wp-content\/uploads\/2022\/11\/Muesli-con-Frutos-del-Bosque-Bio-Flors-i-Violes-14x12.jpg",14,12,true],"woocommerce_thumbnail":["https:\/\/florsivioles.marketingempresas.es\/wp-content\/uploads\/2022\/11\/Muesli-con-Frutos-del-Bosque-Bio-Flors-i-Violes-260x260.jpg",260,260,true],"woocommerce_single":["https:\/\/florsivioles.marketingempresas.es\/wp-content\/uploads\/2022\/11\/Muesli-con-Frutos-del-Bosque-Bio-Flors-i-Violes-360x312.jpg",360,312,true],"woocommerce_gallery_thumbnail":["https:\/\/florsivioles.marketingempresas.es\/wp-content\/uploads\/2022\/11\/Muesli-con-Frutos-del-Bosque-Bio-Flors-i-Violes-100x100.jpg",100,100,true]},"uagb_author_info":{"display_name":"Christian Roig Brown","author_link":"https:\/\/florsivioles.marketingempresas.es\/en\/author\/"},"uagb_comment_info":0,"uagb_excerpt":"Paquete de 350 gr.","_links":{"self":[{"href":"https:\/\/florsivioles.marketingempresas.es\/en\/wp-json\/wp\/v2\/product\/6171","targetHints":{"allow":["GET"]}}],"collection":[{"href":"https:\/\/florsivioles.marketingempresas.es\/en\/wp-json\/wp\/v2\/product"}],"about":[{"href":"https:\/\/florsivioles.marketingempresas.es\/en\/wp-json\/wp\/v2\/types\/product"}],"wp:featuredmedia":[{"embeddable":true,"href":"https:\/\/florsivioles.marketingempresas.es\/en\/wp-json\/wp\/v2\/media\/6603"}],"wp:attachment":[{"href":"https:\/\/florsivioles.marketingempresas.es\/en\/wp-json\/wp\/v2\/media?parent=6171"}],"wp:term":[{"taxonomy":"product_brand","embeddable":true,"href":"https:\/\/florsivioles.marketingempresas.es\/en\/wp-json\/wp\/v2\/product_brand?post=6171"},{"taxonomy":"product_cat","embeddable":true,"href":"https:\/\/florsivioles.marketingempresas.es\/en\/wp-json\/wp\/v2\/product_cat?post=6171"},{"taxonomy":"product_tag","embeddable":true,"href":"https:\/\/florsivioles.marketingempresas.es\/en\/wp-json\/wp\/v2\/product_tag?post=6171"},{"taxonomy":"receta","embeddable":true,"href":"https:\/\/florsivioles.marketingempresas.es\/en\/wp-json\/wp\/v2\/taxonomy\/receta?post=6171"}],"curies":[{"name":"wp","href":"https:\/\/api.w.org\/{rel}","templated":true}]}}