{"id":6168,"date":"2022-11-23T08:20:29","date_gmt":"2022-11-23T07:20:29","guid":{"rendered":"https:\/\/florsivioles.marketingempresas.es\/?post_type=product&#038;p=6168"},"modified":"2023-11-16T11:56:54","modified_gmt":"2023-11-16T10:56:54","slug":"muesli-original-bio","status":"publish","type":"product","link":"https:\/\/florsivioles.marketingempresas.es\/en\/product\/muesli-original-bio\/","title":{"rendered":"Bio Original Muesli"},"content":{"rendered":"<p>Muesli original B\u00edo sin gluten elaborado a base de copos de avena sin gluten, pasas y semillas de cultivo ecol\u00f3gico. Con un alto contenido en fibra, este muesli es ideal para tomar como desayuno acompa\u00f1ado de bebida vegetal, yogurt vegetal o zumos de frutas. Apto para veganos. Envasado en atm\u00f3sfera protegida para conservar todos sus nutrientes. \u00a1Ahora en envase 100% compostable!<\/p>\n<p>&nbsp;<\/p>\n<h2>Ingredientes<\/h2>\n<p>Copos de avena sin gluten*, pasas* (pasas*, aceite de girasol*), semillas de girasol*, semillas de calabaza*.<\/p>\n<div class=\"product-alergenos\"><strong>Al\u00e9rgenos: <\/strong>Sin gluten. puede contener trazas de frutos de c\u00e1scara.<\/div>\n<div><\/div>\n<div class=\"product-bio_text\"><strong>* de agricultura ecol\u00f3gica<\/strong><\/div>","protected":false},"excerpt":{"rendered":"<p>350gr package<\/p>","protected":false},"featured_media":6604,"template":"","meta":{"_uag_custom_page_level_css":""},"product_brand":[],"product_cat":[544,27,1550,1209],"product_tag":[1117,633,921,1116,1115,223,71,1118,443,1119,1017],"taxonomy\/receta":[],"class_list":{"0":"post-6168","1":"product","2":"type-product","3":"status-publish","4":"has-post-thumbnail","6":"product_cat-muesli-galletas-chocolates-bio","7":"product_cat-bio","8":"product_cat-dulces-y-salados-bio","9":"product_cat-sin-gluten-bio","10":"product_tag-desayuno-bio","11":"product_tag-desayuno-saludable","12":"product_tag-gluten-free","13":"product_tag-healthy-breakfast","14":"product_tag-muesli-original-bio","15":"product_tag-organic-products-in-ibiza","16":"product_tag-productos-bio-en-ibiza","17":"product_tag-productos-sanos-en-ibiza","18":"product_tag-sin-gluten","19":"product_tag-tienda-ecologica-en-ibiza","20":"product_tag-vegan","21":"product_shipping_class-envio-gratuito","23":"first","24":"instock","25":"taxable","26":"shipping-taxable","27":"purchasable","28":"product-type-simple"},"uagb_featured_image_src":{"full":["https:\/\/florsivioles.marketingempresas.es\/wp-content\/uploads\/2022\/11\/Muesli-original-Bio-Flors-i-Violes.jpg",640,554,false],"thumbnail":["https:\/\/florsivioles.marketingempresas.es\/wp-content\/uploads\/2022\/11\/Muesli-original-Bio-Flors-i-Violes-150x130.jpg",150,130,true],"medium":["https:\/\/florsivioles.marketingempresas.es\/wp-content\/uploads\/2022\/11\/Muesli-original-Bio-Flors-i-Violes-364x315.jpg",364,315,true],"medium_large":["https:\/\/florsivioles.marketingempresas.es\/wp-content\/uploads\/2022\/11\/Muesli-original-Bio-Flors-i-Violes.jpg",640,554,false],"large":["https:\/\/florsivioles.marketingempresas.es\/wp-content\/uploads\/2022\/11\/Muesli-original-Bio-Flors-i-Violes.jpg",640,554,false],"1536x1536":["https:\/\/florsivioles.marketingempresas.es\/wp-content\/uploads\/2022\/11\/Muesli-original-Bio-Flors-i-Violes.jpg",640,554,false],"2048x2048":["https:\/\/florsivioles.marketingempresas.es\/wp-content\/uploads\/2022\/11\/Muesli-original-Bio-Flors-i-Violes.jpg",640,554,false],"trp-custom-language-flag":["https:\/\/florsivioles.marketingempresas.es\/wp-content\/uploads\/2022\/11\/Muesli-original-Bio-Flors-i-Violes-14x12.jpg",14,12,true],"woocommerce_thumbnail":["https:\/\/florsivioles.marketingempresas.es\/wp-content\/uploads\/2022\/11\/Muesli-original-Bio-Flors-i-Violes-260x260.jpg",260,260,true],"woocommerce_single":["https:\/\/florsivioles.marketingempresas.es\/wp-content\/uploads\/2022\/11\/Muesli-original-Bio-Flors-i-Violes-360x312.jpg",360,312,true],"woocommerce_gallery_thumbnail":["https:\/\/florsivioles.marketingempresas.es\/wp-content\/uploads\/2022\/11\/Muesli-original-Bio-Flors-i-Violes-100x100.jpg",100,100,true]},"uagb_author_info":{"display_name":"Christian Roig Brown","author_link":"https:\/\/florsivioles.marketingempresas.es\/en\/author\/"},"uagb_comment_info":0,"uagb_excerpt":"Paquete de 350 gr.","_links":{"self":[{"href":"https:\/\/florsivioles.marketingempresas.es\/en\/wp-json\/wp\/v2\/product\/6168","targetHints":{"allow":["GET"]}}],"collection":[{"href":"https:\/\/florsivioles.marketingempresas.es\/en\/wp-json\/wp\/v2\/product"}],"about":[{"href":"https:\/\/florsivioles.marketingempresas.es\/en\/wp-json\/wp\/v2\/types\/product"}],"wp:featuredmedia":[{"embeddable":true,"href":"https:\/\/florsivioles.marketingempresas.es\/en\/wp-json\/wp\/v2\/media\/6604"}],"wp:attachment":[{"href":"https:\/\/florsivioles.marketingempresas.es\/en\/wp-json\/wp\/v2\/media?parent=6168"}],"wp:term":[{"taxonomy":"product_brand","embeddable":true,"href":"https:\/\/florsivioles.marketingempresas.es\/en\/wp-json\/wp\/v2\/product_brand?post=6168"},{"taxonomy":"product_cat","embeddable":true,"href":"https:\/\/florsivioles.marketingempresas.es\/en\/wp-json\/wp\/v2\/product_cat?post=6168"},{"taxonomy":"product_tag","embeddable":true,"href":"https:\/\/florsivioles.marketingempresas.es\/en\/wp-json\/wp\/v2\/product_tag?post=6168"},{"taxonomy":"receta","embeddable":true,"href":"https:\/\/florsivioles.marketingempresas.es\/en\/wp-json\/wp\/v2\/taxonomy\/receta?post=6168"}],"curies":[{"name":"wp","href":"https:\/\/api.w.org\/{rel}","templated":true}]}}